{"id":6246,"date":"2025-08-13T17:44:36","date_gmt":"2025-08-13T20:44:36","guid":{"rendered":"https:\/\/strokebeyondborders.org\/latam\/recertification\/"},"modified":"2026-03-25T11:10:04","modified_gmt":"2026-03-25T14:10:04","slug":"recertification","status":"publish","type":"page","link":"https:\/\/strokebeyondborders.org\/en\/certification\/latam\/recertification\/","title":{"rendered":"Recertification"},"content":{"rendered":"\t\t<div data-elementor-type=\"wp-page\" data-elementor-id=\"6246\" class=\"elementor elementor-6246 elementor-4822\" data-elementor-post-type=\"page\">\n\t\t\t\t<div class=\"elementor-element elementor-element-f42496d e-flex e-con-boxed e-con e-parent\" data-id=\"f42496d\" data-element_type=\"container\" data-e-type=\"container\">\n\t\t\t\t\t<div class=\"e-con-inner\">\n\t\t<div class=\"elementor-element elementor-element-ddba42d e-con-full e-flex e-con e-child\" data-id=\"ddba42d\" data-element_type=\"container\" data-e-type=\"container\">\n\t\t<div class=\"elementor-element elementor-element-6a6dae1 e-con-full e-flex e-con e-child\" data-id=\"6a6dae1\" data-element_type=\"container\" data-e-type=\"container\">\n\t\t<div class=\"elementor-element elementor-element-f4e3243 e-con-full e-flex e-con e-child\" data-id=\"f4e3243\" data-element_type=\"container\" data-e-type=\"container\">\n\t\t\t\t<div class=\"elementor-element elementor-element-bce665d elementor-widget elementor-widget-image\" data-id=\"bce665d\" data-element_type=\"widget\" data-e-type=\"widget\" data-widget_type=\"image.default\">\n\t\t\t\t<div class=\"elementor-widget-container\">\n\t\t\t\t\t\t\t\t\t\t\t\t\t\t\t<img fetchpriority=\"high\" decoding=\"async\" width=\"585\" height=\"585\" src=\"https:\/\/strokebeyondborders.org\/wp-content\/uploads\/2026\/01\/Stroke-Center-Certification-1.png\" class=\"attachment-full size-full wp-image-6183\" alt=\"\" \/>\t\t\t\t\t\t\t\t\t\t\t\t\t\t\t<\/div>\n\t\t\t\t<\/div>\n\t\t<div class=\"elementor-element elementor-element-ae2d412 e-con-full e-flex e-con e-child\" data-id=\"ae2d412\" data-element_type=\"container\" data-e-type=\"container\">\n\t\t\t\t<div class=\"elementor-element elementor-element-22ae7fc elementor-widget elementor-widget-heading\" data-id=\"22ae7fc\" data-element_type=\"widget\" data-e-type=\"widget\" data-widget_type=\"heading.default\">\n\t\t\t\t<div class=\"elementor-widget-container\">\n\t\t\t\t\t<h2 class=\"elementor-heading-title elementor-size-default\">Recertification of Stroke Centers<br>in Latin America WSO\/SIECV\u200b<\/h2>\t\t\t\t<\/div>\n\t\t\t\t<\/div>\n\t\t\t\t<\/div>\n\t\t\t\t<\/div>\n\t\t\t\t<div class=\"elementor-element elementor-element-541c6d8 elementor-widget elementor-widget-text-editor\" data-id=\"541c6d8\" data-element_type=\"widget\" data-e-type=\"widget\" data-widget_type=\"text-editor.default\">\n\t\t\t\t<div class=\"elementor-widget-container\">\n\t\t\t\t\t\t\t\t\t<p>At the conclusion of 2 (two) years since the Certification of the Center of WSO\/SIECV Program, we hope that throughout this time the quality of care based on the best available evidence and continuous improvement have been the constant during daily clinical practice. The Centers must continue to meet 100% of the mandatory criteria and at least 85% of the recommended criteria to apply for recertification.<\/p>\t\t\t\t\t\t\t\t<\/div>\n\t\t\t\t<\/div>\n\t\t\t\t<div class=\"elementor-element elementor-element-990280a elementor-widget elementor-widget-text-editor\" data-id=\"990280a\" data-element_type=\"widget\" data-e-type=\"widget\" data-widget_type=\"text-editor.default\">\n\t\t\t\t<div class=\"elementor-widget-container\">\n\t\t\t\t\t\t\t\t\t<p><b>Recertification Steps:<\/b><br>Fill out the application form for Recertification available in the Center&#8217;s environment that is located on the program&#8217;s platform by entering your username and password.<\/p><p>Once the form is filled out and you are eligible for Recertification (the system will inform you of its status and results), you will be able to attach the corresponding documentation, which is described below. You must fill out the document &#8220;Register of Quality Indicators&#8221; with the data corresponding to the two immediately preceding years (they must be filled out separately, with the data for each year).<br>Attach the necessary information to verify the implementation of strategies to comply with the suggestions and indications given during the initial certification process (contemplated in the &#8220;Visit Report&#8221; document) sent to each center. <\/p><p>The documents submitted and the quality indicators will be presented during a meeting of the Evaluation Committee, who will define if the center is suitable to be Recertified or if it is necessary to attach additional information. Likewise, the Committee will decide the need to conduct a new visit or whether recertification can be granted based on the information provided and the findings of the first visit.<\/p>\t\t\t\t\t\t\t\t<\/div>\n\t\t\t\t<\/div>\n\t\t\t\t<div class=\"elementor-element elementor-element-e6f96d1 elementor-widget elementor-widget-heading\" data-id=\"e6f96d1\" data-element_type=\"widget\" data-e-type=\"widget\" data-widget_type=\"heading.default\">\n\t\t\t\t<div class=\"elementor-widget-container\">\n\t\t\t\t\t<h2 class=\"elementor-heading-title elementor-size-default\">Fundamental Requirements<\/h2>\t\t\t\t<\/div>\n\t\t\t\t<\/div>\n\t\t\t\t<div class=\"elementor-element elementor-element-058b060 elementor-widget elementor-widget-text-editor\" data-id=\"058b060\" data-element_type=\"widget\" data-e-type=\"widget\" data-widget_type=\"text-editor.default\">\n\t\t\t\t<div class=\"elementor-widget-container\">\n\t\t\t\t\t\t\t\t\t<p>\u00b7 Centers must have 100% of the mandatory criteria and 85% of the recommended criteria (to know their current status, please use the Self-Assessment tool).<br>\u00b7 Update of Certificates (NIHSS and modified Rankin scales).<br>\u00b7 Update of training for the care team in general.<br>\u00b7 Update of the Care Protocol.<br>\u00b7 Up-to-date registration in one of the international or national platforms recognized for the registration of quality indicators (RES-Q, SITS, NORA Registry, National Registry). Local own registrations will not be accepted.<br>\u00b7 In case of changes in the infrastructure and\/or material, human and documentary resources, this documentation must be attached.<br>\u00b7 Advanced Centers must have a geographically defined area (exclusive or mixed) for the care of patients with stroke (Stroke Unit).<br>\u00b7 Evaluate the suggestions and indications reported in the \u201cVisit Report\u201d document and provide support for the strategies implemented to solve the difficulties identified during the certification process.<br>\u00b7 Finally, centers that have been certified as Essential and have the necessary resources to apply as Advanced, will be able to start the process at any time they wish.<\/p>\t\t\t\t\t\t\t\t<\/div>\n\t\t\t\t<\/div>\n\t\t\t\t<div class=\"elementor-element elementor-element-34f27a9 elementor-widget elementor-widget-heading\" data-id=\"34f27a9\" data-element_type=\"widget\" data-e-type=\"widget\" data-widget_type=\"heading.default\">\n\t\t\t\t<div class=\"elementor-widget-container\">\n\t\t\t\t\t<h2 class=\"elementor-heading-title elementor-size-default\">Basic Requirements<\/h2>\t\t\t\t<\/div>\n\t\t\t\t<\/div>\n\t\t\t\t<div class=\"elementor-element elementor-element-8fb59fb elementor-widget elementor-widget-text-editor\" data-id=\"8fb59fb\" data-element_type=\"widget\" data-e-type=\"widget\" data-widget_type=\"text-editor.default\">\n\t\t\t\t<div class=\"elementor-widget-container\">\n\t\t\t\t\t\t\t\t\t<p>The centers must have the certifications and up-to-date training of all the professionals involved in the care of patients with Cerebrovascular Attack, maintaining the same demands and intensity of the initial certification process:<br>Neurologists: Certified in NIHSS and modified Rankin scale valid for no less than 2 years.<br>Nurse Leader for each area of care: Certified in NIHSS valid for no less than 2 years.<br>Professional in charge of recording quality indicators: Certificate in modified Rankin scale valid for no more than 2 years.<br>Emergency Nursing Staff: Training in the role of nursing in the care of patients with stroke in its hyperacute and acute phases (hourly intensity of no less than 2 hours\/year).<br>Nursing staff in general (Stroke Unit, Intensive \/ Intermediate Care Unit, general hospitalization): Training in the care of hospitalized patients with stroke (hourly intensity of no less than 4h\/year).<br>Suggested topics: Rating scales (NIHSS, mRankin, BARTHEL, etc.), swallowing, and nutrition, temperature and vital signs control, glycemic control, mobilization, secondary prevention, anticoagulation protocol, physiological eliminations, etc.<\/p><p>Emergency Physicians: Training in the care of patients with stroke (hourly intensity of no less than 4 hours\/year).<br>Suggested topics: Early and timely recognition of the patient with stroke, Activation of the stroke code, Care protocol, Acute assessment scales (NIHSS and modified Rankin), Neuroimaging protocol and interpretation, care pathway, intravenous thrombolysis, mechanical thrombectomy, pre, intra and post thrombolysis care, dysphagia evaluation, etc.<br>Doctors of the Stroke Unit, Angiosuite, Intensive or Intermediate Unit: Training in the care of patients with stroke (hourly intensity of no less than 8 hours\/year).<br>Suggested topics: Early and timely recognition of stroke patients, Stroke code activation, Care protocol, Neuroimaging protocol and interpretation, care pathway, intravenous thrombolysis, mechanical thrombectomy, pre, intra and post thrombolysis care, secondary prevention of ischemic stroke, blood pressure management in patients with cerebrovascular disease, etiological investigation, timely rehabilitation, among others.<br>Physiotherapy, Occupational Therapy and Rehabilitation in general: Training in the care of patients with stroke (hourly intensity of no less than 4 hours\/year).<br>Suggested topics: Rehabilitation protocol for patients with cerebrovascular disease, evaluation scales, rehabilitation planning, among others.<br>Centers that have modified the Acute Care Protocol or updated their clinical practice guidelines must attach the new document.<br>Up-to-date general care protocols.<br>In the event of changes in infrastructure and material, human and documentary resources, these must be annexed.<br>Strategies to continuously improve the quality of care.<br>List of attendances to periodic meetings of the Stroke program.<\/p>\t\t\t\t\t\t\t\t<\/div>\n\t\t\t\t<\/div>\n\t\t\t\t<div class=\"elementor-element elementor-element-573b4f9 elementor-widget elementor-widget-heading\" data-id=\"573b4f9\" data-element_type=\"widget\" data-e-type=\"widget\" data-widget_type=\"heading.default\">\n\t\t\t\t<div class=\"elementor-widget-container\">\n\t\t\t\t\t<h2 class=\"elementor-heading-title elementor-size-default\">Additional Requirements<\/h2>\t\t\t\t<\/div>\n\t\t\t\t<\/div>\n\t\t\t\t<div class=\"elementor-element elementor-element-e34bf9b elementor-widget elementor-widget-text-editor\" data-id=\"e34bf9b\" data-element_type=\"widget\" data-e-type=\"widget\" data-widget_type=\"text-editor.default\">\n\t\t\t\t<div class=\"elementor-widget-container\">\n\t\t\t\t\t\t\t\t\t<p>In addition to the mandatory requirements that are available in the registration form, the following recommendations will be taken into account:<\/p><p>The Certified Center must have updated the register of quality indicators on an external platform (RES-Q, SITS, NORA registry, Recognized National Registry), regardless of the certification category.<br>Advanced Centers must have a geographically defined area (exclusive or not) for the care of patients with acute stroke (Stroke Unit).<br>The Center must have a Lead Neurologist for the care of patients with cerebrovascular disease.<br>Demonstrate implemented strategies and data demonstrating improvement in the number of patients undergoing acute reperfusion therapies (thrombolysis or mechanical thrombectomy) for those Essential and Advanced centers that did not meet the minimum number of suggested annual cases.<br>Centers that do not comply with the minimum number of thrombolysis must demonstrate with greater veracity and compliance the organization of the service and that all eligible patients are being treated, corroborating that the low number of thrombolysis and\/or thrombectomy is due to reasons over which the center has no influence.<br>The Advanced Center must have the availability of the Neurology service in full time (face-to-face or remotely) for decision-making in the hyperacute phase of the stroke patient.<\/p>\t\t\t\t\t\t\t\t<\/div>\n\t\t\t\t<\/div>\n\t\t\t\t<\/div>\n\t\t\t\t<\/div>\n\t\t\t\t\t<\/div>\n\t\t\t\t<\/div>\n\t\t<div class=\"elementor-element elementor-element-2ef90ca e-con-full e-flex e-con e-parent\" data-id=\"2ef90ca\" data-element_type=\"container\" data-e-type=\"container\">\n\t\t\t\t<div class=\"elementor-element elementor-element-78df0ed elementor-widget elementor-widget-template\" data-id=\"78df0ed\" data-element_type=\"widget\" data-e-type=\"widget\" data-widget_type=\"template.default\">\n\t\t\t\t<div class=\"elementor-widget-container\">\n\t\t\t\t\t\t\t<div class=\"elementor-template\">\n\t\t\t\t\t<div data-elementor-type=\"section\" data-elementor-id=\"4531\" class=\"elementor elementor-4531\" data-elementor-post-type=\"elementor_library\">\n\t\t\t<div class=\"elementor-element elementor-element-31142af e-flex e-con-boxed e-con e-parent\" data-id=\"31142af\" data-element_type=\"container\" data-e-type=\"container\">\n\t\t\t\t\t<div class=\"e-con-inner\">\n\t\t<div class=\"elementor-element elementor-element-e78c093 e-con-full e-flex e-con e-child\" data-id=\"e78c093\" data-element_type=\"container\" data-e-type=\"container\">\n\t\t\t\t<div class=\"elementor-element elementor-element-6e89b57 elementor-widget elementor-widget-heading\" data-id=\"6e89b57\" data-element_type=\"widget\" data-e-type=\"widget\" data-widget_type=\"heading.default\">\n\t\t\t\t<div class=\"elementor-widget-container\">\n\t\t\t\t\t<h2 class=\"elementor-heading-title elementor-size-default\">Organiza\u00e7\u00e3o<\/h2>\t\t\t\t<\/div>\n\t\t\t\t<\/div>\n\t\t<div class=\"elementor-element elementor-element-9db3e62 e-con-full e-flex e-con e-child\" data-id=\"9db3e62\" data-element_type=\"container\" data-e-type=\"container\">\n\t\t\t\t<div class=\"elementor-element elementor-element-f22c62e elementor-widget__width-auto elementor-widget elementor-widget-image\" data-id=\"f22c62e\" data-element_type=\"widget\" data-e-type=\"widget\" data-widget_type=\"image.default\">\n\t\t\t\t<div class=\"elementor-widget-container\">\n\t\t\t\t\t\t\t\t\t\t\t\t\t\t\t\t<a href=\"https:\/\/www.world-stroke.org\/\" target=\"_blank\">\n\t\t\t\t\t\t\t<img decoding=\"async\" src=\"https:\/\/strokebeyondborders.org\/wp-content\/uploads\/elementor\/thumbs\/wso01-ra7eoayyb8z2v9zvcvtp9qfu1n14w11q112h5wtngg.png\" title=\"wso01.png\" alt=\"wso01.png\" loading=\"lazy\" \/>\t\t\t\t\t\t\t\t<\/a>\n\t\t\t\t\t\t\t\t\t\t\t\t\t\t\t<\/div>\n\t\t\t\t<\/div>\n\t\t\t\t<div class=\"elementor-element elementor-element-27557d9 elementor-widget__width-auto elementor-widget elementor-widget-image\" data-id=\"27557d9\" data-element_type=\"widget\" data-e-type=\"widget\" data-widget_type=\"image.default\">\n\t\t\t\t<div class=\"elementor-widget-container\">\n\t\t\t\t\t\t\t\t\t\t\t\t\t\t\t<img decoding=\"async\" src=\"https:\/\/strokebeyondborders.org\/wp-content\/uploads\/elementor\/thumbs\/siecv01-ra7eobwsi30d6vyi7e8bu87an0wi3q5gd5pyn6s9a8.png\" title=\"siecv01.png\" alt=\"siecv01.png\" loading=\"lazy\" \/>\t\t\t\t\t\t\t\t\t\t\t\t\t\t\t<\/div>\n\t\t\t\t<\/div>\n\t\t\t\t<\/div>\n\t\t\t\t<\/div>\n\t\t<div class=\"elementor-element elementor-element-9d124ae e-con-full e-flex e-con e-child\" data-id=\"9d124ae\" data-element_type=\"container\" data-e-type=\"container\">\n\t\t\t\t<div class=\"elementor-element elementor-element-a11166d elementor-widget elementor-widget-heading\" data-id=\"a11166d\" data-element_type=\"widget\" data-e-type=\"widget\" data-widget_type=\"heading.default\">\n\t\t\t\t<div class=\"elementor-widget-container\">\n\t\t\t\t\t<h2 class=\"elementor-heading-title elementor-size-default\">Colaboradores<\/h2>\t\t\t\t<\/div>\n\t\t\t\t<\/div>\n\t\t<div class=\"elementor-element elementor-element-af56df2 e-con-full e-flex e-con e-child\" data-id=\"af56df2\" data-element_type=\"container\" data-e-type=\"container\">\n\t\t\t\t<div class=\"elementor-element elementor-element-04f8285 elementor-widget__width-auto elementor-widget elementor-widget-image\" data-id=\"04f8285\" data-element_type=\"widget\" data-e-type=\"widget\" data-widget_type=\"image.default\">\n\t\t\t\t<div class=\"elementor-widget-container\">\n\t\t\t\t\t\t\t\t\t\t\t\t\t\t\t\t<a href=\"https:\/\/missionthrombectomy2020.org\/\" target=\"_blank\">\n\t\t\t\t\t\t\t<img decoding=\"async\" src=\"https:\/\/strokebeyondborders.org\/wp-content\/uploads\/elementor\/thumbs\/mt202001-ra7eobwsi30d6vyi7e8bu87an0wi3q5gd5pyn6s9a8.png\" title=\"mt202001.png\" alt=\"mt202001.png\" loading=\"lazy\" \/>\t\t\t\t\t\t\t\t<\/a>\n\t\t\t\t\t\t\t\t\t\t\t\t\t\t\t<\/div>\n\t\t\t\t<\/div>\n\t\t\t\t<div class=\"elementor-element elementor-element-7d20bab elementor-widget__width-auto elementor-widget elementor-widget-image\" data-id=\"7d20bab\" data-element_type=\"widget\" data-e-type=\"widget\" data-widget_type=\"image.default\">\n\t\t\t\t<div class=\"elementor-widget-container\">\n\t\t\t\t\t\t\t\t\t\t\t\t\t\t\t\t<a href=\"https:\/\/www.svin.org\/\" target=\"_blank\">\n\t\t\t\t\t\t\t<img decoding=\"async\" src=\"https:\/\/strokebeyondborders.org\/wp-content\/uploads\/elementor\/thumbs\/svin01-ra7eobwsi30d6vyi7e8bu87an0wi3q5gd5pyn6s9a8.png\" title=\"svin01.png\" alt=\"svin01.png\" loading=\"lazy\" \/>\t\t\t\t\t\t\t\t<\/a>\n\t\t\t\t\t\t\t\t\t\t\t\t\t\t\t<\/div>\n\t\t\t\t<\/div>\n\t\t\t\t<\/div>\n\t\t\t\t<\/div>\n\t\t<div class=\"elementor-element elementor-element-099db2a e-con-full e-flex e-con e-child\" data-id=\"099db2a\" data-element_type=\"container\" data-e-type=\"container\">\n\t\t\t\t<div class=\"elementor-element elementor-element-bed9b39 elementor-widget elementor-widget-heading\" data-id=\"bed9b39\" data-element_type=\"widget\" data-e-type=\"widget\" data-widget_type=\"heading.default\">\n\t\t\t\t<div class=\"elementor-widget-container\">\n\t\t\t\t\t<h2 class=\"elementor-heading-title elementor-size-default\">Patrocinadores<\/h2>\t\t\t\t<\/div>\n\t\t\t\t<\/div>\n\t\t<div class=\"elementor-element elementor-element-b490efb e-con-full e-flex e-con e-child\" data-id=\"b490efb\" data-element_type=\"container\" data-e-type=\"container\">\n\t\t\t\t<div class=\"elementor-element elementor-element-69766c1 elementor-widget__width-initial elementor-widget elementor-widget-image\" data-id=\"69766c1\" data-element_type=\"widget\" data-e-type=\"widget\" data-widget_type=\"image.default\">\n\t\t\t\t<div class=\"elementor-widget-container\">\n\t\t\t\t\t\t\t\t\t\t\t\t\t\t\t\t<a href=\"https:\/\/www.boehringer-ingelheim.com.br\/\" target=\"_blank\">\n\t\t\t\t\t\t\t<img decoding=\"async\" src=\"https:\/\/strokebeyondborders.org\/wp-content\/uploads\/elementor\/thumbs\/boehringer01-ra7eocumox1nihx51wmyepyr8ervbf96padg4gqv40.png\" title=\"boehringer01.png\" alt=\"boehringer01.png\" loading=\"lazy\" \/>\t\t\t\t\t\t\t\t<\/a>\n\t\t\t\t\t\t\t\t\t\t\t\t\t\t\t<\/div>\n\t\t\t\t<\/div>\n\t\t\t\t<div class=\"elementor-element elementor-element-2870ebe elementor-widget__width-initial elementor-widget elementor-widget-image\" data-id=\"2870ebe\" data-element_type=\"widget\" data-e-type=\"widget\" data-widget_type=\"image.default\">\n\t\t\t\t<div class=\"elementor-widget-container\">\n\t\t\t\t\t\t\t\t\t\t\t\t\t\t\t<img decoding=\"async\" width=\"124\" height=\"90\" src=\"https:\/\/strokebeyondborders.org\/wp-content\/uploads\/2025\/08\/siemens.png\" class=\"attachment-full size-full wp-image-4540\" alt=\"\" \/>\t\t\t\t\t\t\t\t\t\t\t\t\t\t\t<\/div>\n\t\t\t\t<\/div>\n\t\t\t\t<div class=\"elementor-element elementor-element-a25c91c elementor-widget__width-initial elementor-widget elementor-widget-image\" data-id=\"a25c91c\" data-element_type=\"widget\" data-e-type=\"widget\" data-widget_type=\"image.default\">\n\t\t\t\t<div class=\"elementor-widget-container\">\n\t\t\t\t\t\t\t\t\t\t\t\t\t\t\t<img decoding=\"async\" width=\"180\" height=\"36\" src=\"https:\/\/strokebeyondborders.org\/wp-content\/uploads\/2025\/08\/Penumbra.png\" class=\"attachment-full size-full wp-image-4544\" alt=\"\" \/>\t\t\t\t\t\t\t\t\t\t\t\t\t\t\t<\/div>\n\t\t\t\t<\/div>\n\t\t\t\t<div class=\"elementor-element elementor-element-7430d9f elementor-widget__width-initial elementor-widget elementor-widget-image\" data-id=\"7430d9f\" data-element_type=\"widget\" data-e-type=\"widget\" data-widget_type=\"image.default\">\n\t\t\t\t<div class=\"elementor-widget-container\">\n\t\t\t\t\t\t\t\t\t\t\t\t\t\t\t<img loading=\"lazy\" decoding=\"async\" width=\"300\" height=\"46\" src=\"https:\/\/strokebeyondborders.org\/wp-content\/uploads\/2025\/08\/mdt_logo_white.png\" class=\"attachment-full size-full wp-image-4541\" alt=\"\" \/>\t\t\t\t\t\t\t\t\t\t\t\t\t\t\t<\/div>\n\t\t\t\t<\/div>\n\t\t\t\t<\/div>\n\t\t\t\t<\/div>\n\t\t\t\t\t<\/div>\n\t\t\t\t<\/div>\n\t\t\t\t<\/div>\n\t\t\t\t<\/div>\n\t\t\t\t\t\t<\/div>\n\t\t\t\t<\/div>\n\t\t\t\t<\/div>\n\t\t<div class=\"elementor-element elementor-element-ef2cfec e-con-full e-flex e-con e-parent\" data-id=\"ef2cfec\" data-element_type=\"container\" data-e-type=\"container\">\n\t\t\t\t<div class=\"elementor-element elementor-element-de9e0a0 elementor-widget elementor-widget-template\" data-id=\"de9e0a0\" data-element_type=\"widget\" data-e-type=\"widget\" data-widget_type=\"template.default\">\n\t\t\t\t<div class=\"elementor-widget-container\">\n\t\t\t\t\t\t\t<div class=\"elementor-template\">\n\t\t\t\t\t<div data-elementor-type=\"section\" data-elementor-id=\"4037\" class=\"elementor elementor-4037\" data-elementor-post-type=\"elementor_library\">\n\t\t\t<div class=\"elementor-element elementor-element-e290937 e-flex e-con-boxed e-con e-parent\" data-id=\"e290937\" data-element_type=\"container\" data-e-type=\"container\" data-settings=\"{&quot;background_background&quot;:&quot;classic&quot;}\">\n\t\t\t\t\t<div class=\"e-con-inner\">\n\t\t<div class=\"elementor-element elementor-element-7f0d839 e-con-full e-flex e-con e-child\" data-id=\"7f0d839\" data-element_type=\"container\" data-e-type=\"container\">\n\t\t\t\t<div class=\"elementor-element elementor-element-4114bfb elementor-widget elementor-widget-heading\" data-id=\"4114bfb\" data-element_type=\"widget\" data-e-type=\"widget\" data-widget_type=\"heading.default\">\n\t\t\t\t<div class=\"elementor-widget-container\">\n\t\t\t\t\t<h3 class=\"elementor-heading-title elementor-size-default\">Nossos parceiros e patrocinadores<\/h3>\t\t\t\t<\/div>\n\t\t\t\t<\/div>\n\t\t\t\t<div class=\"elementor-element elementor-element-bcbdbc0 elementor-widget elementor-widget-text-editor\" data-id=\"bcbdbc0\" data-element_type=\"widget\" data-e-type=\"widget\" data-widget_type=\"text-editor.default\">\n\t\t\t\t<div class=\"elementor-widget-container\">\n\t\t\t\t\t\t\t\t\t<p>Alcan\u00e7ar nosso prop\u00f3sito de uma vida sem AVC \u00e9 uma tarefa que n\u00e3o podemos realizar sozinhos. Estamos empenhados em construir nossas parcerias globais, regionais e nacionais para expandir e entregar melhorias na preven\u00e7\u00e3o, tratamento e apoio para reduzir o impacto do AVC.<\/p>\t\t\t\t\t\t\t\t<\/div>\n\t\t\t\t<\/div>\n\t\t\t\t<\/div>\n\t\t\t\t\t<\/div>\n\t\t\t\t<\/div>\n\t\t\t\t<\/div>\n\t\t\t\t<\/div>\n\t\t\t\t\t\t<\/div>\n\t\t\t\t<\/div>\n\t\t\t\t<\/div>\n\t\t\t\t<\/div>\n\t\t","protected":false},"excerpt":{"rendered":"<p>Recertification of Stroke Centersin Latin America WSO\/SIECV\u200b At the conclusion of 2 (two) years since the Certification of the Center of WSO\/SIECV Program, we hope that throughout this time the quality of care based on the best available evidence and continuous improvement have been the constant during daily clinical practice. The Centers must continue to [&hellip;]<\/p>\n","protected":false},"author":1,"featured_media":0,"parent":6181,"menu_order":0,"comment_status":"closed","ping_status":"closed","template":"","meta":{"_acf_changed":false,"footnotes":""},"class_list":["post-6246","page","type-page","status-publish","hentry"],"acf":[],"_links":{"self":[{"href":"https:\/\/strokebeyondborders.org\/en\/wp-json\/wp\/v2\/pages\/6246","targetHints":{"allow":["GET"]}}],"collection":[{"href":"https:\/\/strokebeyondborders.org\/en\/wp-json\/wp\/v2\/pages"}],"about":[{"href":"https:\/\/strokebeyondborders.org\/en\/wp-json\/wp\/v2\/types\/page"}],"author":[{"embeddable":true,"href":"https:\/\/strokebeyondborders.org\/en\/wp-json\/wp\/v2\/users\/1"}],"replies":[{"embeddable":true,"href":"https:\/\/strokebeyondborders.org\/en\/wp-json\/wp\/v2\/comments?post=6246"}],"version-history":[{"count":1,"href":"https:\/\/strokebeyondborders.org\/en\/wp-json\/wp\/v2\/pages\/6246\/revisions"}],"predecessor-version":[{"id":6247,"href":"https:\/\/strokebeyondborders.org\/en\/wp-json\/wp\/v2\/pages\/6246\/revisions\/6247"}],"up":[{"embeddable":true,"href":"https:\/\/strokebeyondborders.org\/en\/wp-json\/wp\/v2\/pages\/6181"}],"wp:attachment":[{"href":"https:\/\/strokebeyondborders.org\/en\/wp-json\/wp\/v2\/media?parent=6246"}],"curies":[{"name":"wp","href":"https:\/\/api.w.org\/{rel}","templated":true}]}}