{"id":6303,"date":"2025-08-13T17:14:33","date_gmt":"2025-08-13T20:14:33","guid":{"rendered":"https:\/\/strokebeyondborders.org\/latam\/como-participar\/"},"modified":"2026-03-25T13:44:17","modified_gmt":"2026-03-25T16:44:17","slug":"como-participar","status":"publish","type":"page","link":"https:\/\/strokebeyondborders.org\/es\/certificacion\/latam\/como-participar\/","title":{"rendered":"C\u00f3mo Participar"},"content":{"rendered":"\t\t<div data-elementor-type=\"wp-page\" data-elementor-id=\"6303\" class=\"elementor elementor-6303 elementor-4777\" data-elementor-post-type=\"page\">\n\t\t\t\t<div class=\"elementor-element elementor-element-f42496d e-flex e-con-boxed e-con e-parent\" data-id=\"f42496d\" data-element_type=\"container\" data-e-type=\"container\">\n\t\t\t\t\t<div class=\"e-con-inner\">\n\t\t<div class=\"elementor-element elementor-element-ddba42d e-con-full e-flex e-con e-child\" data-id=\"ddba42d\" data-element_type=\"container\" data-e-type=\"container\">\n\t\t<div class=\"elementor-element elementor-element-6a6dae1 e-con-full e-flex e-con e-child\" data-id=\"6a6dae1\" data-element_type=\"container\" data-e-type=\"container\">\n\t\t<div class=\"elementor-element elementor-element-11995a6 e-con-full e-flex e-con e-child\" data-id=\"11995a6\" data-element_type=\"container\" data-e-type=\"container\">\n\t\t\t\t<div class=\"elementor-element elementor-element-17b8117 elementor-widget elementor-widget-image\" data-id=\"17b8117\" data-element_type=\"widget\" data-e-type=\"widget\" data-widget_type=\"image.default\">\n\t\t\t\t<div class=\"elementor-widget-container\">\n\t\t\t\t\t\t\t\t\t\t\t\t\t\t\t<img fetchpriority=\"high\" decoding=\"async\" width=\"585\" height=\"585\" src=\"https:\/\/strokebeyondborders.org\/wp-content\/uploads\/2026\/01\/Stroke-Center-Certification-1.png\" class=\"attachment-large size-large wp-image-6250\" alt=\"\" \/>\t\t\t\t\t\t\t\t\t\t\t\t\t\t\t<\/div>\n\t\t\t\t<\/div>\n\t\t\t\t<div class=\"elementor-element elementor-element-22ae7fc elementor-widget elementor-widget-heading\" data-id=\"22ae7fc\" data-element_type=\"widget\" data-e-type=\"widget\" data-widget_type=\"heading.default\">\n\t\t\t\t<div class=\"elementor-widget-container\">\n\t\t\t\t\t<h2 class=\"elementor-heading-title elementor-size-default\">C\u00f3mo Participar\n<\/h2>\t\t\t\t<\/div>\n\t\t\t\t<\/div>\n\t\t\t\t<\/div>\n\t\t\t\t<div class=\"elementor-element elementor-element-6d3ee00 elementor-widget elementor-widget-heading\" data-id=\"6d3ee00\" data-element_type=\"widget\" data-e-type=\"widget\" data-widget_type=\"heading.default\">\n\t\t\t\t<div class=\"elementor-widget-container\">\n\t\t\t\t\t<h5 class=\"elementor-heading-title elementor-size-default\">El proceso de certificaci\u00f3n es gratuito para participar siga las siguientes instrucciones:<\/h5>\t\t\t\t<\/div>\n\t\t\t\t<\/div>\n\t\t\t\t<div class=\"elementor-element elementor-element-990280a elementor-widget elementor-widget-text-editor\" data-id=\"990280a\" data-element_type=\"widget\" data-e-type=\"widget\" data-widget_type=\"text-editor.default\">\n\t\t\t\t<div class=\"elementor-widget-container\">\n\t\t\t\t\t\t\t\t\t<p><b>I. Complete el formulario de Autoevaluaci\u00f3n de su hospital.<\/b><br>Podr\u00e1 ver su clasificaci\u00f3n seg\u00fan el roadmap, la proporci\u00f3n de elementos disponibles de acuerdo con todos los recursos sugeridos y los elementos que necesita para completar todos los elementos recomendados.<\/p><p>Si no alcanza los criterios m\u00ednimos de clasificaci\u00f3n, podr\u00e1 ver los aspectos que necesita mejorar para alcanzar la clasificaci\u00f3n o para lograr un nivel superior. Tambi\u00e9n podr\u00e1 postularse para la certificaci\u00f3n cuando cumpla con los criterios necesarios.<\/p><p><b>II. Para inscribirse en la certificaci\u00f3n.<\/b><br>\u2022 Complete el formulario de solicitud de certificaci\u00f3n.<br>\u2022 Todos los elementos obligatorios se consideran requisitos m\u00ednimos para postularse a la clasificaci\u00f3n en cada categor\u00eda.<br>\u2022 Adem\u00e1s de los requisitos obligatorios, los hospitales deben cumplir al menos con el 75% de los elementos recomendados para obtener la Certificaci\u00f3n del Centro Latinoamericano de ACV. En la segunda certificaci\u00f3n, los centros deber\u00e1n alcanzar el 85% de los elementos recomendados. Adem\u00e1s, deber\u00e1n demostrar mejoras en los indicadores de calidad.<br>\u2022 Debe demostrarse el registro de 4 meses de recolecci\u00f3n de datos e indicadores\/medidas de calidad\/desempe\u00f1o.<\/p><p><b>III. La herramienta electr\u00f3nica interactiva<\/b> mostrar\u00e1 la proporci\u00f3n de recursos disponibles en el hospital de acuerdo con todos los sugeridos para la categor\u00eda del Roadmap antes de la visita de evaluaci\u00f3n de los posibles candidatos. Si el sistema confirma los criterios, el hospital ser\u00e1 precertificado y el centro recibir\u00e1 una solicitud de documentos adicionales para la certificaci\u00f3n (en preparaci\u00f3n para la visita local). Los siguientes documentos deber\u00e1n adjuntarse en la plataforma:<\/p><p style=\"padding-left: 40px;\"><strong>1.<\/strong> Estructura del hospital y del centro de ACV (estructura f\u00edsica y profesional; incluir documentos de respaldo como certificaciones de capacitaci\u00f3n o listas de asistencia a capacitaciones).<br><strong>2.<\/strong> Protocolos y l\u00edneas de atenci\u00f3n vigentes (referencia o descripci\u00f3n).<br><strong>3.<\/strong> Flujograma del paciente.<br><strong>4.<\/strong> Programa educativo: frecuencia, profesionales capacitados (intrahospitalario, prehospitalario, hospitales, atenci\u00f3n primaria), poblaci\u00f3n capacitada.<br><strong>5.<\/strong> Medidas de desempe\u00f1o \u2013 indicadores medidos, tipo de registro (local, nacional o internacional); si es internacional, \u00bfcu\u00e1l registro?; &#8211; frecuencia de evaluaci\u00f3n y planes de mejora.<br><strong>6.<\/strong> Organizaci\u00f3n de la red de ACV (\u00bfprehospitalaria? \u00bfotros hospitales?).<\/p><p><strong>IV.<\/strong> La visita ser\u00e1 programada entre 2 y 6 meses despu\u00e9s de la postulaci\u00f3n (para permitir que el hospital se prepare para la visita). El hospital estar\u00e1 en contacto con el equipo de certificaci\u00f3n durante la preparaci\u00f3n. Los 2 certificadores (un m\u00e9dico y una enfermera seleccionados por los delegados del pa\u00eds) visitar\u00e1n el hospital:<\/p><p style=\"padding-left: 40px;\"><strong>1.<\/strong> Descripci\u00f3n general del programa de ACV.<br><strong>2.<\/strong> Revisi\u00f3n de al menos 10 pacientes incluidos en el registro. Seguimiento de la atenci\u00f3n realizada desde la llegada al hospital hasta el alta y evaluaci\u00f3n de la aplicaci\u00f3n de principios, pr\u00e1cticas y pol\u00edticas hospitalarias basadas en evidencia.<br><strong>3.<\/strong> Revisi\u00f3n de pol\u00edticas y protocolos.<br><strong>4. <\/strong>Revisi\u00f3n del personal y acreditaciones.<br><strong>5.<\/strong> Revisi\u00f3n de proyectos de mejora de la calidad e indicadores de desempe\u00f1o.<br><strong>6. <\/strong>Visita al servicio de Emergencias, a las unidades de Cuidados Intensivos, Hospitalizaci\u00f3n y ACV, a la sala de Angiograf\u00eda (en centros avanzados), y reuni\u00f3n con el\/la coordinador(a) del Centro de ACV junto con representantes del equipo de ACV y dem\u00e1s profesionales del hospital y del servicio de emergencias.<\/p><p><strong>V.<\/strong> Despu\u00e9s de la visita al hospital, se programar\u00e1 una reuni\u00f3n del Consejo de Revisi\u00f3n. El Consejo de Revisi\u00f3n estar\u00e1 compuesto por: 2 evaluadores de cada centro (quienes presentar\u00e1n los resultados del centro visitado), 1 miembro del grupo de trabajo, 1 o 2 miembros del Comit\u00e9 Ejecutivo de Am\u00e9rica Latina y 1 miembro del Comit\u00e9 Ejecutivo fuera de Am\u00e9rica Latina.<\/p><p>Cada reuni\u00f3n del Consejo discutir\u00e1 entre 4 y 5 centros. Este Consejo aprobar\u00e1 la certificaci\u00f3n final del centro. La direcci\u00f3n se\u00f1alar\u00e1 posibles deficiencias o \u00e1reas de mejora y se solicitar\u00e1 a los centros elaborar planes de acci\u00f3n para mejorar el servicio.<\/p>\t\t\t\t\t\t\t\t<\/div>\n\t\t\t\t<\/div>\n\t\t\t\t<\/div>\n\t\t\t\t<\/div>\n\t\t\t\t\t<\/div>\n\t\t\t\t<\/div>\n\t\t<div class=\"elementor-element elementor-element-2ef90ca e-con-full e-flex e-con e-parent\" data-id=\"2ef90ca\" data-element_type=\"container\" data-e-type=\"container\">\n\t\t\t\t<div class=\"elementor-element elementor-element-78df0ed elementor-widget elementor-widget-template\" data-id=\"78df0ed\" data-element_type=\"widget\" data-e-type=\"widget\" data-widget_type=\"template.default\">\n\t\t\t\t<div class=\"elementor-widget-container\">\n\t\t\t\t\t\t\t<div class=\"elementor-template\">\n\t\t\t\t\t<div data-elementor-type=\"section\" data-elementor-id=\"4531\" class=\"elementor elementor-4531\" data-elementor-post-type=\"elementor_library\">\n\t\t\t<div class=\"elementor-element elementor-element-31142af e-flex e-con-boxed e-con e-parent\" data-id=\"31142af\" data-element_type=\"container\" data-e-type=\"container\">\n\t\t\t\t\t<div class=\"e-con-inner\">\n\t\t<div class=\"elementor-element elementor-element-e78c093 e-con-full e-flex e-con e-child\" data-id=\"e78c093\" data-element_type=\"container\" data-e-type=\"container\">\n\t\t\t\t<div class=\"elementor-element elementor-element-6e89b57 elementor-widget elementor-widget-heading\" data-id=\"6e89b57\" data-element_type=\"widget\" data-e-type=\"widget\" data-widget_type=\"heading.default\">\n\t\t\t\t<div class=\"elementor-widget-container\">\n\t\t\t\t\t<h2 class=\"elementor-heading-title elementor-size-default\">Organiza\u00e7\u00e3o<\/h2>\t\t\t\t<\/div>\n\t\t\t\t<\/div>\n\t\t<div class=\"elementor-element elementor-element-9db3e62 e-con-full e-flex e-con e-child\" data-id=\"9db3e62\" data-element_type=\"container\" data-e-type=\"container\">\n\t\t\t\t<div class=\"elementor-element elementor-element-f22c62e elementor-widget__width-auto elementor-widget elementor-widget-image\" data-id=\"f22c62e\" data-element_type=\"widget\" data-e-type=\"widget\" data-widget_type=\"image.default\">\n\t\t\t\t<div class=\"elementor-widget-container\">\n\t\t\t\t\t\t\t\t\t\t\t\t\t\t\t\t<a href=\"https:\/\/www.world-stroke.org\/\" target=\"_blank\">\n\t\t\t\t\t\t\t<img decoding=\"async\" src=\"https:\/\/strokebeyondborders.org\/wp-content\/uploads\/elementor\/thumbs\/wso01-ra7eoayyb8z2v9zvcvtp9qfu1n14w11q112h5wtngg.png\" title=\"wso01.png\" alt=\"wso01.png\" loading=\"lazy\" \/>\t\t\t\t\t\t\t\t<\/a>\n\t\t\t\t\t\t\t\t\t\t\t\t\t\t\t<\/div>\n\t\t\t\t<\/div>\n\t\t\t\t<div class=\"elementor-element elementor-element-27557d9 elementor-widget__width-auto elementor-widget elementor-widget-image\" data-id=\"27557d9\" data-element_type=\"widget\" data-e-type=\"widget\" data-widget_type=\"image.default\">\n\t\t\t\t<div class=\"elementor-widget-container\">\n\t\t\t\t\t\t\t\t\t\t\t\t\t\t\t<img decoding=\"async\" src=\"https:\/\/strokebeyondborders.org\/wp-content\/uploads\/elementor\/thumbs\/siecv01-ra7eobwsi30d6vyi7e8bu87an0wi3q5gd5pyn6s9a8.png\" title=\"siecv01.png\" alt=\"siecv01.png\" loading=\"lazy\" \/>\t\t\t\t\t\t\t\t\t\t\t\t\t\t\t<\/div>\n\t\t\t\t<\/div>\n\t\t\t\t<\/div>\n\t\t\t\t<\/div>\n\t\t<div class=\"elementor-element elementor-element-9d124ae e-con-full e-flex e-con e-child\" data-id=\"9d124ae\" data-element_type=\"container\" data-e-type=\"container\">\n\t\t\t\t<div class=\"elementor-element elementor-element-a11166d elementor-widget elementor-widget-heading\" data-id=\"a11166d\" data-element_type=\"widget\" data-e-type=\"widget\" data-widget_type=\"heading.default\">\n\t\t\t\t<div class=\"elementor-widget-container\">\n\t\t\t\t\t<h2 class=\"elementor-heading-title elementor-size-default\">Colaboradores<\/h2>\t\t\t\t<\/div>\n\t\t\t\t<\/div>\n\t\t<div class=\"elementor-element elementor-element-af56df2 e-con-full e-flex e-con e-child\" data-id=\"af56df2\" data-element_type=\"container\" data-e-type=\"container\">\n\t\t\t\t<div class=\"elementor-element elementor-element-04f8285 elementor-widget__width-auto elementor-widget elementor-widget-image\" data-id=\"04f8285\" data-element_type=\"widget\" data-e-type=\"widget\" data-widget_type=\"image.default\">\n\t\t\t\t<div class=\"elementor-widget-container\">\n\t\t\t\t\t\t\t\t\t\t\t\t\t\t\t\t<a href=\"https:\/\/missionthrombectomy2020.org\/\" target=\"_blank\">\n\t\t\t\t\t\t\t<img decoding=\"async\" src=\"https:\/\/strokebeyondborders.org\/wp-content\/uploads\/elementor\/thumbs\/mt202001-ra7eobwsi30d6vyi7e8bu87an0wi3q5gd5pyn6s9a8.png\" title=\"mt202001.png\" alt=\"mt202001.png\" loading=\"lazy\" \/>\t\t\t\t\t\t\t\t<\/a>\n\t\t\t\t\t\t\t\t\t\t\t\t\t\t\t<\/div>\n\t\t\t\t<\/div>\n\t\t\t\t<div class=\"elementor-element elementor-element-7d20bab elementor-widget__width-auto elementor-widget elementor-widget-image\" data-id=\"7d20bab\" data-element_type=\"widget\" data-e-type=\"widget\" data-widget_type=\"image.default\">\n\t\t\t\t<div class=\"elementor-widget-container\">\n\t\t\t\t\t\t\t\t\t\t\t\t\t\t\t\t<a href=\"https:\/\/www.svin.org\/\" target=\"_blank\">\n\t\t\t\t\t\t\t<img decoding=\"async\" src=\"https:\/\/strokebeyondborders.org\/wp-content\/uploads\/elementor\/thumbs\/svin01-ra7eobwsi30d6vyi7e8bu87an0wi3q5gd5pyn6s9a8.png\" title=\"svin01.png\" alt=\"svin01.png\" loading=\"lazy\" \/>\t\t\t\t\t\t\t\t<\/a>\n\t\t\t\t\t\t\t\t\t\t\t\t\t\t\t<\/div>\n\t\t\t\t<\/div>\n\t\t\t\t<\/div>\n\t\t\t\t<\/div>\n\t\t<div class=\"elementor-element elementor-element-099db2a e-con-full e-flex e-con e-child\" data-id=\"099db2a\" data-element_type=\"container\" data-e-type=\"container\">\n\t\t\t\t<div class=\"elementor-element elementor-element-bed9b39 elementor-widget elementor-widget-heading\" data-id=\"bed9b39\" data-element_type=\"widget\" data-e-type=\"widget\" data-widget_type=\"heading.default\">\n\t\t\t\t<div class=\"elementor-widget-container\">\n\t\t\t\t\t<h2 class=\"elementor-heading-title elementor-size-default\">Patrocinadores<\/h2>\t\t\t\t<\/div>\n\t\t\t\t<\/div>\n\t\t<div class=\"elementor-element elementor-element-b490efb e-con-full e-flex e-con e-child\" data-id=\"b490efb\" data-element_type=\"container\" data-e-type=\"container\">\n\t\t\t\t<div class=\"elementor-element elementor-element-69766c1 elementor-widget__width-initial elementor-widget elementor-widget-image\" data-id=\"69766c1\" data-element_type=\"widget\" data-e-type=\"widget\" data-widget_type=\"image.default\">\n\t\t\t\t<div class=\"elementor-widget-container\">\n\t\t\t\t\t\t\t\t\t\t\t\t\t\t\t\t<a href=\"https:\/\/www.boehringer-ingelheim.com.br\/\" target=\"_blank\">\n\t\t\t\t\t\t\t<img decoding=\"async\" src=\"https:\/\/strokebeyondborders.org\/wp-content\/uploads\/elementor\/thumbs\/boehringer01-ra7eocumox1nihx51wmyepyr8ervbf96padg4gqv40.png\" title=\"boehringer01.png\" alt=\"boehringer01.png\" loading=\"lazy\" \/>\t\t\t\t\t\t\t\t<\/a>\n\t\t\t\t\t\t\t\t\t\t\t\t\t\t\t<\/div>\n\t\t\t\t<\/div>\n\t\t\t\t<div class=\"elementor-element elementor-element-2870ebe elementor-widget__width-initial elementor-widget elementor-widget-image\" data-id=\"2870ebe\" data-element_type=\"widget\" data-e-type=\"widget\" data-widget_type=\"image.default\">\n\t\t\t\t<div class=\"elementor-widget-container\">\n\t\t\t\t\t\t\t\t\t\t\t\t\t\t\t<img decoding=\"async\" width=\"124\" height=\"90\" src=\"https:\/\/strokebeyondborders.org\/wp-content\/uploads\/2025\/08\/siemens.png\" class=\"attachment-full size-full wp-image-4540\" alt=\"\" \/>\t\t\t\t\t\t\t\t\t\t\t\t\t\t\t<\/div>\n\t\t\t\t<\/div>\n\t\t\t\t<div class=\"elementor-element elementor-element-a25c91c elementor-widget__width-initial elementor-widget elementor-widget-image\" data-id=\"a25c91c\" data-element_type=\"widget\" data-e-type=\"widget\" data-widget_type=\"image.default\">\n\t\t\t\t<div class=\"elementor-widget-container\">\n\t\t\t\t\t\t\t\t\t\t\t\t\t\t\t<img decoding=\"async\" width=\"180\" height=\"36\" src=\"https:\/\/strokebeyondborders.org\/wp-content\/uploads\/2025\/08\/Penumbra.png\" class=\"attachment-full size-full wp-image-4544\" alt=\"\" \/>\t\t\t\t\t\t\t\t\t\t\t\t\t\t\t<\/div>\n\t\t\t\t<\/div>\n\t\t\t\t<div class=\"elementor-element elementor-element-7430d9f elementor-widget__width-initial elementor-widget elementor-widget-image\" data-id=\"7430d9f\" data-element_type=\"widget\" data-e-type=\"widget\" data-widget_type=\"image.default\">\n\t\t\t\t<div class=\"elementor-widget-container\">\n\t\t\t\t\t\t\t\t\t\t\t\t\t\t\t<img loading=\"lazy\" decoding=\"async\" width=\"300\" height=\"46\" src=\"https:\/\/strokebeyondborders.org\/wp-content\/uploads\/2025\/08\/mdt_logo_white.png\" class=\"attachment-full size-full wp-image-4541\" alt=\"\" \/>\t\t\t\t\t\t\t\t\t\t\t\t\t\t\t<\/div>\n\t\t\t\t<\/div>\n\t\t\t\t<\/div>\n\t\t\t\t<\/div>\n\t\t\t\t\t<\/div>\n\t\t\t\t<\/div>\n\t\t\t\t<\/div>\n\t\t\t\t<\/div>\n\t\t\t\t\t\t<\/div>\n\t\t\t\t<\/div>\n\t\t\t\t<\/div>\n\t\t<div class=\"elementor-element elementor-element-ef2cfec e-con-full e-flex e-con e-parent\" data-id=\"ef2cfec\" data-element_type=\"container\" data-e-type=\"container\">\n\t\t\t\t<div class=\"elementor-element elementor-element-de9e0a0 elementor-widget elementor-widget-template\" data-id=\"de9e0a0\" data-element_type=\"widget\" data-e-type=\"widget\" data-widget_type=\"template.default\">\n\t\t\t\t<div class=\"elementor-widget-container\">\n\t\t\t\t\t\t\t<div class=\"elementor-template\">\n\t\t\t\t\t<div data-elementor-type=\"section\" data-elementor-id=\"4037\" class=\"elementor elementor-4037\" data-elementor-post-type=\"elementor_library\">\n\t\t\t<div class=\"elementor-element elementor-element-e290937 e-flex e-con-boxed e-con e-parent\" data-id=\"e290937\" data-element_type=\"container\" data-e-type=\"container\" data-settings=\"{&quot;background_background&quot;:&quot;classic&quot;}\">\n\t\t\t\t\t<div class=\"e-con-inner\">\n\t\t<div class=\"elementor-element elementor-element-7f0d839 e-con-full e-flex e-con e-child\" data-id=\"7f0d839\" data-element_type=\"container\" data-e-type=\"container\">\n\t\t\t\t<div class=\"elementor-element elementor-element-4114bfb elementor-widget elementor-widget-heading\" data-id=\"4114bfb\" data-element_type=\"widget\" data-e-type=\"widget\" data-widget_type=\"heading.default\">\n\t\t\t\t<div class=\"elementor-widget-container\">\n\t\t\t\t\t<h3 class=\"elementor-heading-title elementor-size-default\">Nossos parceiros e patrocinadores<\/h3>\t\t\t\t<\/div>\n\t\t\t\t<\/div>\n\t\t\t\t<div class=\"elementor-element elementor-element-bcbdbc0 elementor-widget elementor-widget-text-editor\" data-id=\"bcbdbc0\" data-element_type=\"widget\" data-e-type=\"widget\" data-widget_type=\"text-editor.default\">\n\t\t\t\t<div class=\"elementor-widget-container\">\n\t\t\t\t\t\t\t\t\t<p>Alcan\u00e7ar nosso prop\u00f3sito de uma vida sem AVC \u00e9 uma tarefa que n\u00e3o podemos realizar sozinhos. Estamos empenhados em construir nossas parcerias globais, regionais e nacionais para expandir e entregar melhorias na preven\u00e7\u00e3o, tratamento e apoio para reduzir o impacto do AVC.<\/p>\t\t\t\t\t\t\t\t<\/div>\n\t\t\t\t<\/div>\n\t\t\t\t<\/div>\n\t\t\t\t\t<\/div>\n\t\t\t\t<\/div>\n\t\t\t\t<\/div>\n\t\t\t\t<\/div>\n\t\t\t\t\t\t<\/div>\n\t\t\t\t<\/div>\n\t\t\t\t<\/div>\n\t\t\t\t<\/div>\n\t\t","protected":false},"excerpt":{"rendered":"<p>C\u00f3mo Participar El proceso de certificaci\u00f3n es gratuito para participar siga las siguientes instrucciones: I. Complete el formulario de Autoevaluaci\u00f3n de su hospital.Podr\u00e1 ver su clasificaci\u00f3n seg\u00fan el roadmap, la proporci\u00f3n de elementos disponibles de acuerdo con todos los recursos sugeridos y los elementos que necesita para completar todos los elementos recomendados. Si no alcanza [&hellip;]<\/p>\n","protected":false},"author":1,"featured_media":0,"parent":6248,"menu_order":0,"comment_status":"closed","ping_status":"closed","template":"","meta":{"_acf_changed":false,"footnotes":""},"class_list":["post-6303","page","type-page","status-publish","hentry"],"acf":[],"_links":{"self":[{"href":"https:\/\/strokebeyondborders.org\/es\/wp-json\/wp\/v2\/pages\/6303","targetHints":{"allow":["GET"]}}],"collection":[{"href":"https:\/\/strokebeyondborders.org\/es\/wp-json\/wp\/v2\/pages"}],"about":[{"href":"https:\/\/strokebeyondborders.org\/es\/wp-json\/wp\/v2\/types\/page"}],"author":[{"embeddable":true,"href":"https:\/\/strokebeyondborders.org\/es\/wp-json\/wp\/v2\/users\/1"}],"replies":[{"embeddable":true,"href":"https:\/\/strokebeyondborders.org\/es\/wp-json\/wp\/v2\/comments?post=6303"}],"version-history":[{"count":1,"href":"https:\/\/strokebeyondborders.org\/es\/wp-json\/wp\/v2\/pages\/6303\/revisions"}],"predecessor-version":[{"id":6304,"href":"https:\/\/strokebeyondborders.org\/es\/wp-json\/wp\/v2\/pages\/6303\/revisions\/6304"}],"up":[{"embeddable":true,"href":"https:\/\/strokebeyondborders.org\/es\/wp-json\/wp\/v2\/pages\/6248"}],"wp:attachment":[{"href":"https:\/\/strokebeyondborders.org\/es\/wp-json\/wp\/v2\/media?parent=6303"}],"curies":[{"name":"wp","href":"https:\/\/api.w.org\/{rel}","templated":true}]}}