{"id":6307,"date":"2025-08-13T17:08:36","date_gmt":"2025-08-13T20:08:36","guid":{"rendered":"https:\/\/strokebeyondborders.org\/latam\/criterios\/"},"modified":"2026-03-25T14:59:03","modified_gmt":"2026-03-25T17:59:03","slug":"criterios","status":"publish","type":"page","link":"https:\/\/strokebeyondborders.org\/es\/certificacion\/latam\/criterios\/","title":{"rendered":"Criterios"},"content":{"rendered":"\t\t<div data-elementor-type=\"wp-page\" data-elementor-id=\"6307\" class=\"elementor elementor-6307 elementor-4766\" data-elementor-post-type=\"page\">\n\t\t\t\t<div class=\"elementor-element elementor-element-f42496d e-flex e-con-boxed e-con e-parent\" data-id=\"f42496d\" data-element_type=\"container\" data-e-type=\"container\">\n\t\t\t\t\t<div class=\"e-con-inner\">\n\t\t<div class=\"elementor-element elementor-element-ddba42d e-con-full e-flex e-con e-child\" data-id=\"ddba42d\" data-element_type=\"container\" data-e-type=\"container\">\n\t\t<div class=\"elementor-element elementor-element-6a6dae1 e-con-full e-flex e-con e-child\" data-id=\"6a6dae1\" data-element_type=\"container\" data-e-type=\"container\">\n\t\t<div class=\"elementor-element elementor-element-11995a6 e-con-full e-flex e-con e-child\" data-id=\"11995a6\" data-element_type=\"container\" data-e-type=\"container\">\n\t\t\t\t<div class=\"elementor-element elementor-element-17b8117 elementor-widget elementor-widget-image\" data-id=\"17b8117\" data-element_type=\"widget\" data-e-type=\"widget\" data-widget_type=\"image.default\">\n\t\t\t\t<div class=\"elementor-widget-container\">\n\t\t\t\t\t\t\t\t\t\t\t\t\t\t\t<img fetchpriority=\"high\" decoding=\"async\" width=\"585\" height=\"585\" src=\"https:\/\/strokebeyondborders.org\/wp-content\/uploads\/2026\/01\/Stroke-Center-Certification-1.png\" class=\"attachment-full size-full wp-image-6250\" alt=\"\" \/>\t\t\t\t\t\t\t\t\t\t\t\t\t\t\t<\/div>\n\t\t\t\t<\/div>\n\t\t\t\t<div class=\"elementor-element elementor-element-22ae7fc elementor-widget elementor-widget-heading\" data-id=\"22ae7fc\" data-element_type=\"widget\" data-e-type=\"widget\" data-widget_type=\"heading.default\">\n\t\t\t\t<div class=\"elementor-widget-container\">\n\t\t\t\t\t<h2 class=\"elementor-heading-title elementor-size-default\">Criterios para la Certificaci\u00f3n<br>de los Centros de ACV<\/h2>\t\t\t\t<\/div>\n\t\t\t\t<\/div>\n\t\t\t\t<\/div>\n\t\t\t\t<div class=\"elementor-element elementor-element-36dc463 elementor-widget elementor-widget-heading\" data-id=\"36dc463\" data-element_type=\"widget\" data-e-type=\"widget\" data-widget_type=\"heading.default\">\n\t\t\t\t<div class=\"elementor-widget-container\">\n\t\t\t\t\t<h4 class=\"elementor-heading-title elementor-size-default\">Indicadores de calidad\n<\/h4>\t\t\t\t<\/div>\n\t\t\t\t<\/div>\n\t\t\t\t<div class=\"elementor-element elementor-element-990280a elementor-widget elementor-widget-text-editor\" data-id=\"990280a\" data-element_type=\"widget\" data-e-type=\"widget\" data-widget_type=\"text-editor.default\">\n\t\t\t\t<div class=\"elementor-widget-container\">\n\t\t\t\t\t\t\t\t\t<p><strong>1a.<\/strong> Tiempo de Puerta-aguja (mediana) ______ min<br>% de pacientes con puerta-aguja &lt;60 min _______ (objetivo &gt; 50%)<br>% de pacientes con puerta-aguja &lt;45 min _______<\/p><p><strong>1b.<\/strong> Tiempo de Puerta-punci\u00f3n (mediana) _____ min (Centros Avanzados)<br>% de pacientes puerta-punci\u00f3n &lt;120 min _____ (objetivo &gt; 50%)<br>% de pacientes puerta-punci\u00f3n &lt;90 min ______<\/p><p><strong>2. <\/strong>Elegibilidad para reperfusi\u00f3n<br>Elegibilidad total _____% (n\u00famero de pacientes tratados \/ n\u00famero total de pacientes con ACV isqu\u00e9mico)<br>Elegibilidad en ventana para tromb\u00f3lisis IV ____% (n\u00famero de pacientes trombolizados \/ n\u00famero de pacientes que llegaron \u2264 4,5 h del inicio de los s\u00edntomas)<\/p><p><strong>3a.<\/strong> % TICI Final 2b-3 _____ (Centros Avanzados)<\/p><p><strong>3b.<\/strong> Tiempo punci\u00f3n a recanalizaci\u00f3n _____ (Centros Avanzados)<\/p><p><strong>4.<\/strong> Hemorragia intracraneal sintom\u00e1tica ____ %<\/p><p><strong>5.<\/strong> Evaluaci\u00f3n de disfagia _________ %<\/p><p><strong>6.<\/strong> Pacientes con sospecha de accidente cerebrovascular sometidos a TC \/ RM ______%<\/p><p>7. Alta con prescripci\u00f3n de antiagregantes plaquetarios en pacientes con ACV isqu\u00e9mico _____% (objetivo 100%)<\/p><p><strong>8.<\/strong> Alta con Anticoagulante en pacientes con ACV isqu\u00e9mico asociado a FA ________% (objetivo 90%)<\/p><p><strong>9.<\/strong> Pacientes con Ictus atendidos en Unidad de ACV _______ (n\u00famero de pacientes atendidos en \u201cUnidad de ACV = si\u201d \/ n\u00famero total de pacientes con ACV isqu\u00e9mico, AIT, ACV hemorr\u00e1gico (objetivo 90%)<\/p><p><strong>10<\/strong>. Rankin al momento del alta <br>Muerte hospitalaria _______%<br>Muerte ACVi \/ AIT _____%<br>Muerte ACVh _____%<\/p><p><strong>11. <\/strong>Puntuaci\u00f3n mRankin en 90 d\u00edas _____<br>Puntaje Rankin de 0 a 1 en 90 d\u00edas ______%<br>Puntaje Rankin de 0 a 2 en 90 d\u00edas ______%<br>Puntaje Rankin 6 en 90 d\u00edas _____%<\/p>\t\t\t\t\t\t\t\t<\/div>\n\t\t\t\t<\/div>\n\t\t\t\t<div class=\"elementor-element elementor-element-e6f96d1 elementor-widget elementor-widget-heading\" data-id=\"e6f96d1\" data-element_type=\"widget\" data-e-type=\"widget\" data-widget_type=\"heading.default\">\n\t\t\t\t<div class=\"elementor-widget-container\">\n\t\t\t\t\t<h4 class=\"elementor-heading-title elementor-size-default\">Documentos que deben ser cargados a la plataforma - lista<\/h4>\t\t\t\t<\/div>\n\t\t\t\t<\/div>\n\t\t\t\t<div class=\"elementor-element elementor-element-058b060 elementor-widget elementor-widget-text-editor\" data-id=\"058b060\" data-element_type=\"widget\" data-e-type=\"widget\" data-widget_type=\"text-editor.default\">\n\t\t\t\t<div class=\"elementor-widget-container\">\n\t\t\t\t\t\t\t\t\t<p class=\"p1\"><span class=\"s1\"><strong>Documento N\u00b0 1<\/strong><\/span><br>Estructura del Centro:<\/p><p class=\"p1\"><span class=\"s1\"><strong>Documento N\u00b0 2<\/strong><\/span><br>Documentos de los Profesionales del servicio de ACV (M\u00e9dicos \/ Enfermer\u00eda \/ Fisioterapia)<\/p><p class=\"p3\"><span class=\"s1\"><strong>Documento N\u00b03<\/strong><\/span><br>Entrenamiento del personal de Enfermer\u00eda<\/p><p class=\"p3\"><span class=\"s1\">Documento N\u00b04<\/span><br>Entrenamiento del personal de Enfermer\u00eda en ACV<\/p><p class=\"p3\"><span class=\"s1\"><strong>Documento N\u00b0 5<\/strong><\/span><br>Entrenamiento para m\u00e9dicos del departamento de Urgencias<\/p><p class=\"p3\"><span class=\"s1\"><strong>Documento N\u00b06<\/strong><\/span><br>Entrenamiento para m\u00e9dico de la unidad de ACV, Angiosuite y UCI neurol\u00f3gica<\/p><p class=\"p3\"><span class=\"s1\"><strong>Documento N\u00b07<\/strong><\/span><br>Entrenamiento para Fisioterapeutas y Terapia Ocupacional<\/p><p class=\"p3\"><span class=\"s1\"><strong>Documento N\u00b08<\/strong><\/span><br>Protocolo de atenci\u00f3n utilizado<\/p><p class=\"p3\"><span class=\"s1\"><strong>Documento N\u00b09<\/strong><\/span><br>Ruta de cuidados del paciente con ACV<\/p><p class=\"p3\"><span class=\"s1\"><strong>Documento N\u00b010<\/strong><\/span><br>Registro de medidas de desempe\u00f1o:<\/p><p class=\"p3\"><span class=\"s1\"><strong>Documento N\u00b011<\/strong><\/span><br>Responsable de los indicadores de calidad del centro \u2013 Certificado de formaci\u00f3n (diploma)<\/p><p class=\"p3\"><span class=\"s1\"><strong>Documento N\u00b012<\/strong><\/span><br>Plan estrat\u00e9gico utilizado para mejora de la calidad de la atenci\u00f3n.<\/p><p class=\"p3\"><span class=\"s1\">Documentos N\u00b0 13<\/span><br>Lista de asistencia a reuniones del Centro de ACV:<\/p><p class=\"p3\"><span class=\"s1\"><strong>Documentos N\u00b0 14<\/strong><\/span><br>Red de ACV y atenci\u00f3n pre-hospitalaria (descripci\u00f3n si lo hay)<\/p>\t\t\t\t\t\t\t\t<\/div>\n\t\t\t\t<\/div>\n\t\t\t\t<\/div>\n\t\t\t\t<\/div>\n\t\t\t\t\t<\/div>\n\t\t\t\t<\/div>\n\t\t<div class=\"elementor-element elementor-element-2ef90ca e-con-full e-flex e-con e-parent\" data-id=\"2ef90ca\" data-element_type=\"container\" data-e-type=\"container\">\n\t\t\t\t<div class=\"elementor-element elementor-element-78df0ed elementor-widget elementor-widget-template\" data-id=\"78df0ed\" data-element_type=\"widget\" data-e-type=\"widget\" data-widget_type=\"template.default\">\n\t\t\t\t<div class=\"elementor-widget-container\">\n\t\t\t\t\t\t\t<div class=\"elementor-template\">\n\t\t\t\t\t<div data-elementor-type=\"section\" data-elementor-id=\"4531\" class=\"elementor elementor-4531\" data-elementor-post-type=\"elementor_library\">\n\t\t\t<div class=\"elementor-element elementor-element-31142af e-flex e-con-boxed e-con e-parent\" data-id=\"31142af\" data-element_type=\"container\" data-e-type=\"container\">\n\t\t\t\t\t<div class=\"e-con-inner\">\n\t\t<div class=\"elementor-element elementor-element-e78c093 e-con-full e-flex e-con e-child\" data-id=\"e78c093\" data-element_type=\"container\" data-e-type=\"container\">\n\t\t\t\t<div class=\"elementor-element elementor-element-6e89b57 elementor-widget elementor-widget-heading\" data-id=\"6e89b57\" data-element_type=\"widget\" data-e-type=\"widget\" data-widget_type=\"heading.default\">\n\t\t\t\t<div class=\"elementor-widget-container\">\n\t\t\t\t\t<h2 class=\"elementor-heading-title elementor-size-default\">Organiza\u00e7\u00e3o<\/h2>\t\t\t\t<\/div>\n\t\t\t\t<\/div>\n\t\t<div class=\"elementor-element elementor-element-9db3e62 e-con-full e-flex e-con e-child\" data-id=\"9db3e62\" data-element_type=\"container\" data-e-type=\"container\">\n\t\t\t\t<div class=\"elementor-element elementor-element-f22c62e elementor-widget__width-auto elementor-widget elementor-widget-image\" data-id=\"f22c62e\" data-element_type=\"widget\" data-e-type=\"widget\" data-widget_type=\"image.default\">\n\t\t\t\t<div class=\"elementor-widget-container\">\n\t\t\t\t\t\t\t\t\t\t\t\t\t\t\t\t<a href=\"https:\/\/www.world-stroke.org\/\" target=\"_blank\">\n\t\t\t\t\t\t\t<img decoding=\"async\" src=\"https:\/\/strokebeyondborders.org\/wp-content\/uploads\/elementor\/thumbs\/wso01-ra7eoayyb8z2v9zvcvtp9qfu1n14w11q112h5wtngg.png\" title=\"wso01.png\" alt=\"wso01.png\" loading=\"lazy\" \/>\t\t\t\t\t\t\t\t<\/a>\n\t\t\t\t\t\t\t\t\t\t\t\t\t\t\t<\/div>\n\t\t\t\t<\/div>\n\t\t\t\t<div class=\"elementor-element elementor-element-27557d9 elementor-widget__width-auto elementor-widget elementor-widget-image\" data-id=\"27557d9\" data-element_type=\"widget\" data-e-type=\"widget\" data-widget_type=\"image.default\">\n\t\t\t\t<div class=\"elementor-widget-container\">\n\t\t\t\t\t\t\t\t\t\t\t\t\t\t\t<img decoding=\"async\" src=\"https:\/\/strokebeyondborders.org\/wp-content\/uploads\/elementor\/thumbs\/siecv01-ra7eobwsi30d6vyi7e8bu87an0wi3q5gd5pyn6s9a8.png\" title=\"siecv01.png\" alt=\"siecv01.png\" loading=\"lazy\" \/>\t\t\t\t\t\t\t\t\t\t\t\t\t\t\t<\/div>\n\t\t\t\t<\/div>\n\t\t\t\t<\/div>\n\t\t\t\t<\/div>\n\t\t<div class=\"elementor-element elementor-element-9d124ae e-con-full e-flex e-con e-child\" data-id=\"9d124ae\" data-element_type=\"container\" data-e-type=\"container\">\n\t\t\t\t<div class=\"elementor-element elementor-element-a11166d elementor-widget elementor-widget-heading\" data-id=\"a11166d\" data-element_type=\"widget\" data-e-type=\"widget\" data-widget_type=\"heading.default\">\n\t\t\t\t<div class=\"elementor-widget-container\">\n\t\t\t\t\t<h2 class=\"elementor-heading-title elementor-size-default\">Colaboradores<\/h2>\t\t\t\t<\/div>\n\t\t\t\t<\/div>\n\t\t<div class=\"elementor-element elementor-element-af56df2 e-con-full e-flex e-con e-child\" data-id=\"af56df2\" data-element_type=\"container\" data-e-type=\"container\">\n\t\t\t\t<div class=\"elementor-element elementor-element-04f8285 elementor-widget__width-auto elementor-widget elementor-widget-image\" data-id=\"04f8285\" data-element_type=\"widget\" data-e-type=\"widget\" data-widget_type=\"image.default\">\n\t\t\t\t<div class=\"elementor-widget-container\">\n\t\t\t\t\t\t\t\t\t\t\t\t\t\t\t\t<a href=\"https:\/\/missionthrombectomy2020.org\/\" target=\"_blank\">\n\t\t\t\t\t\t\t<img decoding=\"async\" src=\"https:\/\/strokebeyondborders.org\/wp-content\/uploads\/elementor\/thumbs\/mt202001-ra7eobwsi30d6vyi7e8bu87an0wi3q5gd5pyn6s9a8.png\" title=\"mt202001.png\" alt=\"mt202001.png\" loading=\"lazy\" \/>\t\t\t\t\t\t\t\t<\/a>\n\t\t\t\t\t\t\t\t\t\t\t\t\t\t\t<\/div>\n\t\t\t\t<\/div>\n\t\t\t\t<div class=\"elementor-element elementor-element-7d20bab elementor-widget__width-auto elementor-widget elementor-widget-image\" data-id=\"7d20bab\" data-element_type=\"widget\" data-e-type=\"widget\" data-widget_type=\"image.default\">\n\t\t\t\t<div class=\"elementor-widget-container\">\n\t\t\t\t\t\t\t\t\t\t\t\t\t\t\t\t<a href=\"https:\/\/www.svin.org\/\" target=\"_blank\">\n\t\t\t\t\t\t\t<img decoding=\"async\" src=\"https:\/\/strokebeyondborders.org\/wp-content\/uploads\/elementor\/thumbs\/svin01-ra7eobwsi30d6vyi7e8bu87an0wi3q5gd5pyn6s9a8.png\" title=\"svin01.png\" alt=\"svin01.png\" loading=\"lazy\" \/>\t\t\t\t\t\t\t\t<\/a>\n\t\t\t\t\t\t\t\t\t\t\t\t\t\t\t<\/div>\n\t\t\t\t<\/div>\n\t\t\t\t<\/div>\n\t\t\t\t<\/div>\n\t\t<div class=\"elementor-element elementor-element-099db2a e-con-full e-flex e-con e-child\" data-id=\"099db2a\" data-element_type=\"container\" data-e-type=\"container\">\n\t\t\t\t<div class=\"elementor-element elementor-element-bed9b39 elementor-widget elementor-widget-heading\" data-id=\"bed9b39\" data-element_type=\"widget\" data-e-type=\"widget\" data-widget_type=\"heading.default\">\n\t\t\t\t<div class=\"elementor-widget-container\">\n\t\t\t\t\t<h2 class=\"elementor-heading-title elementor-size-default\">Patrocinadores<\/h2>\t\t\t\t<\/div>\n\t\t\t\t<\/div>\n\t\t<div class=\"elementor-element elementor-element-b490efb e-con-full e-flex e-con e-child\" data-id=\"b490efb\" data-element_type=\"container\" data-e-type=\"container\">\n\t\t\t\t<div class=\"elementor-element elementor-element-69766c1 elementor-widget__width-initial elementor-widget elementor-widget-image\" data-id=\"69766c1\" data-element_type=\"widget\" data-e-type=\"widget\" data-widget_type=\"image.default\">\n\t\t\t\t<div class=\"elementor-widget-container\">\n\t\t\t\t\t\t\t\t\t\t\t\t\t\t\t\t<a href=\"https:\/\/www.boehringer-ingelheim.com.br\/\" target=\"_blank\">\n\t\t\t\t\t\t\t<img decoding=\"async\" src=\"https:\/\/strokebeyondborders.org\/wp-content\/uploads\/elementor\/thumbs\/boehringer01-ra7eocumox1nihx51wmyepyr8ervbf96padg4gqv40.png\" title=\"boehringer01.png\" alt=\"boehringer01.png\" loading=\"lazy\" \/>\t\t\t\t\t\t\t\t<\/a>\n\t\t\t\t\t\t\t\t\t\t\t\t\t\t\t<\/div>\n\t\t\t\t<\/div>\n\t\t\t\t<div class=\"elementor-element elementor-element-2870ebe elementor-widget__width-initial elementor-widget elementor-widget-image\" data-id=\"2870ebe\" data-element_type=\"widget\" data-e-type=\"widget\" data-widget_type=\"image.default\">\n\t\t\t\t<div class=\"elementor-widget-container\">\n\t\t\t\t\t\t\t\t\t\t\t\t\t\t\t<img decoding=\"async\" width=\"124\" height=\"90\" src=\"https:\/\/strokebeyondborders.org\/wp-content\/uploads\/2025\/08\/siemens.png\" class=\"attachment-full size-full wp-image-4540\" alt=\"\" \/>\t\t\t\t\t\t\t\t\t\t\t\t\t\t\t<\/div>\n\t\t\t\t<\/div>\n\t\t\t\t<div class=\"elementor-element elementor-element-a25c91c elementor-widget__width-initial elementor-widget elementor-widget-image\" data-id=\"a25c91c\" data-element_type=\"widget\" data-e-type=\"widget\" data-widget_type=\"image.default\">\n\t\t\t\t<div class=\"elementor-widget-container\">\n\t\t\t\t\t\t\t\t\t\t\t\t\t\t\t<img decoding=\"async\" width=\"180\" height=\"36\" src=\"https:\/\/strokebeyondborders.org\/wp-content\/uploads\/2025\/08\/Penumbra.png\" class=\"attachment-full size-full wp-image-4544\" alt=\"\" \/>\t\t\t\t\t\t\t\t\t\t\t\t\t\t\t<\/div>\n\t\t\t\t<\/div>\n\t\t\t\t<div class=\"elementor-element elementor-element-7430d9f elementor-widget__width-initial elementor-widget elementor-widget-image\" data-id=\"7430d9f\" data-element_type=\"widget\" data-e-type=\"widget\" data-widget_type=\"image.default\">\n\t\t\t\t<div class=\"elementor-widget-container\">\n\t\t\t\t\t\t\t\t\t\t\t\t\t\t\t<img loading=\"lazy\" decoding=\"async\" width=\"300\" height=\"46\" src=\"https:\/\/strokebeyondborders.org\/wp-content\/uploads\/2025\/08\/mdt_logo_white.png\" class=\"attachment-full size-full wp-image-4541\" alt=\"\" \/>\t\t\t\t\t\t\t\t\t\t\t\t\t\t\t<\/div>\n\t\t\t\t<\/div>\n\t\t\t\t<\/div>\n\t\t\t\t<\/div>\n\t\t\t\t\t<\/div>\n\t\t\t\t<\/div>\n\t\t\t\t<\/div>\n\t\t\t\t<\/div>\n\t\t\t\t\t\t<\/div>\n\t\t\t\t<\/div>\n\t\t\t\t<\/div>\n\t\t<div class=\"elementor-element elementor-element-ef2cfec e-con-full e-flex e-con e-parent\" data-id=\"ef2cfec\" data-element_type=\"container\" data-e-type=\"container\">\n\t\t\t\t<div class=\"elementor-element elementor-element-de9e0a0 elementor-widget elementor-widget-template\" data-id=\"de9e0a0\" data-element_type=\"widget\" data-e-type=\"widget\" data-widget_type=\"template.default\">\n\t\t\t\t<div class=\"elementor-widget-container\">\n\t\t\t\t\t\t\t<div class=\"elementor-template\">\n\t\t\t\t\t<div data-elementor-type=\"section\" data-elementor-id=\"4037\" class=\"elementor elementor-4037\" data-elementor-post-type=\"elementor_library\">\n\t\t\t<div class=\"elementor-element elementor-element-e290937 e-flex e-con-boxed e-con e-parent\" data-id=\"e290937\" data-element_type=\"container\" data-e-type=\"container\" data-settings=\"{&quot;background_background&quot;:&quot;classic&quot;}\">\n\t\t\t\t\t<div class=\"e-con-inner\">\n\t\t<div class=\"elementor-element elementor-element-7f0d839 e-con-full e-flex e-con e-child\" data-id=\"7f0d839\" data-element_type=\"container\" data-e-type=\"container\">\n\t\t\t\t<div class=\"elementor-element elementor-element-4114bfb elementor-widget elementor-widget-heading\" data-id=\"4114bfb\" data-element_type=\"widget\" data-e-type=\"widget\" data-widget_type=\"heading.default\">\n\t\t\t\t<div class=\"elementor-widget-container\">\n\t\t\t\t\t<h3 class=\"elementor-heading-title elementor-size-default\">Nossos parceiros e patrocinadores<\/h3>\t\t\t\t<\/div>\n\t\t\t\t<\/div>\n\t\t\t\t<div class=\"elementor-element elementor-element-bcbdbc0 elementor-widget elementor-widget-text-editor\" data-id=\"bcbdbc0\" data-element_type=\"widget\" data-e-type=\"widget\" data-widget_type=\"text-editor.default\">\n\t\t\t\t<div class=\"elementor-widget-container\">\n\t\t\t\t\t\t\t\t\t<p>Alcan\u00e7ar nosso prop\u00f3sito de uma vida sem AVC \u00e9 uma tarefa que n\u00e3o podemos realizar sozinhos. Estamos empenhados em construir nossas parcerias globais, regionais e nacionais para expandir e entregar melhorias na preven\u00e7\u00e3o, tratamento e apoio para reduzir o impacto do AVC.<\/p>\t\t\t\t\t\t\t\t<\/div>\n\t\t\t\t<\/div>\n\t\t\t\t<\/div>\n\t\t\t\t\t<\/div>\n\t\t\t\t<\/div>\n\t\t\t\t<\/div>\n\t\t\t\t<\/div>\n\t\t\t\t\t\t<\/div>\n\t\t\t\t<\/div>\n\t\t\t\t<\/div>\n\t\t\t\t<\/div>\n\t\t","protected":false},"excerpt":{"rendered":"<p>Criterios para la Certificaci\u00f3nde los Centros de ACV Indicadores de calidad 1a. Tiempo de Puerta-aguja (mediana) ______ min% de pacientes con puerta-aguja &lt;60 min _______ (objetivo &gt; 50%)% de pacientes con puerta-aguja &lt;45 min _______ 1b. Tiempo de Puerta-punci\u00f3n (mediana) _____ min (Centros Avanzados)% de pacientes puerta-punci\u00f3n &lt;120 min _____ (objetivo &gt; 50%)% de pacientes [&hellip;]<\/p>\n","protected":false},"author":1,"featured_media":0,"parent":6248,"menu_order":0,"comment_status":"closed","ping_status":"closed","template":"","meta":{"_acf_changed":false,"footnotes":""},"class_list":["post-6307","page","type-page","status-publish","hentry"],"acf":[],"_links":{"self":[{"href":"https:\/\/strokebeyondborders.org\/es\/wp-json\/wp\/v2\/pages\/6307","targetHints":{"allow":["GET"]}}],"collection":[{"href":"https:\/\/strokebeyondborders.org\/es\/wp-json\/wp\/v2\/pages"}],"about":[{"href":"https:\/\/strokebeyondborders.org\/es\/wp-json\/wp\/v2\/types\/page"}],"author":[{"embeddable":true,"href":"https:\/\/strokebeyondborders.org\/es\/wp-json\/wp\/v2\/users\/1"}],"replies":[{"embeddable":true,"href":"https:\/\/strokebeyondborders.org\/es\/wp-json\/wp\/v2\/comments?post=6307"}],"version-history":[{"count":1,"href":"https:\/\/strokebeyondborders.org\/es\/wp-json\/wp\/v2\/pages\/6307\/revisions"}],"predecessor-version":[{"id":6308,"href":"https:\/\/strokebeyondborders.org\/es\/wp-json\/wp\/v2\/pages\/6307\/revisions\/6308"}],"up":[{"embeddable":true,"href":"https:\/\/strokebeyondborders.org\/es\/wp-json\/wp\/v2\/pages\/6248"}],"wp:attachment":[{"href":"https:\/\/strokebeyondborders.org\/es\/wp-json\/wp\/v2\/media?parent=6307"}],"curies":[{"name":"wp","href":"https:\/\/api.w.org\/{rel}","templated":true}]}}