{"id":6311,"date":"2025-08-13T17:44:36","date_gmt":"2025-08-13T20:44:36","guid":{"rendered":"https:\/\/strokebeyondborders.org\/latam\/recertificacion\/"},"modified":"2026-03-25T15:51:20","modified_gmt":"2026-03-25T18:51:20","slug":"recertificacion","status":"publish","type":"page","link":"https:\/\/strokebeyondborders.org\/es\/certificacion\/latam\/recertificacion\/","title":{"rendered":"Recertificaci\u00f3n"},"content":{"rendered":"\t\t<div data-elementor-type=\"wp-page\" data-elementor-id=\"6311\" class=\"elementor elementor-6311 elementor-4822\" data-elementor-post-type=\"page\">\n\t\t\t\t<div class=\"elementor-element elementor-element-f42496d e-flex e-con-boxed e-con e-parent\" data-id=\"f42496d\" data-element_type=\"container\" data-e-type=\"container\">\n\t\t\t\t\t<div class=\"e-con-inner\">\n\t\t<div class=\"elementor-element elementor-element-ddba42d e-con-full e-flex e-con e-child\" data-id=\"ddba42d\" data-element_type=\"container\" data-e-type=\"container\">\n\t\t<div class=\"elementor-element elementor-element-6a6dae1 e-con-full e-flex e-con e-child\" data-id=\"6a6dae1\" data-element_type=\"container\" data-e-type=\"container\">\n\t\t<div class=\"elementor-element elementor-element-f4e3243 e-con-full e-flex e-con e-child\" data-id=\"f4e3243\" data-element_type=\"container\" data-e-type=\"container\">\n\t\t\t\t<div class=\"elementor-element elementor-element-bce665d elementor-widget elementor-widget-image\" data-id=\"bce665d\" data-element_type=\"widget\" data-e-type=\"widget\" data-widget_type=\"image.default\">\n\t\t\t\t<div class=\"elementor-widget-container\">\n\t\t\t\t\t\t\t\t\t\t\t\t\t\t\t<img fetchpriority=\"high\" decoding=\"async\" width=\"585\" height=\"585\" src=\"https:\/\/strokebeyondborders.org\/wp-content\/uploads\/2026\/01\/Stroke-Center-Certification-1.png\" class=\"attachment-full size-full wp-image-6250\" alt=\"\" \/>\t\t\t\t\t\t\t\t\t\t\t\t\t\t\t<\/div>\n\t\t\t\t<\/div>\n\t\t<div class=\"elementor-element elementor-element-ae2d412 e-con-full e-flex e-con e-child\" data-id=\"ae2d412\" data-element_type=\"container\" data-e-type=\"container\">\n\t\t\t\t<div class=\"elementor-element elementor-element-22ae7fc elementor-widget elementor-widget-heading\" data-id=\"22ae7fc\" data-element_type=\"widget\" data-e-type=\"widget\" data-widget_type=\"heading.default\">\n\t\t\t\t<div class=\"elementor-widget-container\">\n\t\t\t\t\t<h2 class=\"elementor-heading-title elementor-size-default\">Recertificaci\u00f3n de los Centros de ACV<br>WSO\/SIECV en Am\u00e9rica Latina<\/h2>\t\t\t\t<\/div>\n\t\t\t\t<\/div>\n\t\t\t\t<\/div>\n\t\t\t\t<\/div>\n\t\t\t\t<div class=\"elementor-element elementor-element-541c6d8 elementor-widget elementor-widget-text-editor\" data-id=\"541c6d8\" data-element_type=\"widget\" data-e-type=\"widget\" data-widget_type=\"text-editor.default\">\n\t\t\t\t<div class=\"elementor-widget-container\">\n\t\t\t\t\t\t\t\t\t<p>Al finalizar los 2 (dos) a\u00f1os de la Certificaci\u00f3n del Centro del Programa WSO\/SIECV, se espera que, durante este per\u00edodo, la calidad de la atenci\u00f3n basada en la mejor evidencia disponible y la mejora continua hayan sido constantes en la pr\u00e1ctica cl\u00ednica diaria. Los centros deben continuar cumpliendo con el 100% de los criterios obligatorios y al menos el 85% de los criterios recomendados para solicitar la recertificaci\u00f3n.<\/p>\t\t\t\t\t\t\t\t<\/div>\n\t\t\t\t<\/div>\n\t\t\t\t<div class=\"elementor-element elementor-element-990280a elementor-widget elementor-widget-text-editor\" data-id=\"990280a\" data-element_type=\"widget\" data-e-type=\"widget\" data-widget_type=\"text-editor.default\">\n\t\t\t\t<div class=\"elementor-widget-container\">\n\t\t\t\t\t\t\t\t\t<p><b>Etapas de la Recertificaci\u00f3n:<\/b><br>Completar el formulario de solicitud de Recertificaci\u00f3n disponible en el entorno del Centro dentro de la plataforma del programa, ingresando con su usuario y contrase\u00f1a.<\/p><p>Una vez completado el formulario y si usted es elegible para la Recertificaci\u00f3n (el sistema le informar\u00e1 su estado y resultados), podr\u00e1 adjuntar la documentaci\u00f3n correspondiente, descrita a continuaci\u00f3n. Es necesario completar el documento \u201cRegistro de Indicadores de Calidad\u201d con los datos correspondientes a los dos a\u00f1os inmediatamente anteriores (deben completarse por separado, con los datos de cada a\u00f1o).<br>Adjuntar la informaci\u00f3n necesaria para verificar la implementaci\u00f3n de estrategias destinadas a cumplir las sugerencias e indicaciones realizadas durante el proceso de certificaci\u00f3n inicial (incluidas en el documento \u201cInforme de Visita\u201d) enviadas a cada centro. <\/p><p>Los documentos enviados y los indicadores de calidad ser\u00e1n presentados durante una reuni\u00f3n de la Comisi\u00f3n de Evaluaci\u00f3n, la cual definir\u00e1 si el centro est\u00e1 apto para ser recertificado o si es necesario adjuntar informaci\u00f3n adicional. Asimismo, el Comit\u00e9 decidir\u00e1 si es necesaria una nueva visita o si puede otorgarse la recertificaci\u00f3n con base en la informaci\u00f3n proporcionada y los resultados de la primera visita.<\/p>\t\t\t\t\t\t\t\t<\/div>\n\t\t\t\t<\/div>\n\t\t\t\t<div class=\"elementor-element elementor-element-e6f96d1 elementor-widget elementor-widget-heading\" data-id=\"e6f96d1\" data-element_type=\"widget\" data-e-type=\"widget\" data-widget_type=\"heading.default\">\n\t\t\t\t<div class=\"elementor-widget-container\">\n\t\t\t\t\t<h2 class=\"elementor-heading-title elementor-size-default\">Requisitos Fundamentales<\/h2>\t\t\t\t<\/div>\n\t\t\t\t<\/div>\n\t\t\t\t<div class=\"elementor-element elementor-element-058b060 elementor-widget elementor-widget-text-editor\" data-id=\"058b060\" data-element_type=\"widget\" data-e-type=\"widget\" data-widget_type=\"text-editor.default\">\n\t\t\t\t<div class=\"elementor-widget-container\">\n\t\t\t\t\t\t\t\t\t<p>\u00b7 Los centros deben cumplir con el 100% de los criterios obligatorios y el 85% de los criterios recomendados (para conocer su estado actual, utilice la herramienta de autoevaluaci\u00f3n).<br>\u00b7 Actualizaci\u00f3n del certificado (escalas NIHSS y Rankin modificada).<br>\u00b7 Actualizaci\u00f3n de capacitaciones para el equipo de salud en general.<br>\u00b7 Actualizaci\u00f3n del protocolo de atenci\u00f3n.<br>\u00b7 Registro actualizado en una de las plataformas internacionales o nacionales reconocidas para el registro de indicadores de calidad (RES-Q, SITS, Registro NORA, Registro Nacional). No se aceptar\u00e1n registros locales propios.<br>\u00b7 En caso de cambios en la infraestructura y\/o en los recursos materiales, humanos y documentales, esta documentaci\u00f3n deber\u00e1 adjuntarse.<br>\u00b7 Los Centros Avanzados deben contar con un \u00e1rea geogr\u00e1ficamente definida (exclusiva o mixta) para la atenci\u00f3n de pacientes con accidente cerebrovascular.<br>\u00b7 Evaluaci\u00f3n de las sugerencias e indicaciones descritas en el documento \u201cInforme de Visita\u201d y presentaci\u00f3n de respaldo sobre las estrategias implementadas para resolver las dificultades identificadas durante el proceso de certificaci\u00f3n.<br>\u00b7 Finalmente, los centros certificados como esenciales que cuenten con los recursos necesarios para postularse como centro avanzado podr\u00e1n iniciar el proceso en cualquier momento que lo deseen.<\/p>\t\t\t\t\t\t\t\t<\/div>\n\t\t\t\t<\/div>\n\t\t\t\t<div class=\"elementor-element elementor-element-34f27a9 elementor-widget elementor-widget-heading\" data-id=\"34f27a9\" data-element_type=\"widget\" data-e-type=\"widget\" data-widget_type=\"heading.default\">\n\t\t\t\t<div class=\"elementor-widget-container\">\n\t\t\t\t\t<h2 class=\"elementor-heading-title elementor-size-default\">Requisitos B\u00e1sicos<\/h2>\t\t\t\t<\/div>\n\t\t\t\t<\/div>\n\t\t\t\t<div class=\"elementor-element elementor-element-8fb59fb elementor-widget elementor-widget-text-editor\" data-id=\"8fb59fb\" data-element_type=\"widget\" data-e-type=\"widget\" data-widget_type=\"text-editor.default\">\n\t\t\t\t<div class=\"elementor-widget-container\">\n\t\t\t\t\t\t\t\t\t<p>Los centros deben contar con certificaciones y capacitaciones actualizadas de todos los profesionales involucrados en la atenci\u00f3n de pacientes con ACV, manteniendo los mismos requisitos e intensidad del proceso de certificaci\u00f3n inicial:<br>Neur\u00f3logos: Certificaci\u00f3n en NIHSS y escala de Rankin modificada v\u00e1lida por al menos 2 a\u00f1os.<br>L\u00edder de enfermer\u00eda de cada \u00e1rea de atenci\u00f3n: Certificaci\u00f3n en NIHSS con validez no inferior a 2 a\u00f1os.<br>Profesional responsable del registro de indicadores de calidad: Certificaci\u00f3n en la escala Rankin modificada con validez no superior a 2 a\u00f1os.<br>Equipo de Enfermer\u00eda en Emergencias: Capacitaci\u00f3n sobre el rol de enfermer\u00eda en la atenci\u00f3n del paciente con accidente cerebrovascular en fase hiperaguda y aguda (carga horaria no inferior a 2 horas\/a\u00f1o).<br>Equipo de enfermer\u00eda en general (Unidad de ACV, Unidad de Cuidados Intensivos\/Intermedios, hospitalizaci\u00f3n general): Capacitaci\u00f3n en el cuidado de pacientes hospitalizados con accidente cerebrovascular (carga horaria no inferior a 4 horas\/a\u00f1o).<br>Temas sugeridos: escalas de evaluaci\u00f3n (NIHSS, mRankin, BARTHEL, etc.), degluci\u00f3n y nutrici\u00f3n, control de temperatura y signos vitales, control gluc\u00e9mico, movilizaci\u00f3n, prevenci\u00f3n secundaria, protocolo de anticoagulaci\u00f3n, eliminaciones fisiol\u00f3gicas, entre otros.<\/p><p>M\u00e9dicos emergenci\u00f3logos: Capacitaci\u00f3n en la atenci\u00f3n de pacientes con accidente cerebrovascular (carga horaria no inferior a 4 horas\/a\u00f1o).<br>Temas sugeridos: reconocimiento precoz del ACV, activaci\u00f3n del c\u00f3digo ACV, protocolo de atenci\u00f3n, escalas de evaluaci\u00f3n aguda (NIHSS y Rankin modificada), protocolo e interpretaci\u00f3n de neuroimagen, v\u00edas de atenci\u00f3n, tromb\u00f3lisis intravenosa, trombectom\u00eda mec\u00e1nica, cuidados pre, intra y postromb\u00f3lisis, evaluaci\u00f3n de disfagia, entre otros.<br>M\u00e9dicos de la Unidad de ACV, Angiograf\u00eda, Unidad Intensiva o Intermedia: Capacitaci\u00f3n en la atenci\u00f3n de pacientes con ACV (carga horaria no inferior a 8 horas\/a\u00f1o).<br>Temas sugeridos: reconocimiento precoz del ACV, activaci\u00f3n del c\u00f3digo ACV, protocolo de atenci\u00f3n, interpretaci\u00f3n de neuroimagen, tromb\u00f3lisis intravenosa, trombectom\u00eda mec\u00e1nica, cuidados pre, intra y postromb\u00f3lisis, prevenci\u00f3n secundaria del ACV isqu\u00e9mico, control de presi\u00f3n arterial en enfermedad cerebrovascular, investigaci\u00f3n etiol\u00f3gica, rehabilitaci\u00f3n oportuna, entre otros.<br>Fisioterapia, Terapia Ocupacional y Rehabilitaci\u00f3n en general: Capacitaci\u00f3n en la atenci\u00f3n de pacientes con accidente cerebrovascular (carga horaria no inferior a 4 horas\/a\u00f1o).<br>Temas sugeridos: protocolos de rehabilitaci\u00f3n en enfermedad cerebrovascular, escalas de evaluaci\u00f3n, planificaci\u00f3n de rehabilitaci\u00f3n, entre otros.<br>Los centros que hayan modificado el Protocolo de Cuidados Agudos o actualizado sus gu\u00edas de pr\u00e1ctica cl\u00ednica deber\u00e1n adjuntar el nuevo documento.<br>Protocolos generales de atenci\u00f3n actualizados.<br>En caso de modificaciones en infraestructura o recursos materiales, humanos y documentales, estos deber\u00e1n adjuntarse.<br>Estrategias para la mejora continua de la calidad asistencial.<br>Listas de asistencia a reuniones peri\u00f3dicas del Programa ACV.<\/p>\t\t\t\t\t\t\t\t<\/div>\n\t\t\t\t<\/div>\n\t\t\t\t<div class=\"elementor-element elementor-element-573b4f9 elementor-widget elementor-widget-heading\" data-id=\"573b4f9\" data-element_type=\"widget\" data-e-type=\"widget\" data-widget_type=\"heading.default\">\n\t\t\t\t<div class=\"elementor-widget-container\">\n\t\t\t\t\t<h2 class=\"elementor-heading-title elementor-size-default\">Requisitos Adicionales<\/h2>\t\t\t\t<\/div>\n\t\t\t\t<\/div>\n\t\t\t\t<div class=\"elementor-element elementor-element-e34bf9b elementor-widget elementor-widget-text-editor\" data-id=\"e34bf9b\" data-element_type=\"widget\" data-e-type=\"widget\" data-widget_type=\"text-editor.default\">\n\t\t\t\t<div class=\"elementor-widget-container\">\n\t\t\t\t\t\t\t\t\t<p>Adem\u00e1s de los requisitos obligatorios disponibles en el formulario de inscripci\u00f3n, se considerar\u00e1n las siguientes recomendaciones:<\/p><p>El Centro Certificado debe contar con el registro de indicadores de calidad actualizado en una plataforma externa (RES-Q, SITS, Registro NORA o Registro Nacional reconocido), independientemente de la categor\u00eda de certificaci\u00f3n.<br>Los Centros Avanzados deben disponer de un \u00e1rea geogr\u00e1ficamente definida (exclusiva o no) para la atenci\u00f3n de pacientes con accidente cerebrovascular agudo (Unidad de ACV).<br>El Centro debe contar con un Neur\u00f3logo L\u00edder responsable de la atenci\u00f3n de pacientes con enfermedad cerebrovascular.<br>Demostrar estrategias implementadas y datos que evidencien mejora en el n\u00famero de pacientes sometidos a terapias de reperfusi\u00f3n aguda (tromb\u00f3lisis o trombectom\u00eda mec\u00e1nica) en centros Esenciales y Avanzados que no hayan alcanzado el n\u00famero m\u00ednimo anual sugerido de casos.<br>Los centros que no cumplan el n\u00famero m\u00ednimo de tromb\u00f3lisis deber\u00e1n demostrar adecuadamente la organizaci\u00f3n del servicio y que todos los pacientes elegibles est\u00e1n siendo tratados, evidenciando que el bajo n\u00famero de tromb\u00f3lisis y\/o trombectom\u00edas se debe a factores fuera del control del centro.<br>El Centro Avanzado debe contar con disponibilidad del servicio de Neurolog\u00eda en tiempo integral (presencial o remoto) para la toma de decisiones en la fase hiperaguda del paciente con ACV.<\/p>\t\t\t\t\t\t\t\t<\/div>\n\t\t\t\t<\/div>\n\t\t\t\t<\/div>\n\t\t\t\t<\/div>\n\t\t\t\t\t<\/div>\n\t\t\t\t<\/div>\n\t\t<div class=\"elementor-element elementor-element-2ef90ca e-con-full e-flex e-con e-parent\" data-id=\"2ef90ca\" data-element_type=\"container\" data-e-type=\"container\">\n\t\t\t\t<div class=\"elementor-element elementor-element-78df0ed elementor-widget elementor-widget-template\" data-id=\"78df0ed\" data-element_type=\"widget\" data-e-type=\"widget\" data-widget_type=\"template.default\">\n\t\t\t\t<div class=\"elementor-widget-container\">\n\t\t\t\t\t\t\t<div class=\"elementor-template\">\n\t\t\t\t\t<div data-elementor-type=\"section\" data-elementor-id=\"4531\" class=\"elementor elementor-4531\" data-elementor-post-type=\"elementor_library\">\n\t\t\t<div class=\"elementor-element elementor-element-31142af e-flex e-con-boxed e-con e-parent\" data-id=\"31142af\" data-element_type=\"container\" data-e-type=\"container\">\n\t\t\t\t\t<div class=\"e-con-inner\">\n\t\t<div class=\"elementor-element elementor-element-e78c093 e-con-full e-flex e-con e-child\" data-id=\"e78c093\" data-element_type=\"container\" data-e-type=\"container\">\n\t\t\t\t<div class=\"elementor-element elementor-element-6e89b57 elementor-widget elementor-widget-heading\" data-id=\"6e89b57\" data-element_type=\"widget\" data-e-type=\"widget\" data-widget_type=\"heading.default\">\n\t\t\t\t<div class=\"elementor-widget-container\">\n\t\t\t\t\t<h2 class=\"elementor-heading-title elementor-size-default\">Organiza\u00e7\u00e3o<\/h2>\t\t\t\t<\/div>\n\t\t\t\t<\/div>\n\t\t<div class=\"elementor-element elementor-element-9db3e62 e-con-full e-flex e-con e-child\" data-id=\"9db3e62\" data-element_type=\"container\" data-e-type=\"container\">\n\t\t\t\t<div class=\"elementor-element elementor-element-f22c62e elementor-widget__width-auto elementor-widget elementor-widget-image\" data-id=\"f22c62e\" data-element_type=\"widget\" data-e-type=\"widget\" data-widget_type=\"image.default\">\n\t\t\t\t<div class=\"elementor-widget-container\">\n\t\t\t\t\t\t\t\t\t\t\t\t\t\t\t\t<a href=\"https:\/\/www.world-stroke.org\/\" target=\"_blank\">\n\t\t\t\t\t\t\t<img decoding=\"async\" src=\"https:\/\/strokebeyondborders.org\/wp-content\/uploads\/elementor\/thumbs\/wso01-ra7eoayyb8z2v9zvcvtp9qfu1n14w11q112h5wtngg.png\" title=\"wso01.png\" alt=\"wso01.png\" loading=\"lazy\" \/>\t\t\t\t\t\t\t\t<\/a>\n\t\t\t\t\t\t\t\t\t\t\t\t\t\t\t<\/div>\n\t\t\t\t<\/div>\n\t\t\t\t<div class=\"elementor-element elementor-element-27557d9 elementor-widget__width-auto elementor-widget elementor-widget-image\" data-id=\"27557d9\" data-element_type=\"widget\" data-e-type=\"widget\" data-widget_type=\"image.default\">\n\t\t\t\t<div class=\"elementor-widget-container\">\n\t\t\t\t\t\t\t\t\t\t\t\t\t\t\t<img decoding=\"async\" src=\"https:\/\/strokebeyondborders.org\/wp-content\/uploads\/elementor\/thumbs\/siecv01-ra7eobwsi30d6vyi7e8bu87an0wi3q5gd5pyn6s9a8.png\" title=\"siecv01.png\" alt=\"siecv01.png\" loading=\"lazy\" \/>\t\t\t\t\t\t\t\t\t\t\t\t\t\t\t<\/div>\n\t\t\t\t<\/div>\n\t\t\t\t<\/div>\n\t\t\t\t<\/div>\n\t\t<div class=\"elementor-element elementor-element-9d124ae e-con-full e-flex e-con e-child\" data-id=\"9d124ae\" data-element_type=\"container\" data-e-type=\"container\">\n\t\t\t\t<div class=\"elementor-element elementor-element-a11166d elementor-widget elementor-widget-heading\" data-id=\"a11166d\" data-element_type=\"widget\" data-e-type=\"widget\" data-widget_type=\"heading.default\">\n\t\t\t\t<div class=\"elementor-widget-container\">\n\t\t\t\t\t<h2 class=\"elementor-heading-title elementor-size-default\">Colaboradores<\/h2>\t\t\t\t<\/div>\n\t\t\t\t<\/div>\n\t\t<div class=\"elementor-element elementor-element-af56df2 e-con-full e-flex e-con e-child\" data-id=\"af56df2\" data-element_type=\"container\" data-e-type=\"container\">\n\t\t\t\t<div class=\"elementor-element elementor-element-04f8285 elementor-widget__width-auto elementor-widget elementor-widget-image\" data-id=\"04f8285\" data-element_type=\"widget\" data-e-type=\"widget\" data-widget_type=\"image.default\">\n\t\t\t\t<div class=\"elementor-widget-container\">\n\t\t\t\t\t\t\t\t\t\t\t\t\t\t\t\t<a href=\"https:\/\/missionthrombectomy2020.org\/\" target=\"_blank\">\n\t\t\t\t\t\t\t<img decoding=\"async\" src=\"https:\/\/strokebeyondborders.org\/wp-content\/uploads\/elementor\/thumbs\/mt202001-ra7eobwsi30d6vyi7e8bu87an0wi3q5gd5pyn6s9a8.png\" title=\"mt202001.png\" alt=\"mt202001.png\" loading=\"lazy\" \/>\t\t\t\t\t\t\t\t<\/a>\n\t\t\t\t\t\t\t\t\t\t\t\t\t\t\t<\/div>\n\t\t\t\t<\/div>\n\t\t\t\t<div class=\"elementor-element elementor-element-7d20bab elementor-widget__width-auto elementor-widget elementor-widget-image\" data-id=\"7d20bab\" data-element_type=\"widget\" data-e-type=\"widget\" data-widget_type=\"image.default\">\n\t\t\t\t<div class=\"elementor-widget-container\">\n\t\t\t\t\t\t\t\t\t\t\t\t\t\t\t\t<a href=\"https:\/\/www.svin.org\/\" target=\"_blank\">\n\t\t\t\t\t\t\t<img decoding=\"async\" src=\"https:\/\/strokebeyondborders.org\/wp-content\/uploads\/elementor\/thumbs\/svin01-ra7eobwsi30d6vyi7e8bu87an0wi3q5gd5pyn6s9a8.png\" title=\"svin01.png\" alt=\"svin01.png\" loading=\"lazy\" \/>\t\t\t\t\t\t\t\t<\/a>\n\t\t\t\t\t\t\t\t\t\t\t\t\t\t\t<\/div>\n\t\t\t\t<\/div>\n\t\t\t\t<\/div>\n\t\t\t\t<\/div>\n\t\t<div class=\"elementor-element elementor-element-099db2a e-con-full e-flex e-con e-child\" data-id=\"099db2a\" data-element_type=\"container\" data-e-type=\"container\">\n\t\t\t\t<div class=\"elementor-element elementor-element-bed9b39 elementor-widget elementor-widget-heading\" data-id=\"bed9b39\" data-element_type=\"widget\" data-e-type=\"widget\" data-widget_type=\"heading.default\">\n\t\t\t\t<div class=\"elementor-widget-container\">\n\t\t\t\t\t<h2 class=\"elementor-heading-title elementor-size-default\">Patrocinadores<\/h2>\t\t\t\t<\/div>\n\t\t\t\t<\/div>\n\t\t<div class=\"elementor-element elementor-element-b490efb e-con-full e-flex e-con e-child\" data-id=\"b490efb\" data-element_type=\"container\" data-e-type=\"container\">\n\t\t\t\t<div class=\"elementor-element elementor-element-69766c1 elementor-widget__width-initial elementor-widget elementor-widget-image\" data-id=\"69766c1\" data-element_type=\"widget\" data-e-type=\"widget\" data-widget_type=\"image.default\">\n\t\t\t\t<div class=\"elementor-widget-container\">\n\t\t\t\t\t\t\t\t\t\t\t\t\t\t\t\t<a href=\"https:\/\/www.boehringer-ingelheim.com.br\/\" target=\"_blank\">\n\t\t\t\t\t\t\t<img decoding=\"async\" src=\"https:\/\/strokebeyondborders.org\/wp-content\/uploads\/elementor\/thumbs\/boehringer01-ra7eocumox1nihx51wmyepyr8ervbf96padg4gqv40.png\" title=\"boehringer01.png\" alt=\"boehringer01.png\" loading=\"lazy\" \/>\t\t\t\t\t\t\t\t<\/a>\n\t\t\t\t\t\t\t\t\t\t\t\t\t\t\t<\/div>\n\t\t\t\t<\/div>\n\t\t\t\t<div class=\"elementor-element elementor-element-2870ebe elementor-widget__width-initial elementor-widget elementor-widget-image\" data-id=\"2870ebe\" data-element_type=\"widget\" data-e-type=\"widget\" data-widget_type=\"image.default\">\n\t\t\t\t<div class=\"elementor-widget-container\">\n\t\t\t\t\t\t\t\t\t\t\t\t\t\t\t<img decoding=\"async\" width=\"124\" height=\"90\" src=\"https:\/\/strokebeyondborders.org\/wp-content\/uploads\/2025\/08\/siemens.png\" class=\"attachment-full size-full wp-image-4540\" alt=\"\" \/>\t\t\t\t\t\t\t\t\t\t\t\t\t\t\t<\/div>\n\t\t\t\t<\/div>\n\t\t\t\t<div class=\"elementor-element elementor-element-a25c91c elementor-widget__width-initial elementor-widget elementor-widget-image\" data-id=\"a25c91c\" data-element_type=\"widget\" data-e-type=\"widget\" data-widget_type=\"image.default\">\n\t\t\t\t<div class=\"elementor-widget-container\">\n\t\t\t\t\t\t\t\t\t\t\t\t\t\t\t<img decoding=\"async\" width=\"180\" height=\"36\" src=\"https:\/\/strokebeyondborders.org\/wp-content\/uploads\/2025\/08\/Penumbra.png\" class=\"attachment-full size-full wp-image-4544\" alt=\"\" \/>\t\t\t\t\t\t\t\t\t\t\t\t\t\t\t<\/div>\n\t\t\t\t<\/div>\n\t\t\t\t<div class=\"elementor-element elementor-element-7430d9f elementor-widget__width-initial elementor-widget elementor-widget-image\" data-id=\"7430d9f\" data-element_type=\"widget\" data-e-type=\"widget\" data-widget_type=\"image.default\">\n\t\t\t\t<div class=\"elementor-widget-container\">\n\t\t\t\t\t\t\t\t\t\t\t\t\t\t\t<img loading=\"lazy\" decoding=\"async\" width=\"300\" height=\"46\" src=\"https:\/\/strokebeyondborders.org\/wp-content\/uploads\/2025\/08\/mdt_logo_white.png\" class=\"attachment-full size-full wp-image-4541\" alt=\"\" \/>\t\t\t\t\t\t\t\t\t\t\t\t\t\t\t<\/div>\n\t\t\t\t<\/div>\n\t\t\t\t<\/div>\n\t\t\t\t<\/div>\n\t\t\t\t\t<\/div>\n\t\t\t\t<\/div>\n\t\t\t\t<\/div>\n\t\t\t\t<\/div>\n\t\t\t\t\t\t<\/div>\n\t\t\t\t<\/div>\n\t\t\t\t<\/div>\n\t\t<div class=\"elementor-element elementor-element-ef2cfec e-con-full e-flex e-con e-parent\" data-id=\"ef2cfec\" data-element_type=\"container\" data-e-type=\"container\">\n\t\t\t\t<div class=\"elementor-element elementor-element-de9e0a0 elementor-widget elementor-widget-template\" data-id=\"de9e0a0\" data-element_type=\"widget\" data-e-type=\"widget\" data-widget_type=\"template.default\">\n\t\t\t\t<div class=\"elementor-widget-container\">\n\t\t\t\t\t\t\t<div class=\"elementor-template\">\n\t\t\t\t\t<div data-elementor-type=\"section\" data-elementor-id=\"4037\" class=\"elementor elementor-4037\" data-elementor-post-type=\"elementor_library\">\n\t\t\t<div class=\"elementor-element elementor-element-e290937 e-flex e-con-boxed e-con e-parent\" data-id=\"e290937\" data-element_type=\"container\" data-e-type=\"container\" data-settings=\"{&quot;background_background&quot;:&quot;classic&quot;}\">\n\t\t\t\t\t<div class=\"e-con-inner\">\n\t\t<div class=\"elementor-element elementor-element-7f0d839 e-con-full e-flex e-con e-child\" data-id=\"7f0d839\" data-element_type=\"container\" data-e-type=\"container\">\n\t\t\t\t<div class=\"elementor-element elementor-element-4114bfb elementor-widget elementor-widget-heading\" data-id=\"4114bfb\" data-element_type=\"widget\" data-e-type=\"widget\" data-widget_type=\"heading.default\">\n\t\t\t\t<div class=\"elementor-widget-container\">\n\t\t\t\t\t<h3 class=\"elementor-heading-title elementor-size-default\">Nossos parceiros e patrocinadores<\/h3>\t\t\t\t<\/div>\n\t\t\t\t<\/div>\n\t\t\t\t<div class=\"elementor-element elementor-element-bcbdbc0 elementor-widget elementor-widget-text-editor\" data-id=\"bcbdbc0\" data-element_type=\"widget\" data-e-type=\"widget\" data-widget_type=\"text-editor.default\">\n\t\t\t\t<div class=\"elementor-widget-container\">\n\t\t\t\t\t\t\t\t\t<p>Alcan\u00e7ar nosso prop\u00f3sito de uma vida sem AVC \u00e9 uma tarefa que n\u00e3o podemos realizar sozinhos. Estamos empenhados em construir nossas parcerias globais, regionais e nacionais para expandir e entregar melhorias na preven\u00e7\u00e3o, tratamento e apoio para reduzir o impacto do AVC.<\/p>\t\t\t\t\t\t\t\t<\/div>\n\t\t\t\t<\/div>\n\t\t\t\t<\/div>\n\t\t\t\t\t<\/div>\n\t\t\t\t<\/div>\n\t\t\t\t<\/div>\n\t\t\t\t<\/div>\n\t\t\t\t\t\t<\/div>\n\t\t\t\t<\/div>\n\t\t\t\t<\/div>\n\t\t\t\t<\/div>\n\t\t","protected":false},"excerpt":{"rendered":"<p>Recertificaci\u00f3n de los Centros de ACVWSO\/SIECV en Am\u00e9rica Latina Al finalizar los 2 (dos) a\u00f1os de la Certificaci\u00f3n del Centro del Programa WSO\/SIECV, se espera que, durante este per\u00edodo, la calidad de la atenci\u00f3n basada en la mejor evidencia disponible y la mejora continua hayan sido constantes en la pr\u00e1ctica cl\u00ednica diaria. Los centros deben [&hellip;]<\/p>\n","protected":false},"author":1,"featured_media":0,"parent":6248,"menu_order":0,"comment_status":"closed","ping_status":"closed","template":"","meta":{"_acf_changed":false,"footnotes":""},"class_list":["post-6311","page","type-page","status-publish","hentry"],"acf":[],"_links":{"self":[{"href":"https:\/\/strokebeyondborders.org\/es\/wp-json\/wp\/v2\/pages\/6311","targetHints":{"allow":["GET"]}}],"collection":[{"href":"https:\/\/strokebeyondborders.org\/es\/wp-json\/wp\/v2\/pages"}],"about":[{"href":"https:\/\/strokebeyondborders.org\/es\/wp-json\/wp\/v2\/types\/page"}],"author":[{"embeddable":true,"href":"https:\/\/strokebeyondborders.org\/es\/wp-json\/wp\/v2\/users\/1"}],"replies":[{"embeddable":true,"href":"https:\/\/strokebeyondborders.org\/es\/wp-json\/wp\/v2\/comments?post=6311"}],"version-history":[{"count":1,"href":"https:\/\/strokebeyondborders.org\/es\/wp-json\/wp\/v2\/pages\/6311\/revisions"}],"predecessor-version":[{"id":6312,"href":"https:\/\/strokebeyondborders.org\/es\/wp-json\/wp\/v2\/pages\/6311\/revisions\/6312"}],"up":[{"embeddable":true,"href":"https:\/\/strokebeyondborders.org\/es\/wp-json\/wp\/v2\/pages\/6248"}],"wp:attachment":[{"href":"https:\/\/strokebeyondborders.org\/es\/wp-json\/wp\/v2\/media?parent=6311"}],"curies":[{"name":"wp","href":"https:\/\/api.w.org\/{rel}","templated":true}]}}