{"id":6401,"date":"2025-08-14T10:49:02","date_gmt":"2025-08-14T13:49:02","guid":{"rendered":"https:\/\/strokebeyondborders.org\/latam\/boehringer-ingelheim\/"},"modified":"2026-03-25T16:25:43","modified_gmt":"2026-03-25T19:25:43","slug":"boehringer-ingelheim","status":"publish","type":"page","link":"https:\/\/strokebeyondborders.org\/es\/certificacion\/latam\/boehringer-ingelheim\/","title":{"rendered":"Boehringer Ingelheim"},"content":{"rendered":"\t\t<div data-elementor-type=\"wp-page\" data-elementor-id=\"6401\" class=\"elementor elementor-6401 elementor-4862\" data-elementor-post-type=\"page\">\n\t\t\t\t<div class=\"elementor-element elementor-element-603294d e-flex e-con-boxed e-con e-parent\" data-id=\"603294d\" data-element_type=\"container\" data-e-type=\"container\" data-settings=\"{&quot;background_background&quot;:&quot;classic&quot;}\">\n\t\t\t\t\t<div class=\"e-con-inner\">\n\t\t<div class=\"elementor-element elementor-element-d04f7f3 e-con-full e-flex e-con e-child\" data-id=\"d04f7f3\" data-element_type=\"container\" data-e-type=\"container\">\n\t\t\t\t<div class=\"elementor-element elementor-element-cab3815 elementor-widget elementor-widget-image\" data-id=\"cab3815\" data-element_type=\"widget\" data-e-type=\"widget\" data-widget_type=\"image.default\">\n\t\t\t\t<div class=\"elementor-widget-container\">\n\t\t\t\t\t\t\t\t\t\t\t\t\t\t\t<img decoding=\"async\" width=\"316\" height=\"137\" src=\"https:\/\/strokebeyondborders.org\/wp-content\/uploads\/2025\/08\/boheringer_branco.png\" class=\"attachment-full size-full wp-image-4864\" alt=\"\" \/>\t\t\t\t\t\t\t\t\t\t\t\t\t\t\t<\/div>\n\t\t\t\t<\/div>\n\t\t\t\t<div class=\"elementor-element elementor-element-0942572 elementor-widget elementor-widget-heading\" data-id=\"0942572\" data-element_type=\"widget\" data-e-type=\"widget\" data-widget_type=\"heading.default\">\n\t\t\t\t<div class=\"elementor-widget-container\">\n\t\t\t\t\t<h3 class=\"elementor-heading-title elementor-size-default\">SER REFERENCIA ES ENTREGAR SOLUCIONES PARA TODOS LOS MOMENTOS<br>DURANTE EL TRAYECTO DEL PACIENTE CON ACV<\/h3>\t\t\t\t<\/div>\n\t\t\t\t<\/div>\n\t\t<div class=\"elementor-element elementor-element-213beef e-con-full e-flex e-con e-child\" data-id=\"213beef\" data-element_type=\"container\" data-e-type=\"container\">\n\t\t<div class=\"elementor-element elementor-element-64ee669 e-con-full e-flex e-con e-child\" data-id=\"64ee669\" data-element_type=\"container\" data-e-type=\"container\" data-settings=\"{&quot;background_background&quot;:&quot;classic&quot;}\">\n\t\t\t\t<div class=\"elementor-element elementor-element-3b7043a elementor-widget elementor-widget-heading\" data-id=\"3b7043a\" data-element_type=\"widget\" data-e-type=\"widget\" data-widget_type=\"heading.default\">\n\t\t\t\t<div class=\"elementor-widget-container\">\n\t\t\t\t\t<h5 class=\"elementor-heading-title elementor-size-default\">CAPACITACI\u00d3N<\/h5>\t\t\t\t<\/div>\n\t\t\t\t<\/div>\n\t\t\t\t<\/div>\n\t\t<div class=\"elementor-element elementor-element-ac5f43e e-con-full e-flex e-con e-child\" data-id=\"ac5f43e\" data-element_type=\"container\" data-e-type=\"container\" data-settings=\"{&quot;background_background&quot;:&quot;classic&quot;}\">\n\t\t\t\t<div class=\"elementor-element elementor-element-6e236e0 elementor-widget elementor-widget-heading\" data-id=\"6e236e0\" data-element_type=\"widget\" data-e-type=\"widget\" data-widget_type=\"heading.default\">\n\t\t\t\t<div class=\"elementor-widget-container\">\n\t\t\t\t\t<h5 class=\"elementor-heading-title elementor-size-default\">DIAGN\u00d3STICO<\/h5>\t\t\t\t<\/div>\n\t\t\t\t<\/div>\n\t\t\t\t<\/div>\n\t\t<div class=\"elementor-element elementor-element-42e83a6 e-con-full e-flex e-con e-child\" data-id=\"42e83a6\" data-element_type=\"container\" data-e-type=\"container\" data-settings=\"{&quot;background_background&quot;:&quot;classic&quot;}\">\n\t\t\t\t<div class=\"elementor-element elementor-element-10e8157 elementor-widget elementor-widget-heading\" data-id=\"10e8157\" data-element_type=\"widget\" data-e-type=\"widget\" data-widget_type=\"heading.default\">\n\t\t\t\t<div class=\"elementor-widget-container\">\n\t\t\t\t\t<h5 class=\"elementor-heading-title elementor-size-default\">APOYO<\/h5>\t\t\t\t<\/div>\n\t\t\t\t<\/div>\n\t\t\t\t<\/div>\n\t\t\t\t<\/div>\n\t\t\t\t<\/div>\n\t\t\t\t\t<\/div>\n\t\t\t\t<\/div>\n\t\t<div class=\"elementor-element elementor-element-e83bcc2 e-flex e-con-boxed e-con e-parent\" data-id=\"e83bcc2\" data-element_type=\"container\" data-e-type=\"container\">\n\t\t\t\t\t<div class=\"e-con-inner\">\n\t\t<div class=\"elementor-element elementor-element-5382ab3 e-con-full e-flex e-con e-child\" data-id=\"5382ab3\" data-element_type=\"container\" data-e-type=\"container\">\n\t\t\t\t<div class=\"elementor-element elementor-element-8bdb9e6 elementor-widget elementor-widget-heading\" data-id=\"8bdb9e6\" data-element_type=\"widget\" data-e-type=\"widget\" data-widget_type=\"heading.default\">\n\t\t\t\t<div class=\"elementor-widget-container\">\n\t\t\t\t\t<h2 class=\"elementor-heading-title elementor-size-default\">CONOCE NUESTROS PROYECTOS Y SERVICIOS\n<\/h2>\t\t\t\t<\/div>\n\t\t\t\t<\/div>\n\t\t<div class=\"elementor-element elementor-element-b0f2cd1 e-con-full e-flex e-con e-child\" data-id=\"b0f2cd1\" data-element_type=\"container\" data-e-type=\"container\">\n\t\t<div class=\"elementor-element elementor-element-dec43b8 e-con-full e-flex e-con e-child\" data-id=\"dec43b8\" data-element_type=\"container\" data-e-type=\"container\" data-settings=\"{&quot;background_background&quot;:&quot;gradient&quot;}\">\n\t\t\t\t<div class=\"elementor-element elementor-element-baab3a9 elementor-widget elementor-widget-image\" data-id=\"baab3a9\" data-element_type=\"widget\" data-e-type=\"widget\" data-widget_type=\"image.default\">\n\t\t\t\t<div class=\"elementor-widget-container\">\n\t\t\t\t\t\t\t\t\t\t\t\t\t\t\t<img fetchpriority=\"high\" decoding=\"async\" width=\"768\" height=\"386\" src=\"https:\/\/strokebeyondborders.org\/wp-content\/uploads\/2025\/08\/Angels-768x386-1.png\" class=\"attachment-full size-full wp-image-6402\" alt=\"\" \/>\t\t\t\t\t\t\t\t\t\t\t\t\t\t\t<\/div>\n\t\t\t\t<\/div>\n\t\t\t\t<div class=\"elementor-element elementor-element-a20ac7f elementor-widget elementor-widget-heading\" data-id=\"a20ac7f\" data-element_type=\"widget\" data-e-type=\"widget\" data-widget_type=\"heading.default\">\n\t\t\t\t<div class=\"elementor-widget-container\">\n\t\t\t\t\t<h5 class=\"elementor-heading-title elementor-size-default\">Gesti\u00f3n hospitalaria para salvar vidas en el <br>tratamiento del ACV<\/h5>\t\t\t\t<\/div>\n\t\t\t\t<\/div>\n\t\t\t\t<div class=\"elementor-element elementor-element-22045e8 elementor-widget elementor-widget-heading\" data-id=\"22045e8\" data-element_type=\"widget\" data-e-type=\"widget\" data-widget_type=\"heading.default\">\n\t\t\t\t<div class=\"elementor-widget-container\">\n\t\t\t\t\t<p class=\"elementor-heading-title elementor-size-default\"><a href=\"https:\/\/www.angels-initiative.com\/\" target=\"_blank\">Dale una segunda oportunidad a la vida<\/a><\/p>\t\t\t\t<\/div>\n\t\t\t\t<\/div>\n\t\t\t\t<\/div>\n\t\t<div class=\"elementor-element elementor-element-ec61870 e-con-full e-flex e-con e-child\" data-id=\"ec61870\" data-element_type=\"container\" data-e-type=\"container\" data-settings=\"{&quot;background_background&quot;:&quot;gradient&quot;}\">\n\t\t\t\t<div class=\"elementor-element elementor-element-2fc1e51 elementor-widget elementor-widget-image\" data-id=\"2fc1e51\" data-element_type=\"widget\" data-e-type=\"widget\" data-widget_type=\"image.default\">\n\t\t\t\t<div class=\"elementor-widget-container\">\n\t\t\t\t\t\t\t\t\t\t\t\t\t\t\t<img decoding=\"async\" width=\"243\" height=\"73\" src=\"https:\/\/strokebeyondborders.org\/wp-content\/uploads\/2025\/08\/logo-ref-hospitalar.png\" class=\"attachment-full size-full wp-image-6403\" alt=\"\" \/>\t\t\t\t\t\t\t\t\t\t\t\t\t\t\t<\/div>\n\t\t\t\t<\/div>\n\t\t\t\t<div class=\"elementor-element elementor-element-39be13f elementor-widget elementor-widget-heading\" data-id=\"39be13f\" data-element_type=\"widget\" data-e-type=\"widget\" data-widget_type=\"heading.default\">\n\t\t\t\t<div class=\"elementor-widget-container\">\n\t\t\t\t\t<h5 class=\"elementor-heading-title elementor-size-default\">Con solo un clic, accede a un contenido completo sobre ACV. <\/h5>\t\t\t\t<\/div>\n\t\t\t\t<\/div>\n\t\t\t\t<div class=\"elementor-element elementor-element-630638e elementor-widget elementor-widget-heading\" data-id=\"630638e\" data-element_type=\"widget\" data-e-type=\"widget\" data-widget_type=\"heading.default\">\n\t\t\t\t<div class=\"elementor-widget-container\">\n\t\t\t\t\t<p class=\"elementor-heading-title elementor-size-default\"><a href=\"https:\/\/referenciahospitalar.boehringer-ingelheim.com.br\/\" target=\"_blank\">Obtenga su certificado tras finalizar las clases.<\/a><\/p>\t\t\t\t<\/div>\n\t\t\t\t<\/div>\n\t\t\t\t<\/div>\n\t\t\t\t<\/div>\n\t\t\t\t<\/div>\n\t\t\t\t\t<\/div>\n\t\t\t\t<\/div>\n\t\t<div class=\"elementor-element elementor-element-a95d022 e-flex e-con-boxed e-con e-parent\" data-id=\"a95d022\" data-element_type=\"container\" data-e-type=\"container\">\n\t\t\t\t\t<div class=\"e-con-inner\">\n\t\t<div class=\"elementor-element elementor-element-697ffa5 e-con-full e-flex e-con e-child\" data-id=\"697ffa5\" data-element_type=\"container\" data-e-type=\"container\">\n\t\t<div class=\"elementor-element elementor-element-9d2e9c1 e-con-full e-flex e-con e-child\" data-id=\"9d2e9c1\" data-element_type=\"container\" data-e-type=\"container\">\n\t\t\t\t<div class=\"elementor-element elementor-element-68a1907 elementor-widget elementor-widget-image\" data-id=\"68a1907\" data-element_type=\"widget\" data-e-type=\"widget\" data-widget_type=\"image.default\">\n\t\t\t\t<div class=\"elementor-widget-container\">\n\t\t\t\t\t\t\t\t\t\t\t\t\t\t\t<img decoding=\"async\" width=\"243\" height=\"73\" src=\"https:\/\/strokebeyondborders.org\/wp-content\/uploads\/2025\/08\/logo-ref-hospitalar.png\" class=\"attachment-full size-full wp-image-6403\" alt=\"\" \/>\t\t\t\t\t\t\t\t\t\t\t\t\t\t\t<\/div>\n\t\t\t\t<\/div>\n\t\t\t\t<div class=\"elementor-element elementor-element-0c4f85f elementor-widget elementor-widget-heading\" data-id=\"0c4f85f\" data-element_type=\"widget\" data-e-type=\"widget\" data-widget_type=\"heading.default\">\n\t\t\t\t<div class=\"elementor-widget-container\">\n\t\t\t\t\t<h2 class=\"elementor-heading-title elementor-size-default\">Educaci\u00f3n m\u00e9dica continua<\/h2>\t\t\t\t<\/div>\n\t\t\t\t<\/div>\n\t\t\t\t<\/div>\n\t\t<div class=\"elementor-element elementor-element-36bce8b e-con-full e-flex e-con e-child\" data-id=\"36bce8b\" data-element_type=\"container\" data-e-type=\"container\">\n\t\t<a class=\"elementor-element elementor-element-c6b2f24 e-con-full e-flex e-con e-child\" data-id=\"c6b2f24\" data-element_type=\"container\" data-e-type=\"container\" href=\"https:\/\/referenciahospitalar.boehringer-ingelheim.com.br\/content\/triagem-do-paciente-com-avc-0\" target=\"_blank\">\n\t\t\t\t<div class=\"elementor-element elementor-element-8b23956 elementor-widget elementor-widget-image\" data-id=\"8b23956\" data-element_type=\"widget\" data-e-type=\"widget\" data-widget_type=\"image.default\">\n\t\t\t\t<div class=\"elementor-widget-container\">\n\t\t\t\t\t\t\t\t\t\t\t\t\t\t\t<img loading=\"lazy\" decoding=\"async\" width=\"270\" height=\"162\" src=\"https:\/\/strokebeyondborders.org\/wp-content\/uploads\/2025\/08\/capa_triagem-play.png\" class=\"attachment-full size-full wp-image-4877\" alt=\"\" \/>\t\t\t\t\t\t\t\t\t\t\t\t\t\t\t<\/div>\n\t\t\t\t<\/div>\n\t\t\t\t<div class=\"elementor-element elementor-element-7b4f723 elementor-widget elementor-widget-heading\" data-id=\"7b4f723\" data-element_type=\"widget\" data-e-type=\"widget\" data-widget_type=\"heading.default\">\n\t\t\t\t<div class=\"elementor-widget-container\">\n\t\t\t\t\t<h5 class=\"elementor-heading-title elementor-size-default\">Triaje del paciente con ACV<\/h5>\t\t\t\t<\/div>\n\t\t\t\t<\/div>\n\t\t\t\t<\/a>\n\t\t<a class=\"elementor-element elementor-element-3d0dce4 e-con-full e-flex e-con e-child\" data-id=\"3d0dce4\" data-element_type=\"container\" data-e-type=\"container\" href=\"https:\/\/referenciahospitalar.boehringer-ingelheim.com.br\/content\/simulacao-de-atendimento-na-fase-aguda-avc-0\" target=\"_blank\">\n\t\t\t\t<div class=\"elementor-element elementor-element-98c3cb4 elementor-widget elementor-widget-image\" data-id=\"98c3cb4\" data-element_type=\"widget\" data-e-type=\"widget\" data-widget_type=\"image.default\">\n\t\t\t\t<div class=\"elementor-widget-container\">\n\t\t\t\t\t\t\t\t\t\t\t\t\t\t\t<img loading=\"lazy\" decoding=\"async\" width=\"270\" height=\"162\" src=\"https:\/\/strokebeyondborders.org\/wp-content\/uploads\/2025\/08\/capa_simulacao-play.png\" class=\"attachment-large size-large wp-image-4878\" alt=\"\" \/>\t\t\t\t\t\t\t\t\t\t\t\t\t\t\t<\/div>\n\t\t\t\t<\/div>\n\t\t\t\t<div class=\"elementor-element elementor-element-5b99ce5 elementor-widget elementor-widget-heading\" data-id=\"5b99ce5\" data-element_type=\"widget\" data-e-type=\"widget\" data-widget_type=\"heading.default\">\n\t\t\t\t<div class=\"elementor-widget-container\">\n\t\t\t\t\t<h5 class=\"elementor-heading-title elementor-size-default\">Simulaci\u00f3n de Atenci\u00f3n en la Fase Aguda \u2013 ACV<\/h5>\t\t\t\t<\/div>\n\t\t\t\t<\/div>\n\t\t\t\t<\/a>\n\t\t<a class=\"elementor-element elementor-element-8f414d5 e-con-full e-flex e-con e-child\" data-id=\"8f414d5\" data-element_type=\"container\" data-e-type=\"container\" href=\"https:\/\/referenciahospitalar.boehringer-ingelheim.com.br\/content\/aplicacao-da-escala-de-avc-do-national-institutes-health-nih-0\" target=\"_blank\">\n\t\t\t\t<div class=\"elementor-element elementor-element-7d4f99f elementor-widget elementor-widget-image\" data-id=\"7d4f99f\" data-element_type=\"widget\" data-e-type=\"widget\" data-widget_type=\"image.default\">\n\t\t\t\t<div class=\"elementor-widget-container\">\n\t\t\t\t\t\t\t\t\t\t\t\t\t\t\t<img loading=\"lazy\" decoding=\"async\" width=\"270\" height=\"162\" src=\"https:\/\/strokebeyondborders.org\/wp-content\/uploads\/2025\/08\/capa_aplicacao-play.png\" class=\"attachment-large size-large wp-image-4879\" alt=\"\" \/>\t\t\t\t\t\t\t\t\t\t\t\t\t\t\t<\/div>\n\t\t\t\t<\/div>\n\t\t\t\t<div class=\"elementor-element elementor-element-949c222 elementor-widget elementor-widget-heading\" data-id=\"949c222\" data-element_type=\"widget\" data-e-type=\"widget\" data-widget_type=\"heading.default\">\n\t\t\t\t<div class=\"elementor-widget-container\">\n\t\t\t\t\t<h5 class=\"elementor-heading-title elementor-size-default\">Aplicaci\u00f3n de la Escala de ACV \ndel National Institutes of Health (NIH)<\/h5>\t\t\t\t<\/div>\n\t\t\t\t<\/div>\n\t\t\t\t<\/a>\n\t\t\t\t<\/div>\n\t\t<div class=\"elementor-element elementor-element-69d9043 e-con-full e-flex e-con e-child\" data-id=\"69d9043\" data-element_type=\"container\" data-e-type=\"container\">\n\t\t\t\t<div class=\"elementor-element elementor-element-e788818 elementor-widget elementor-widget-image\" data-id=\"e788818\" data-element_type=\"widget\" data-e-type=\"widget\" data-widget_type=\"image.default\">\n\t\t\t\t<div class=\"elementor-widget-container\">\n\t\t\t\t\t\t\t\t\t\t\t\t\t\t\t<img fetchpriority=\"high\" decoding=\"async\" width=\"768\" height=\"386\" src=\"https:\/\/strokebeyondborders.org\/wp-content\/uploads\/2025\/08\/Angels-768x386-1.png\" class=\"attachment-full size-full wp-image-6402\" alt=\"\" \/>\t\t\t\t\t\t\t\t\t\t\t\t\t\t\t<\/div>\n\t\t\t\t<\/div>\n\t\t\t\t<div class=\"elementor-element elementor-element-4a2391a elementor-widget elementor-widget-heading\" data-id=\"4a2391a\" data-element_type=\"widget\" data-e-type=\"widget\" data-widget_type=\"heading.default\">\n\t\t\t\t<div class=\"elementor-widget-container\">\n\t\t\t\t\t<h2 class=\"elementor-heading-title elementor-size-default\">Curso EAD: Certificaci\u00f3n en ACV para Enfermeros\n<\/h2>\t\t\t\t<\/div>\n\t\t\t\t<\/div>\n\t\t\t\t<\/div>\n\t\t<div class=\"elementor-element elementor-element-22793e4 e-con-full e-flex e-con e-child\" data-id=\"22793e4\" data-element_type=\"container\" data-e-type=\"container\">\n\t\t<div class=\"elementor-element elementor-element-90165e5 e-con-full e-flex e-con e-child\" data-id=\"90165e5\" data-element_type=\"container\" data-e-type=\"container\">\n\t\t\t\t<div class=\"elementor-element elementor-element-2b58e59 elementor-widget elementor-widget-image\" data-id=\"2b58e59\" data-element_type=\"widget\" data-e-type=\"widget\" data-widget_type=\"image.default\">\n\t\t\t\t<div class=\"elementor-widget-container\">\n\t\t\t\t\t\t\t\t\t\t\t\t\t\t\t\t<a href=\"https:\/\/pt.angels-initiative.com\/\" target=\"_blank\">\n\t\t\t\t\t\t\t<img loading=\"lazy\" decoding=\"async\" width=\"1234\" height=\"313\" src=\"https:\/\/strokebeyondborders.org\/wp-content\/uploads\/2025\/08\/banner-bi.png\" class=\"attachment-full size-full wp-image-6404\" alt=\"\" \/>\t\t\t\t\t\t\t\t<\/a>\n\t\t\t\t\t\t\t\t\t\t\t\t\t\t\t<\/div>\n\t\t\t\t<\/div>\n\t\t\t\t<\/div>\n\t\t<div class=\"elementor-element elementor-element-be7cfa0 e-con-full e-flex e-con e-child\" data-id=\"be7cfa0\" data-element_type=\"container\" data-e-type=\"container\" data-settings=\"{&quot;background_background&quot;:&quot;classic&quot;}\">\n\t\t\t\t<div class=\"elementor-element elementor-element-caab9b0 elementor-widget elementor-widget-heading\" data-id=\"caab9b0\" data-element_type=\"widget\" data-e-type=\"widget\" data-widget_type=\"heading.default\">\n\t\t\t\t<div class=\"elementor-widget-container\">\n\t\t\t\t\t<h6 class=\"elementor-heading-title elementor-size-default\">Iniciativa Angels<\/h6>\t\t\t\t<\/div>\n\t\t\t\t<\/div>\n\t\t\t\t<div class=\"elementor-element elementor-element-0c5e4c4 elementor-widget elementor-widget-heading\" data-id=\"0c5e4c4\" data-element_type=\"widget\" data-e-type=\"widget\" data-widget_type=\"heading.default\">\n\t\t\t\t<div class=\"elementor-widget-container\">\n\t\t\t\t\t<h5 class=\"elementor-heading-title elementor-size-default\">Certificaci\u00f3n en ACV <br>para Enfermeros<\/h5>\t\t\t\t<\/div>\n\t\t\t\t<\/div>\n\t\t\t\t<div class=\"elementor-element elementor-element-b059b5a elementor-widget elementor-widget-button\" data-id=\"b059b5a\" data-element_type=\"widget\" data-e-type=\"widget\" data-widget_type=\"button.default\">\n\t\t\t\t<div class=\"elementor-widget-container\">\n\t\t\t\t\t\t\t\t\t<div class=\"elementor-button-wrapper\">\n\t\t\t\t\t<a class=\"elementor-button elementor-button-link elementor-size-sm\" href=\"https:\/\/pt.angels-initiative.com\/\" target=\"_blank\">\n\t\t\t\t\t\t<span class=\"elementor-button-content-wrapper\">\n\t\t\t\t\t\t\t\t\t<span class=\"elementor-button-text\">Acceder<\/span>\n\t\t\t\t\t<\/span>\n\t\t\t\t\t<\/a>\n\t\t\t\t<\/div>\n\t\t\t\t\t\t\t\t<\/div>\n\t\t\t\t<\/div>\n\t\t\t\t<\/div>\n\t\t\t\t<\/div>\n\t\t\t\t<div class=\"elementor-element elementor-element-4636013 elementor-widget elementor-widget-heading\" data-id=\"4636013\" data-element_type=\"widget\" data-e-type=\"widget\" data-widget_type=\"heading.default\">\n\t\t\t\t<div class=\"elementor-widget-container\">\n\t\t\t\t\t<p class=\"elementor-heading-title elementor-size-default\">Material destinado exclusivamente a profesionales de la salud habilitados para prescribir y\/o dispensar medicamentos. MARZO\/2021 y c\u00f3digo: XXXX<\/p>\t\t\t\t<\/div>\n\t\t\t\t<\/div>\n\t\t\t\t<\/div>\n\t\t\t\t\t<\/div>\n\t\t\t\t<\/div>\n\t\t\t\t<\/div>\n\t\t","protected":false},"excerpt":{"rendered":"<p>SER REFERENCIA ES ENTREGAR SOLUCIONES PARA TODOS LOS MOMENTOSDURANTE EL TRAYECTO DEL PACIENTE CON ACV CAPACITACI\u00d3N DIAGN\u00d3STICO APOYO CONOCE NUESTROS PROYECTOS Y SERVICIOS Gesti\u00f3n hospitalaria para salvar vidas en el tratamiento del ACV Dale una segunda oportunidad a la vida Con solo un clic, accede a un contenido completo sobre ACV. Obtenga su certificado tras [&hellip;]<\/p>\n","protected":false},"author":1,"featured_media":0,"parent":6248,"menu_order":0,"comment_status":"closed","ping_status":"closed","template":"","meta":{"_acf_changed":false,"footnotes":""},"class_list":["post-6401","page","type-page","status-publish","hentry"],"acf":[],"_links":{"self":[{"href":"https:\/\/strokebeyondborders.org\/es\/wp-json\/wp\/v2\/pages\/6401","targetHints":{"allow":["GET"]}}],"collection":[{"href":"https:\/\/strokebeyondborders.org\/es\/wp-json\/wp\/v2\/pages"}],"about":[{"href":"https:\/\/strokebeyondborders.org\/es\/wp-json\/wp\/v2\/types\/page"}],"author":[{"embeddable":true,"href":"https:\/\/strokebeyondborders.org\/es\/wp-json\/wp\/v2\/users\/1"}],"replies":[{"embeddable":true,"href":"https:\/\/strokebeyondborders.org\/es\/wp-json\/wp\/v2\/comments?post=6401"}],"version-history":[{"count":1,"href":"https:\/\/strokebeyondborders.org\/es\/wp-json\/wp\/v2\/pages\/6401\/revisions"}],"predecessor-version":[{"id":6405,"href":"https:\/\/strokebeyondborders.org\/es\/wp-json\/wp\/v2\/pages\/6401\/revisions\/6405"}],"up":[{"embeddable":true,"href":"https:\/\/strokebeyondborders.org\/es\/wp-json\/wp\/v2\/pages\/6248"}],"wp:attachment":[{"href":"https:\/\/strokebeyondborders.org\/es\/wp-json\/wp\/v2\/media?parent=6401"}],"curies":[{"name":"wp","href":"https:\/\/api.w.org\/{rel}","templated":true}]}}