{"id":6461,"date":"2025-08-13T17:25:49","date_gmt":"2025-08-13T20:25:49","guid":{"rendered":"https:\/\/strokebeyondborders.org\/latam\/chile\/"},"modified":"2026-03-25T16:40:23","modified_gmt":"2026-03-25T19:40:23","slug":"chile","status":"publish","type":"page","link":"https:\/\/strokebeyondborders.org\/es\/certificacion\/latam\/chile\/","title":{"rendered":"Chile"},"content":{"rendered":"\t\t<div data-elementor-type=\"wp-page\" data-elementor-id=\"6461\" class=\"elementor elementor-6461 elementor-4785\" data-elementor-post-type=\"page\">\n\t\t\t\t<div class=\"elementor-element elementor-element-364ac61 e-flex e-con-boxed e-con e-parent\" data-id=\"364ac61\" data-element_type=\"container\" data-e-type=\"container\">\n\t\t\t\t\t<div class=\"e-con-inner\">\n\t\t<div class=\"elementor-element elementor-element-ccd7053 e-con-full e-flex e-con e-child\" data-id=\"ccd7053\" data-element_type=\"container\" data-e-type=\"container\">\n\t\t\t\t<div class=\"elementor-element elementor-element-3b966ca elementor-widget__width-auto elementor-position-left elementor-vertical-align-top elementor-vertical-align-top elementor-widget elementor-widget-image-box\" data-id=\"3b966ca\" data-element_type=\"widget\" data-e-type=\"widget\" data-widget_type=\"image-box.default\">\n\t\t\t\t<div class=\"elementor-widget-container\">\n\t\t\t\t\t<div class=\"elementor-image-box-wrapper\"><figure class=\"elementor-image-box-img\"><img decoding=\"async\" width=\"80\" height=\"53\" src=\"https:\/\/strokebeyondborders.org\/wp-content\/uploads\/2025\/08\/chile-r9qmzl8ts3j4uf0vb3op56w3cetiwavy0l6rehf9ci.jpg\" class=\"attachment-full size-full wp-image-6472\" alt=\"\" \/><\/figure><div class=\"elementor-image-box-content\"><h2 class=\"elementor-image-box-title\">Chile<\/h2><\/div><\/div>\t\t\t\t<\/div>\n\t\t\t\t<\/div>\n\t\t<div class=\"elementor-element elementor-element-f40dd8d e-con-full e-flex e-con e-child\" data-id=\"f40dd8d\" data-element_type=\"container\" data-e-type=\"container\">\n\t\t<div class=\"elementor-element elementor-element-3a8a4ed e-con-full e-flex e-con e-child\" data-id=\"3a8a4ed\" data-element_type=\"container\" data-e-type=\"container\">\n\t\t\t\t<div class=\"elementor-element elementor-element-fb335b6 elementor-widget elementor-widget-heading\" data-id=\"fb335b6\" data-element_type=\"widget\" data-e-type=\"widget\" data-widget_type=\"heading.default\">\n\t\t\t\t<div class=\"elementor-widget-container\">\n\t\t\t\t\t<h5 class=\"elementor-heading-title elementor-size-default\">comit\u00e9<\/h5>\t\t\t\t<\/div>\n\t\t\t\t<\/div>\n\t\t<div class=\"elementor-element elementor-element-24b8f07 e-grid e-con-full e-con e-child\" data-id=\"24b8f07\" data-element_type=\"container\" data-e-type=\"container\">\n\t\t\t\t<div class=\"elementor-element elementor-element-e024e15 elementor-position-top elementor-widget elementor-widget-image-box\" data-id=\"e024e15\" data-element_type=\"widget\" data-e-type=\"widget\" data-widget_type=\"image-box.default\">\n\t\t\t\t<div class=\"elementor-widget-container\">\n\t\t\t\t\t<div class=\"elementor-image-box-wrapper\"><figure class=\"elementor-image-box-img\"><img fetchpriority=\"high\" decoding=\"async\" width=\"512\" height=\"512\" src=\"https:\/\/strokebeyondborders.org\/wp-content\/uploads\/2025\/08\/Imagens-medicos-8.png\" class=\"attachment-full size-full wp-image-5169\" alt=\"\" \/><\/figure><div class=\"elementor-image-box-content\"><h6 class=\"elementor-image-box-title\">Pablo Lavados<\/h6><\/div><\/div>\t\t\t\t<\/div>\n\t\t\t\t<\/div>\n\t\t\t\t<div class=\"elementor-element elementor-element-1e1de7b elementor-position-top elementor-widget elementor-widget-image-box\" data-id=\"1e1de7b\" data-element_type=\"widget\" data-e-type=\"widget\" data-widget_type=\"image-box.default\">\n\t\t\t\t<div class=\"elementor-widget-container\">\n\t\t\t\t\t<div class=\"elementor-image-box-wrapper\"><figure class=\"elementor-image-box-img\"><img decoding=\"async\" width=\"512\" height=\"512\" src=\"https:\/\/strokebeyondborders.org\/wp-content\/uploads\/2025\/08\/Imagens-medicos-9.png\" class=\"attachment-full size-full wp-image-5170\" alt=\"\" \/><\/figure><div class=\"elementor-image-box-content\"><h6 class=\"elementor-image-box-title\">Claudio Sacks<\/h6><\/div><\/div>\t\t\t\t<\/div>\n\t\t\t\t<\/div>\n\t\t\t\t<div class=\"elementor-element elementor-element-add32a6 elementor-position-top elementor-widget elementor-widget-image-box\" data-id=\"add32a6\" data-element_type=\"widget\" data-e-type=\"widget\" data-widget_type=\"image-box.default\">\n\t\t\t\t<div class=\"elementor-widget-container\">\n\t\t\t\t\t<div class=\"elementor-image-box-wrapper\"><figure class=\"elementor-image-box-img\"><img loading=\"lazy\" decoding=\"async\" width=\"512\" height=\"512\" src=\"https:\/\/strokebeyondborders.org\/wp-content\/uploads\/2025\/08\/Imagens-medicos-10.png\" class=\"attachment-full size-full wp-image-5129\" alt=\"\" \/><\/figure><div class=\"elementor-image-box-content\"><h6 class=\"elementor-image-box-title\">Arnold Hoppe<\/h6><\/div><\/div>\t\t\t\t<\/div>\n\t\t\t\t<\/div>\n\t\t\t\t<div class=\"elementor-element elementor-element-24dfaed elementor-position-top elementor-widget elementor-widget-image-box\" data-id=\"24dfaed\" data-element_type=\"widget\" data-e-type=\"widget\" data-widget_type=\"image-box.default\">\n\t\t\t\t<div class=\"elementor-widget-container\">\n\t\t\t\t\t<div class=\"elementor-image-box-wrapper\"><figure class=\"elementor-image-box-img\"><img loading=\"lazy\" decoding=\"async\" width=\"512\" height=\"512\" src=\"https:\/\/strokebeyondborders.org\/wp-content\/uploads\/2025\/08\/Imagens-medicos-20.png\" class=\"attachment-full size-full wp-image-5139\" alt=\"\" \/><\/figure><div class=\"elementor-image-box-content\"><h6 class=\"elementor-image-box-title\">Daniel Andreu<\/h6><\/div><\/div>\t\t\t\t<\/div>\n\t\t\t\t<\/div>\n\t\t\t\t<div class=\"elementor-element elementor-element-1c12a0a elementor-position-top elementor-widget elementor-widget-image-box\" data-id=\"1c12a0a\" data-element_type=\"widget\" data-e-type=\"widget\" data-widget_type=\"image-box.default\">\n\t\t\t\t<div class=\"elementor-widget-container\">\n\t\t\t\t\t<div class=\"elementor-image-box-wrapper\"><figure class=\"elementor-image-box-img\"><img loading=\"lazy\" decoding=\"async\" width=\"512\" height=\"512\" src=\"https:\/\/strokebeyondborders.org\/wp-content\/uploads\/2025\/08\/Imagens-medicos-19.png\" class=\"attachment-full size-full wp-image-5138\" alt=\"\" \/><\/figure><div class=\"elementor-image-box-content\"><h6 class=\"elementor-image-box-title\">Oscar Loureiro<\/h6><\/div><\/div>\t\t\t\t<\/div>\n\t\t\t\t<\/div>\n\t\t\t\t<div class=\"elementor-element elementor-element-764e0a4 elementor-position-top elementor-widget elementor-widget-image-box\" data-id=\"764e0a4\" data-element_type=\"widget\" data-e-type=\"widget\" data-widget_type=\"image-box.default\">\n\t\t\t\t<div class=\"elementor-widget-container\">\n\t\t\t\t\t<div class=\"elementor-image-box-wrapper\"><figure class=\"elementor-image-box-img\"><img loading=\"lazy\" decoding=\"async\" width=\"512\" height=\"512\" src=\"https:\/\/strokebeyondborders.org\/wp-content\/uploads\/2025\/08\/Imagens-medicos-18.png\" class=\"attachment-full size-full wp-image-5137\" alt=\"\" \/><\/figure><div class=\"elementor-image-box-content\"><h6 class=\"elementor-image-box-title\">Irving Santos<\/h6><\/div><\/div>\t\t\t\t<\/div>\n\t\t\t\t<\/div>\n\t\t\t\t<div class=\"elementor-element elementor-element-2389ff9 elementor-position-top elementor-widget elementor-widget-image-box\" data-id=\"2389ff9\" data-element_type=\"widget\" data-e-type=\"widget\" data-widget_type=\"image-box.default\">\n\t\t\t\t<div class=\"elementor-widget-container\">\n\t\t\t\t\t<div class=\"elementor-image-box-wrapper\"><figure class=\"elementor-image-box-img\"><img loading=\"lazy\" decoding=\"async\" width=\"512\" height=\"512\" src=\"https:\/\/strokebeyondborders.org\/wp-content\/uploads\/2025\/08\/Imagens-medicos-21.png\" class=\"attachment-full size-full wp-image-5140\" alt=\"\" \/><\/figure><div class=\"elementor-image-box-content\"><h6 class=\"elementor-image-box-title\">Rodrigo Rivera<\/h6><\/div><\/div>\t\t\t\t<\/div>\n\t\t\t\t<\/div>\n\t\t\t\t<div class=\"elementor-element elementor-element-d6a2e60 elementor-position-top elementor-widget elementor-widget-image-box\" data-id=\"d6a2e60\" data-element_type=\"widget\" data-e-type=\"widget\" data-widget_type=\"image-box.default\">\n\t\t\t\t<div class=\"elementor-widget-container\">\n\t\t\t\t\t<div class=\"elementor-image-box-wrapper\"><figure class=\"elementor-image-box-img\"><img loading=\"lazy\" decoding=\"async\" width=\"512\" height=\"512\" src=\"https:\/\/strokebeyondborders.org\/wp-content\/uploads\/2025\/08\/Imagens-medicos-22.png\" class=\"attachment-full size-full wp-image-5141\" alt=\"\" \/><\/figure><div class=\"elementor-image-box-content\"><h6 class=\"elementor-image-box-title\">Claudia Figueroa<\/h6><\/div><\/div>\t\t\t\t<\/div>\n\t\t\t\t<\/div>\n\t\t\t\t<div class=\"elementor-element elementor-element-6d13023 elementor-position-top elementor-widget elementor-widget-image-box\" data-id=\"6d13023\" data-element_type=\"widget\" data-e-type=\"widget\" data-widget_type=\"image-box.default\">\n\t\t\t\t<div class=\"elementor-widget-container\">\n\t\t\t\t\t<div class=\"elementor-image-box-wrapper\"><figure class=\"elementor-image-box-img\"><img loading=\"lazy\" decoding=\"async\" width=\"512\" height=\"512\" src=\"https:\/\/strokebeyondborders.org\/wp-content\/uploads\/2025\/08\/Imagens-medicos-23.png\" class=\"attachment-full size-full wp-image-5142\" alt=\"\" \/><\/figure><div class=\"elementor-image-box-content\"><h6 class=\"elementor-image-box-title\">Enrico Mazzon<\/h6><\/div><\/div>\t\t\t\t<\/div>\n\t\t\t\t<\/div>\n\t\t\t\t<div class=\"elementor-element elementor-element-6d943a1 elementor-position-top elementor-widget elementor-widget-image-box\" data-id=\"6d943a1\" data-element_type=\"widget\" data-e-type=\"widget\" data-widget_type=\"image-box.default\">\n\t\t\t\t<div class=\"elementor-widget-container\">\n\t\t\t\t\t<div class=\"elementor-image-box-wrapper\"><figure class=\"elementor-image-box-img\"><img loading=\"lazy\" decoding=\"async\" width=\"512\" height=\"512\" src=\"https:\/\/strokebeyondborders.org\/wp-content\/uploads\/2025\/08\/Imagens-medicos-24.png\" class=\"attachment-full size-full wp-image-5143\" alt=\"\" \/><\/figure><div class=\"elementor-image-box-content\"><h6 class=\"elementor-image-box-title\">Victor Navia<\/h6><\/div><\/div>\t\t\t\t<\/div>\n\t\t\t\t<\/div>\n\t\t\t\t<div class=\"elementor-element elementor-element-5823275 elementor-position-top elementor-widget elementor-widget-image-box\" data-id=\"5823275\" data-element_type=\"widget\" data-e-type=\"widget\" data-widget_type=\"image-box.default\">\n\t\t\t\t<div class=\"elementor-widget-container\">\n\t\t\t\t\t<div class=\"elementor-image-box-wrapper\"><figure class=\"elementor-image-box-img\"><img loading=\"lazy\" decoding=\"async\" width=\"512\" height=\"512\" src=\"https:\/\/strokebeyondborders.org\/wp-content\/uploads\/2025\/08\/Imagens-medicos-25.png\" class=\"attachment-full size-full wp-image-5147\" alt=\"\" \/><\/figure><div class=\"elementor-image-box-content\"><h6 class=\"elementor-image-box-title\">Rodrigo Guerrero<\/h6><\/div><\/div>\t\t\t\t<\/div>\n\t\t\t\t<\/div>\n\t\t\t\t<div class=\"elementor-element elementor-element-1aac683 elementor-hidden-desktop elementor-hidden-tablet elementor-hidden-mobile elementor-position-top elementor-widget elementor-widget-image-box\" data-id=\"1aac683\" data-element_type=\"widget\" data-e-type=\"widget\" data-widget_type=\"image-box.default\">\n\t\t\t\t<div class=\"elementor-widget-container\">\n\t\t\t\t\t<div class=\"elementor-image-box-wrapper\"><figure class=\"elementor-image-box-img\"><img loading=\"lazy\" decoding=\"async\" width=\"512\" height=\"512\" src=\"https:\/\/strokebeyondborders.org\/wp-content\/uploads\/2025\/08\/Imagens-medicos-25.png\" class=\"attachment-full size-full wp-image-5147\" alt=\"\" \/><\/figure><div class=\"elementor-image-box-content\"><h6 class=\"elementor-image-box-title\">Rodrigo Guerrero<\/h6><\/div><\/div>\t\t\t\t<\/div>\n\t\t\t\t<\/div>\n\t\t\t\t<\/div>\n\t\t\t\t<\/div>\n\t\t<div class=\"elementor-element elementor-element-cd45fc2 e-con-full e-flex e-con e-child\" data-id=\"cd45fc2\" data-element_type=\"container\" data-e-type=\"container\">\n\t\t\t\t<div class=\"elementor-element elementor-element-e615df0 elementor-widget elementor-widget-heading\" data-id=\"e615df0\" data-element_type=\"widget\" data-e-type=\"widget\" data-widget_type=\"heading.default\">\n\t\t\t\t<div class=\"elementor-widget-container\">\n\t\t\t\t\t<h5 class=\"elementor-heading-title elementor-size-default\">socios<\/h5>\t\t\t\t<\/div>\n\t\t\t\t<\/div>\n\t\t<div class=\"elementor-element elementor-element-5e7dcd6 e-grid e-con-full e-con e-child\" data-id=\"5e7dcd6\" data-element_type=\"container\" data-e-type=\"container\">\n\t\t\t\t<div class=\"elementor-element elementor-element-2923e70 elementor-widget elementor-widget-image\" data-id=\"2923e70\" data-element_type=\"widget\" data-e-type=\"widget\" data-widget_type=\"image.default\">\n\t\t\t\t<div class=\"elementor-widget-container\">\n\t\t\t\t\t\t\t\t\t\t\t\t\t\t\t<img loading=\"lazy\" decoding=\"async\" width=\"187\" height=\"116\" src=\"https:\/\/strokebeyondborders.org\/wp-content\/uploads\/2025\/08\/Sociedad-de-Neurologi\u0301a-Psiquiatri\u0301a-y-Neurocirugi\u0301a-de-Chile.png\" class=\"attachment-full size-full wp-image-6462\" alt=\"\" \/>\t\t\t\t\t\t\t\t\t\t\t\t\t\t\t<\/div>\n\t\t\t\t<\/div>\n\t\t\t\t<\/div>\n\t\t\t\t<\/div>\n\t\t\t\t<\/div>\n\t\t\t\t<\/div>\n\t\t\t\t\t<\/div>\n\t\t\t\t<\/div>\n\t\t<div class=\"elementor-element elementor-element-2ef90ca e-con-full e-flex e-con e-parent\" data-id=\"2ef90ca\" data-element_type=\"container\" data-e-type=\"container\">\n\t\t\t\t<div class=\"elementor-element elementor-element-78df0ed elementor-widget elementor-widget-template\" data-id=\"78df0ed\" data-element_type=\"widget\" data-e-type=\"widget\" data-widget_type=\"template.default\">\n\t\t\t\t<div class=\"elementor-widget-container\">\n\t\t\t\t\t\t\t<div class=\"elementor-template\">\n\t\t\t\t\t<div data-elementor-type=\"section\" data-elementor-id=\"4531\" class=\"elementor elementor-4531\" data-elementor-post-type=\"elementor_library\">\n\t\t\t<div class=\"elementor-element elementor-element-31142af e-flex e-con-boxed e-con e-parent\" data-id=\"31142af\" data-element_type=\"container\" data-e-type=\"container\">\n\t\t\t\t\t<div class=\"e-con-inner\">\n\t\t<div class=\"elementor-element elementor-element-e78c093 e-con-full e-flex e-con e-child\" data-id=\"e78c093\" data-element_type=\"container\" data-e-type=\"container\">\n\t\t\t\t<div class=\"elementor-element elementor-element-6e89b57 elementor-widget elementor-widget-heading\" data-id=\"6e89b57\" data-element_type=\"widget\" data-e-type=\"widget\" data-widget_type=\"heading.default\">\n\t\t\t\t<div class=\"elementor-widget-container\">\n\t\t\t\t\t<h2 class=\"elementor-heading-title elementor-size-default\">Organiza\u00e7\u00e3o<\/h2>\t\t\t\t<\/div>\n\t\t\t\t<\/div>\n\t\t<div class=\"elementor-element elementor-element-9db3e62 e-con-full e-flex e-con e-child\" data-id=\"9db3e62\" data-element_type=\"container\" data-e-type=\"container\">\n\t\t\t\t<div class=\"elementor-element elementor-element-f22c62e elementor-widget__width-auto elementor-widget elementor-widget-image\" data-id=\"f22c62e\" data-element_type=\"widget\" data-e-type=\"widget\" data-widget_type=\"image.default\">\n\t\t\t\t<div class=\"elementor-widget-container\">\n\t\t\t\t\t\t\t\t\t\t\t\t\t\t\t\t<a href=\"https:\/\/www.world-stroke.org\/\" target=\"_blank\">\n\t\t\t\t\t\t\t<img decoding=\"async\" src=\"https:\/\/strokebeyondborders.org\/wp-content\/uploads\/elementor\/thumbs\/wso01-ra7eoayyb8z2v9zvcvtp9qfu1n14w11q112h5wtngg.png\" title=\"wso01.png\" alt=\"wso01.png\" loading=\"lazy\" \/>\t\t\t\t\t\t\t\t<\/a>\n\t\t\t\t\t\t\t\t\t\t\t\t\t\t\t<\/div>\n\t\t\t\t<\/div>\n\t\t\t\t<div class=\"elementor-element elementor-element-27557d9 elementor-widget__width-auto elementor-widget elementor-widget-image\" data-id=\"27557d9\" data-element_type=\"widget\" data-e-type=\"widget\" data-widget_type=\"image.default\">\n\t\t\t\t<div class=\"elementor-widget-container\">\n\t\t\t\t\t\t\t\t\t\t\t\t\t\t\t<img decoding=\"async\" src=\"https:\/\/strokebeyondborders.org\/wp-content\/uploads\/elementor\/thumbs\/siecv01-ra7eobwsi30d6vyi7e8bu87an0wi3q5gd5pyn6s9a8.png\" title=\"siecv01.png\" alt=\"siecv01.png\" loading=\"lazy\" \/>\t\t\t\t\t\t\t\t\t\t\t\t\t\t\t<\/div>\n\t\t\t\t<\/div>\n\t\t\t\t<\/div>\n\t\t\t\t<\/div>\n\t\t<div class=\"elementor-element elementor-element-9d124ae e-con-full e-flex e-con e-child\" data-id=\"9d124ae\" data-element_type=\"container\" data-e-type=\"container\">\n\t\t\t\t<div class=\"elementor-element elementor-element-a11166d elementor-widget elementor-widget-heading\" data-id=\"a11166d\" data-element_type=\"widget\" data-e-type=\"widget\" data-widget_type=\"heading.default\">\n\t\t\t\t<div class=\"elementor-widget-container\">\n\t\t\t\t\t<h2 class=\"elementor-heading-title elementor-size-default\">Colaboradores<\/h2>\t\t\t\t<\/div>\n\t\t\t\t<\/div>\n\t\t<div class=\"elementor-element elementor-element-af56df2 e-con-full e-flex e-con e-child\" data-id=\"af56df2\" data-element_type=\"container\" data-e-type=\"container\">\n\t\t\t\t<div class=\"elementor-element elementor-element-04f8285 elementor-widget__width-auto elementor-widget elementor-widget-image\" data-id=\"04f8285\" data-element_type=\"widget\" data-e-type=\"widget\" data-widget_type=\"image.default\">\n\t\t\t\t<div class=\"elementor-widget-container\">\n\t\t\t\t\t\t\t\t\t\t\t\t\t\t\t\t<a href=\"https:\/\/missionthrombectomy2020.org\/\" target=\"_blank\">\n\t\t\t\t\t\t\t<img decoding=\"async\" src=\"https:\/\/strokebeyondborders.org\/wp-content\/uploads\/elementor\/thumbs\/mt202001-ra7eobwsi30d6vyi7e8bu87an0wi3q5gd5pyn6s9a8.png\" title=\"mt202001.png\" alt=\"mt202001.png\" loading=\"lazy\" \/>\t\t\t\t\t\t\t\t<\/a>\n\t\t\t\t\t\t\t\t\t\t\t\t\t\t\t<\/div>\n\t\t\t\t<\/div>\n\t\t\t\t<div class=\"elementor-element elementor-element-7d20bab elementor-widget__width-auto elementor-widget elementor-widget-image\" data-id=\"7d20bab\" data-element_type=\"widget\" data-e-type=\"widget\" data-widget_type=\"image.default\">\n\t\t\t\t<div class=\"elementor-widget-container\">\n\t\t\t\t\t\t\t\t\t\t\t\t\t\t\t\t<a href=\"https:\/\/www.svin.org\/\" target=\"_blank\">\n\t\t\t\t\t\t\t<img decoding=\"async\" src=\"https:\/\/strokebeyondborders.org\/wp-content\/uploads\/elementor\/thumbs\/svin01-ra7eobwsi30d6vyi7e8bu87an0wi3q5gd5pyn6s9a8.png\" title=\"svin01.png\" alt=\"svin01.png\" loading=\"lazy\" \/>\t\t\t\t\t\t\t\t<\/a>\n\t\t\t\t\t\t\t\t\t\t\t\t\t\t\t<\/div>\n\t\t\t\t<\/div>\n\t\t\t\t<\/div>\n\t\t\t\t<\/div>\n\t\t<div class=\"elementor-element elementor-element-099db2a e-con-full e-flex e-con e-child\" data-id=\"099db2a\" data-element_type=\"container\" data-e-type=\"container\">\n\t\t\t\t<div class=\"elementor-element elementor-element-bed9b39 elementor-widget elementor-widget-heading\" data-id=\"bed9b39\" data-element_type=\"widget\" data-e-type=\"widget\" data-widget_type=\"heading.default\">\n\t\t\t\t<div class=\"elementor-widget-container\">\n\t\t\t\t\t<h2 class=\"elementor-heading-title elementor-size-default\">Patrocinadores<\/h2>\t\t\t\t<\/div>\n\t\t\t\t<\/div>\n\t\t<div class=\"elementor-element elementor-element-b490efb e-con-full e-flex e-con e-child\" data-id=\"b490efb\" data-element_type=\"container\" data-e-type=\"container\">\n\t\t\t\t<div class=\"elementor-element elementor-element-69766c1 elementor-widget__width-initial elementor-widget elementor-widget-image\" data-id=\"69766c1\" data-element_type=\"widget\" data-e-type=\"widget\" data-widget_type=\"image.default\">\n\t\t\t\t<div class=\"elementor-widget-container\">\n\t\t\t\t\t\t\t\t\t\t\t\t\t\t\t\t<a href=\"https:\/\/www.boehringer-ingelheim.com.br\/\" target=\"_blank\">\n\t\t\t\t\t\t\t<img decoding=\"async\" src=\"https:\/\/strokebeyondborders.org\/wp-content\/uploads\/elementor\/thumbs\/boehringer01-ra7eocumox1nihx51wmyepyr8ervbf96padg4gqv40.png\" title=\"boehringer01.png\" alt=\"boehringer01.png\" loading=\"lazy\" \/>\t\t\t\t\t\t\t\t<\/a>\n\t\t\t\t\t\t\t\t\t\t\t\t\t\t\t<\/div>\n\t\t\t\t<\/div>\n\t\t\t\t<div class=\"elementor-element elementor-element-2870ebe elementor-widget__width-initial elementor-widget elementor-widget-image\" data-id=\"2870ebe\" data-element_type=\"widget\" data-e-type=\"widget\" data-widget_type=\"image.default\">\n\t\t\t\t<div class=\"elementor-widget-container\">\n\t\t\t\t\t\t\t\t\t\t\t\t\t\t\t<img loading=\"lazy\" decoding=\"async\" width=\"124\" height=\"90\" src=\"https:\/\/strokebeyondborders.org\/wp-content\/uploads\/2025\/08\/siemens.png\" class=\"attachment-full size-full wp-image-4540\" alt=\"\" \/>\t\t\t\t\t\t\t\t\t\t\t\t\t\t\t<\/div>\n\t\t\t\t<\/div>\n\t\t\t\t<div class=\"elementor-element elementor-element-a25c91c elementor-widget__width-initial elementor-widget elementor-widget-image\" data-id=\"a25c91c\" data-element_type=\"widget\" data-e-type=\"widget\" data-widget_type=\"image.default\">\n\t\t\t\t<div class=\"elementor-widget-container\">\n\t\t\t\t\t\t\t\t\t\t\t\t\t\t\t<img loading=\"lazy\" decoding=\"async\" width=\"180\" height=\"36\" src=\"https:\/\/strokebeyondborders.org\/wp-content\/uploads\/2025\/08\/Penumbra.png\" class=\"attachment-full size-full wp-image-4544\" alt=\"\" \/>\t\t\t\t\t\t\t\t\t\t\t\t\t\t\t<\/div>\n\t\t\t\t<\/div>\n\t\t\t\t<div class=\"elementor-element elementor-element-7430d9f elementor-widget__width-initial elementor-widget elementor-widget-image\" data-id=\"7430d9f\" data-element_type=\"widget\" data-e-type=\"widget\" data-widget_type=\"image.default\">\n\t\t\t\t<div class=\"elementor-widget-container\">\n\t\t\t\t\t\t\t\t\t\t\t\t\t\t\t<img loading=\"lazy\" decoding=\"async\" width=\"300\" height=\"46\" src=\"https:\/\/strokebeyondborders.org\/wp-content\/uploads\/2025\/08\/mdt_logo_white.png\" class=\"attachment-full size-full wp-image-4541\" alt=\"\" \/>\t\t\t\t\t\t\t\t\t\t\t\t\t\t\t<\/div>\n\t\t\t\t<\/div>\n\t\t\t\t<\/div>\n\t\t\t\t<\/div>\n\t\t\t\t\t<\/div>\n\t\t\t\t<\/div>\n\t\t\t\t<\/div>\n\t\t\t\t<\/div>\n\t\t\t\t\t\t<\/div>\n\t\t\t\t<\/div>\n\t\t\t\t<\/div>\n\t\t<div class=\"elementor-element elementor-element-ef2cfec e-con-full e-flex e-con e-parent\" data-id=\"ef2cfec\" data-element_type=\"container\" data-e-type=\"container\">\n\t\t\t\t<div class=\"elementor-element elementor-element-de9e0a0 elementor-widget elementor-widget-template\" data-id=\"de9e0a0\" data-element_type=\"widget\" data-e-type=\"widget\" data-widget_type=\"template.default\">\n\t\t\t\t<div class=\"elementor-widget-container\">\n\t\t\t\t\t\t\t<div class=\"elementor-template\">\n\t\t\t\t\t<div data-elementor-type=\"section\" data-elementor-id=\"4037\" class=\"elementor elementor-4037\" data-elementor-post-type=\"elementor_library\">\n\t\t\t<div class=\"elementor-element elementor-element-e290937 e-flex e-con-boxed e-con e-parent\" data-id=\"e290937\" data-element_type=\"container\" data-e-type=\"container\" data-settings=\"{&quot;background_background&quot;:&quot;classic&quot;}\">\n\t\t\t\t\t<div class=\"e-con-inner\">\n\t\t<div class=\"elementor-element elementor-element-7f0d839 e-con-full e-flex e-con e-child\" data-id=\"7f0d839\" data-element_type=\"container\" data-e-type=\"container\">\n\t\t\t\t<div class=\"elementor-element elementor-element-4114bfb elementor-widget elementor-widget-heading\" data-id=\"4114bfb\" data-element_type=\"widget\" data-e-type=\"widget\" data-widget_type=\"heading.default\">\n\t\t\t\t<div class=\"elementor-widget-container\">\n\t\t\t\t\t<h3 class=\"elementor-heading-title elementor-size-default\">Nossos parceiros e patrocinadores<\/h3>\t\t\t\t<\/div>\n\t\t\t\t<\/div>\n\t\t\t\t<div class=\"elementor-element elementor-element-bcbdbc0 elementor-widget elementor-widget-text-editor\" data-id=\"bcbdbc0\" data-element_type=\"widget\" data-e-type=\"widget\" data-widget_type=\"text-editor.default\">\n\t\t\t\t<div class=\"elementor-widget-container\">\n\t\t\t\t\t\t\t\t\t<p>Alcan\u00e7ar nosso prop\u00f3sito de uma vida sem AVC \u00e9 uma tarefa que n\u00e3o podemos realizar sozinhos. Estamos empenhados em construir nossas parcerias globais, regionais e nacionais para expandir e entregar melhorias na preven\u00e7\u00e3o, tratamento e apoio para reduzir o impacto do AVC.<\/p>\t\t\t\t\t\t\t\t<\/div>\n\t\t\t\t<\/div>\n\t\t\t\t<\/div>\n\t\t\t\t\t<\/div>\n\t\t\t\t<\/div>\n\t\t\t\t<\/div>\n\t\t\t\t<\/div>\n\t\t\t\t\t\t<\/div>\n\t\t\t\t<\/div>\n\t\t\t\t<\/div>\n\t\t\t\t<\/div>\n\t\t","protected":false},"excerpt":{"rendered":"<p>Chile comit\u00e9 Pablo Lavados Claudio Sacks Arnold Hoppe Daniel Andreu Oscar Loureiro Irving Santos Rodrigo Rivera Claudia Figueroa Enrico Mazzon Victor Navia Rodrigo Guerrero Rodrigo Guerrero socios<\/p>\n","protected":false},"author":2,"featured_media":0,"parent":6248,"menu_order":0,"comment_status":"closed","ping_status":"closed","template":"","meta":{"_acf_changed":false,"footnotes":""},"class_list":["post-6461","page","type-page","status-publish","hentry"],"acf":[],"_links":{"self":[{"href":"https:\/\/strokebeyondborders.org\/es\/wp-json\/wp\/v2\/pages\/6461","targetHints":{"allow":["GET"]}}],"collection":[{"href":"https:\/\/strokebeyondborders.org\/es\/wp-json\/wp\/v2\/pages"}],"about":[{"href":"https:\/\/strokebeyondborders.org\/es\/wp-json\/wp\/v2\/types\/page"}],"author":[{"embeddable":true,"href":"https:\/\/strokebeyondborders.org\/es\/wp-json\/wp\/v2\/users\/2"}],"replies":[{"embeddable":true,"href":"https:\/\/strokebeyondborders.org\/es\/wp-json\/wp\/v2\/comments?post=6461"}],"version-history":[{"count":1,"href":"https:\/\/strokebeyondborders.org\/es\/wp-json\/wp\/v2\/pages\/6461\/revisions"}],"predecessor-version":[{"id":6474,"href":"https:\/\/strokebeyondborders.org\/es\/wp-json\/wp\/v2\/pages\/6461\/revisions\/6474"}],"up":[{"embeddable":true,"href":"https:\/\/strokebeyondborders.org\/es\/wp-json\/wp\/v2\/pages\/6248"}],"wp:attachment":[{"href":"https:\/\/strokebeyondborders.org\/es\/wp-json\/wp\/v2\/media?parent=6461"}],"curies":[{"name":"wp","href":"https:\/\/api.w.org\/{rel}","templated":true}]}}