{"id":6563,"date":"2025-08-14T14:02:54","date_gmt":"2025-08-14T17:02:54","guid":{"rendered":"https:\/\/strokebeyondborders.org\/latam\/penumbra\/"},"modified":"2026-03-25T17:19:03","modified_gmt":"2026-03-25T20:19:03","slug":"penumbra","status":"publish","type":"page","link":"https:\/\/strokebeyondborders.org\/es\/certificacion\/latam\/penumbra\/","title":{"rendered":"Penumbra"},"content":{"rendered":"\t\t<div data-elementor-type=\"wp-page\" data-elementor-id=\"6563\" class=\"elementor elementor-6563 elementor-4970\" data-elementor-post-type=\"page\">\n\t\t\t\t<div class=\"elementor-element elementor-element-603294d e-flex e-con-boxed e-con e-parent\" data-id=\"603294d\" data-element_type=\"container\" data-e-type=\"container\" data-settings=\"{&quot;background_background&quot;:&quot;classic&quot;}\">\n\t\t\t\t\t<div class=\"e-con-inner\">\n\t\t<div class=\"elementor-element elementor-element-d04f7f3 e-con-full e-flex e-con e-child\" data-id=\"d04f7f3\" data-element_type=\"container\" data-e-type=\"container\">\n\t\t\t\t<div class=\"elementor-element elementor-element-ba0db14 elementor-widget elementor-widget-image\" data-id=\"ba0db14\" data-element_type=\"widget\" data-e-type=\"widget\" data-widget_type=\"image.default\">\n\t\t\t\t<div class=\"elementor-widget-container\">\n\t\t\t\t\t\t\t\t\t\t\t\t\t\t\t<img fetchpriority=\"high\" decoding=\"async\" width=\"4836\" height=\"956\" src=\"https:\/\/strokebeyondborders.org\/wp-content\/uploads\/2025\/08\/penumbra.png\" class=\"attachment-full size-full wp-image-6565\" alt=\"\" \/>\t\t\t\t\t\t\t\t\t\t\t\t\t\t\t<\/div>\n\t\t\t\t<\/div>\n\t\t\t\t<div class=\"elementor-element elementor-element-3cff8f3 elementor-widget elementor-widget-text-editor\" data-id=\"3cff8f3\" data-element_type=\"widget\" data-e-type=\"widget\" data-widget_type=\"text-editor.default\">\n\t\t\t\t<div class=\"elementor-widget-container\">\n\t\t\t\t\t\t\t\t\t<p>Con sede en Alameda, California, es una empresa global del sector sanitario centrada en terapias innovadoras. Penumbra dise\u00f1a, desarrolla, fabrica y comercializa nuevos productos, y cuenta con una amplia cartera que aborda afecciones m\u00e9dicas complejas en mercados con importantes necesidades no satisfechas. Penumbra presta apoyo a proveedores de atenci\u00f3n m\u00e9dica, hospitales y cl\u00ednicas en m\u00e1s de 100 pa\u00edses.<\/p>\t\t\t\t\t\t\t\t<\/div>\n\t\t\t\t<\/div>\n\t\t<div class=\"elementor-element elementor-element-831abda e-con-full e-flex e-con e-child\" data-id=\"831abda\" data-element_type=\"container\" data-e-type=\"container\">\n\t\t<div class=\"elementor-element elementor-element-c5aabd2 e-con-full e-flex e-con e-child\" data-id=\"c5aabd2\" data-element_type=\"container\" data-e-type=\"container\">\n\t\t\t\t<div class=\"elementor-element elementor-element-f7cb5a0 elementor-widget elementor-widget-video\" data-id=\"f7cb5a0\" data-element_type=\"widget\" data-e-type=\"widget\" data-settings=\"{&quot;youtube_url&quot;:&quot;https:\\\/\\\/www.youtube.com\\\/watch?v=OyLdb3ojT1Y&quot;,&quot;video_type&quot;:&quot;youtube&quot;,&quot;controls&quot;:&quot;yes&quot;}\" data-widget_type=\"video.default\">\n\t\t\t\t<div class=\"elementor-widget-container\">\n\t\t\t\t\t\t\t<div class=\"elementor-wrapper elementor-open-inline\">\n\t\t\t<div class=\"elementor-video\"><\/div>\t\t<\/div>\n\t\t\t\t\t\t<\/div>\n\t\t\t\t<\/div>\n\t\t\t\t<\/div>\n\t\t\t\t<\/div>\n\t\t\t\t<\/div>\n\t\t\t\t\t<\/div>\n\t\t\t\t<\/div>\n\t\t<div class=\"elementor-element elementor-element-58d8139 e-flex e-con-boxed e-con e-parent\" data-id=\"58d8139\" data-element_type=\"container\" data-e-type=\"container\">\n\t\t\t\t\t<div class=\"e-con-inner\">\n\t\t<div class=\"elementor-element elementor-element-400aa16 e-con-full e-flex e-con e-child\" data-id=\"400aa16\" data-element_type=\"container\" data-e-type=\"container\">\n\t\t\t\t<div class=\"elementor-element elementor-element-6fb8069 elementor-widget elementor-widget-heading\" data-id=\"6fb8069\" data-element_type=\"widget\" data-e-type=\"widget\" data-widget_type=\"heading.default\">\n\t\t\t\t<div class=\"elementor-widget-container\">\n\t\t\t\t\t<h2 class=\"elementor-heading-title elementor-size-default\">V\u00eddeos institucionales<\/h2>\t\t\t\t<\/div>\n\t\t\t\t<\/div>\n\t\t<div class=\"elementor-element elementor-element-dc44b0c e-con-full e-flex e-con e-child\" data-id=\"dc44b0c\" data-element_type=\"container\" data-e-type=\"container\">\n\t\t<div class=\"elementor-element elementor-element-9c78372 e-con-full e-flex e-con e-child\" data-id=\"9c78372\" data-element_type=\"container\" data-e-type=\"container\">\n\t\t\t\t<div class=\"elementor-element elementor-element-d38993a elementor-widget elementor-widget-image\" data-id=\"d38993a\" data-element_type=\"widget\" data-e-type=\"widget\" data-widget_type=\"image.default\">\n\t\t\t\t<div class=\"elementor-widget-container\">\n\t\t\t\t\t\t\t\t\t\t\t\t\t\t\t\t<a href=\"https:\/\/www.vumedi.com\/channel\/penumbra\/tab\/neuro-2\/video\/the-evolution-of-adapt-for-ischemic-stroke-and-initial-experiences-with-red-reperfusion-catheters\/\" target=\"_blank\">\n\t\t\t\t\t\t\t<img decoding=\"async\" width=\"749\" height=\"411\" src=\"https:\/\/strokebeyondborders.org\/wp-content\/uploads\/2025\/08\/image-5-1.png\" class=\"attachment-full size-full wp-image-6564\" alt=\"\" \/>\t\t\t\t\t\t\t\t<\/a>\n\t\t\t\t\t\t\t\t\t\t\t\t\t\t\t<\/div>\n\t\t\t\t<\/div>\n\t\t\t\t<div class=\"elementor-element elementor-element-cdaa615 elementor-widget elementor-widget-text-editor\" data-id=\"cdaa615\" data-element_type=\"widget\" data-e-type=\"widget\" data-widget_type=\"text-editor.default\">\n\t\t\t\t<div class=\"elementor-widget-container\">\n\t\t\t\t\t\t\t\t\t<p>Escuche al Dr. Charles Matouk hablar sobre la evoluci\u00f3n del tratamiento del accidente cerebrovascular, c\u00f3mo el estudio COMPLETE influy\u00f3 en la primera pr\u00e1ctica de ADAPT para el tratamiento del accidente cerebrovascular en Yale y por qu\u00e9 RED es su cat\u00e9ter preferido.<\/p>\t\t\t\t\t\t\t\t<\/div>\n\t\t\t\t<\/div>\n\t\t\t\t<\/div>\n\t\t<div class=\"elementor-element elementor-element-9857a04 e-con-full e-flex e-con e-child\" data-id=\"9857a04\" data-element_type=\"container\" data-e-type=\"container\">\n\t\t\t\t<div class=\"elementor-element elementor-element-e9e6d90 elementor-widget elementor-widget-image\" data-id=\"e9e6d90\" data-element_type=\"widget\" data-e-type=\"widget\" data-widget_type=\"image.default\">\n\t\t\t\t<div class=\"elementor-widget-container\">\n\t\t\t\t\t\t\t\t\t\t\t\t\t\t\t<img decoding=\"async\" width=\"401\" height=\"516\" src=\"https:\/\/strokebeyondborders.org\/wp-content\/uploads\/2025\/08\/Screenshot_3.png\" class=\"attachment-full size-full wp-image-4989\" alt=\"\" \/>\t\t\t\t\t\t\t\t\t\t\t\t\t\t\t<\/div>\n\t\t\t\t<\/div>\n\t\t\t\t<\/div>\n\t\t\t\t<\/div>\n\t\t\t\t<div class=\"elementor-element elementor-element-b83f876 elementor-align-center elementor-widget elementor-widget-button\" data-id=\"b83f876\" data-element_type=\"widget\" data-e-type=\"widget\" data-widget_type=\"button.default\">\n\t\t\t\t<div class=\"elementor-widget-container\">\n\t\t\t\t\t\t\t\t\t<div class=\"elementor-button-wrapper\">\n\t\t\t\t\t<a class=\"elementor-button elementor-button-link elementor-size-sm\" href=\"https:\/\/www.vumedi.com\/channel\/penumbra\/tab\/neuro-2\/video\/the-evolution-of-adapt-for-ischemic-stroke-and-initial-experiences-with-red-reperfusion-catheters\/\">\n\t\t\t\t\t\t<span class=\"elementor-button-content-wrapper\">\n\t\t\t\t\t\t\t\t\t<span class=\"elementor-button-text\">ver m\u00e1s<\/span>\n\t\t\t\t\t<\/span>\n\t\t\t\t\t<\/a>\n\t\t\t\t<\/div>\n\t\t\t\t\t\t\t\t<\/div>\n\t\t\t\t<\/div>\n\t\t\t\t<\/div>\n\t\t\t\t\t<\/div>\n\t\t\t\t<\/div>\n\t\t<div class=\"elementor-element elementor-element-cf6a571 e-flex e-con-boxed e-con e-parent\" data-id=\"cf6a571\" data-element_type=\"container\" data-e-type=\"container\" data-settings=\"{&quot;background_background&quot;:&quot;classic&quot;}\">\n\t\t\t\t\t<div class=\"e-con-inner\">\n\t\t<div class=\"elementor-element elementor-element-3267161 e-con-full e-flex e-con e-child\" data-id=\"3267161\" data-element_type=\"container\" data-e-type=\"container\">\n\t\t\t\t<div class=\"elementor-element elementor-element-3f3cac7 elementor-widget elementor-widget-heading\" data-id=\"3f3cac7\" data-element_type=\"widget\" data-e-type=\"widget\" data-widget_type=\"heading.default\">\n\t\t\t\t<div class=\"elementor-widget-container\">\n\t\t\t\t\t<h2 class=\"elementor-heading-title elementor-size-default\">Acute Ischemic Stroke <br>(Story 1)<\/h2>\t\t\t\t<\/div>\n\t\t\t\t<\/div>\n\t\t\t\t<div class=\"elementor-element elementor-element-8b212e8 elementor-widget elementor-widget-video\" data-id=\"8b212e8\" data-element_type=\"widget\" data-e-type=\"widget\" data-settings=\"{&quot;youtube_url&quot;:&quot;https:\\\/\\\/www.youtube.com\\\/watch?v=ZxYq306zmK0&quot;,&quot;video_type&quot;:&quot;youtube&quot;,&quot;controls&quot;:&quot;yes&quot;}\" data-widget_type=\"video.default\">\n\t\t\t\t<div class=\"elementor-widget-container\">\n\t\t\t\t\t\t\t<div class=\"elementor-wrapper elementor-open-inline\">\n\t\t\t<div class=\"elementor-video\"><\/div>\t\t<\/div>\n\t\t\t\t\t\t<\/div>\n\t\t\t\t<\/div>\n\t\t\t\t<div class=\"elementor-element elementor-element-01f6d90 elementor-widget elementor-widget-text-editor\" data-id=\"01f6d90\" data-element_type=\"widget\" data-e-type=\"widget\" data-widget_type=\"text-editor.default\">\n\t\t\t\t<div class=\"elementor-widget-container\">\n\t\t\t\t\t\t\t\t\t<p>Las opiniones y experiencias cl\u00ednicas aqu\u00ed presentadas tienen \u00fanicamente fines informativos. Los resultados podr\u00edan no ser predictivos para todos los pacientes. Los resultados individuales pueden variar dependiendo de diversos atributos espec\u00edficos de cada paciente. Cualquier decisi\u00f3n sobre el tratamiento debe tomarse en consulta con un profesional de la salud, tras un an\u00e1lisis exhaustivo de los riesgos y beneficios. Las opiniones expresadas en este documento son las del entrevistado y no reflejan necesariamente las opiniones de Penumbra, Inc. ni de sus filiales. El m\u00e9dico que aparece en el art\u00edculo es consultor de Penumbra, Inc.<\/p>\t\t\t\t\t\t\t\t<\/div>\n\t\t\t\t<\/div>\n\t\t\t\t<div class=\"elementor-element elementor-element-6a09843 elementor-align-center elementor-widget elementor-widget-button\" data-id=\"6a09843\" data-element_type=\"widget\" data-e-type=\"widget\" data-widget_type=\"button.default\">\n\t\t\t\t<div class=\"elementor-widget-container\">\n\t\t\t\t\t\t\t\t\t<div class=\"elementor-button-wrapper\">\n\t\t\t\t\t<a class=\"elementor-button elementor-button-link elementor-size-sm\" href=\"https:\/\/www.vumedi.com\/channel\/penumbra\/tab\/neuro-2\/video\/the-evolution-of-adapt-for-ischemic-stroke-and-initial-experiences-with-red-reperfusion-catheters\/\">\n\t\t\t\t\t\t<span class=\"elementor-button-content-wrapper\">\n\t\t\t\t\t\t\t\t\t<span class=\"elementor-button-text\">ver m\u00e1s<\/span>\n\t\t\t\t\t<\/span>\n\t\t\t\t\t<\/a>\n\t\t\t\t<\/div>\n\t\t\t\t\t\t\t\t<\/div>\n\t\t\t\t<\/div>\n\t\t\t\t<\/div>\n\t\t\t\t\t<\/div>\n\t\t\t\t<\/div>\n\t\t<div class=\"elementor-element elementor-element-da64973 e-flex e-con-boxed e-con e-parent\" data-id=\"da64973\" data-element_type=\"container\" data-e-type=\"container\" data-settings=\"{&quot;background_background&quot;:&quot;classic&quot;}\">\n\t\t\t\t\t<div class=\"e-con-inner\">\n\t\t<div class=\"elementor-element elementor-element-2bbac22 e-con-full e-flex e-con e-child\" data-id=\"2bbac22\" data-element_type=\"container\" data-e-type=\"container\">\n\t\t\t\t<div class=\"elementor-element elementor-element-6d3d28e elementor-widget elementor-widget-video\" data-id=\"6d3d28e\" data-element_type=\"widget\" data-e-type=\"widget\" data-settings=\"{&quot;video_type&quot;:&quot;hosted&quot;,&quot;controls&quot;:&quot;yes&quot;}\" data-widget_type=\"video.default\">\n\t\t\t\t<div class=\"elementor-widget-container\">\n\t\t\t\t\t\t\t<div class=\"e-hosted-video elementor-wrapper elementor-open-inline\">\n\t\t\t\t\t<video class=\"elementor-video\" src=\"https:\/\/strokebeyondborders.org\/wp-content\/uploads\/2025\/08\/25602.A-OUS-RED-Family-Animation-1.mp4\" controls=\"\" preload=\"metadata\" controlsList=\"nodownload\"><\/video>\n\t\t\t\t<\/div>\n\t\t\t\t\t\t<\/div>\n\t\t\t\t<\/div>\n\t\t\t\t<\/div>\n\t\t\t\t\t<\/div>\n\t\t\t\t<\/div>\n\t\t\t\t<\/div>\n\t\t","protected":false},"excerpt":{"rendered":"<p>Con sede en Alameda, California, es una empresa global del sector sanitario centrada en terapias innovadoras. Penumbra dise\u00f1a, desarrolla, fabrica y comercializa nuevos productos, y cuenta con una amplia cartera que aborda afecciones m\u00e9dicas complejas en mercados con importantes necesidades no satisfechas. Penumbra presta apoyo a proveedores de atenci\u00f3n m\u00e9dica, hospitales y cl\u00ednicas en m\u00e1s [&hellip;]<\/p>\n","protected":false},"author":1,"featured_media":0,"parent":6248,"menu_order":0,"comment_status":"closed","ping_status":"closed","template":"","meta":{"_acf_changed":false,"footnotes":""},"class_list":["post-6563","page","type-page","status-publish","hentry"],"acf":[],"_links":{"self":[{"href":"https:\/\/strokebeyondborders.org\/es\/wp-json\/wp\/v2\/pages\/6563","targetHints":{"allow":["GET"]}}],"collection":[{"href":"https:\/\/strokebeyondborders.org\/es\/wp-json\/wp\/v2\/pages"}],"about":[{"href":"https:\/\/strokebeyondborders.org\/es\/wp-json\/wp\/v2\/types\/page"}],"author":[{"embeddable":true,"href":"https:\/\/strokebeyondborders.org\/es\/wp-json\/wp\/v2\/users\/1"}],"replies":[{"embeddable":true,"href":"https:\/\/strokebeyondborders.org\/es\/wp-json\/wp\/v2\/comments?post=6563"}],"version-history":[{"count":1,"href":"https:\/\/strokebeyondborders.org\/es\/wp-json\/wp\/v2\/pages\/6563\/revisions"}],"predecessor-version":[{"id":6566,"href":"https:\/\/strokebeyondborders.org\/es\/wp-json\/wp\/v2\/pages\/6563\/revisions\/6566"}],"up":[{"embeddable":true,"href":"https:\/\/strokebeyondborders.org\/es\/wp-json\/wp\/v2\/pages\/6248"}],"wp:attachment":[{"href":"https:\/\/strokebeyondborders.org\/es\/wp-json\/wp\/v2\/media?parent=6563"}],"curies":[{"name":"wp","href":"https:\/\/api.w.org\/{rel}","templated":true}]}}