{"id":6584,"date":"2025-08-14T13:35:41","date_gmt":"2025-08-14T16:35:41","guid":{"rendered":"https:\/\/strokebeyondborders.org\/latam\/siemens-healthineers\/"},"modified":"2026-03-25T17:32:18","modified_gmt":"2026-03-25T20:32:18","slug":"siemens-healthineers","status":"publish","type":"page","link":"https:\/\/strokebeyondborders.org\/es\/certificacion\/latam\/siemens-healthineers\/","title":{"rendered":"Siemens Healthineers"},"content":{"rendered":"\t\t<div data-elementor-type=\"wp-page\" data-elementor-id=\"6584\" class=\"elementor elementor-6584 elementor-4913\" data-elementor-post-type=\"page\">\n\t\t\t\t<div class=\"elementor-element elementor-element-603294d e-flex e-con-boxed e-con e-parent\" data-id=\"603294d\" data-element_type=\"container\" data-e-type=\"container\" data-settings=\"{&quot;background_background&quot;:&quot;classic&quot;}\">\n\t\t\t\t\t<div class=\"e-con-inner\">\n\t\t<div class=\"elementor-element elementor-element-d04f7f3 e-con-full e-flex e-con e-child\" data-id=\"d04f7f3\" data-element_type=\"container\" data-e-type=\"container\">\n\t\t<div class=\"elementor-element elementor-element-58c1b2a e-con-full e-flex e-con e-child\" data-id=\"58c1b2a\" data-element_type=\"container\" data-e-type=\"container\">\n\t\t\t\t<div class=\"elementor-element elementor-element-c010a55 elementor-widget elementor-widget-heading\" data-id=\"c010a55\" data-element_type=\"widget\" data-e-type=\"widget\" data-widget_type=\"heading.default\">\n\t\t\t\t<div class=\"elementor-widget-container\">\n\t\t\t\t\t<h2 class=\"elementor-heading-title elementor-size-default\">Transformando la prestaci\u00f3n de <br>atenci\u00f3n al accidente cerebrovascular<\/h2>\t\t\t\t<\/div>\n\t\t\t\t<\/div>\n\t\t\t\t<div class=\"elementor-element elementor-element-bc0be2f elementor-widget elementor-widget-image\" data-id=\"bc0be2f\" data-element_type=\"widget\" data-e-type=\"widget\" data-widget_type=\"image.default\">\n\t\t\t\t<div class=\"elementor-widget-container\">\n\t\t\t\t\t\t\t\t\t\t\t\t\t\t\t<img fetchpriority=\"high\" decoding=\"async\" width=\"2499\" height=\"586\" src=\"https:\/\/strokebeyondborders.org\/wp-content\/uploads\/2025\/08\/Logo-Siemens-leve.png\" class=\"attachment-full size-full wp-image-6585\" alt=\"\" \/>\t\t\t\t\t\t\t\t\t\t\t\t\t\t\t<\/div>\n\t\t\t\t<\/div>\n\t\t\t\t<\/div>\n\t\t\t\t<div class=\"elementor-element elementor-element-74917f3 elementor-widget elementor-widget-image\" data-id=\"74917f3\" data-element_type=\"widget\" data-e-type=\"widget\" data-widget_type=\"image.default\">\n\t\t\t\t<div class=\"elementor-widget-container\">\n\t\t\t\t\t\t\t\t\t\t\t\t\t\t\t\t<a href=\"https:\/\/www.siemens-healthineers.com\/mx\/clinical-specialities\/neurology\/stroke-care?stc=brhc200338\" target=\"_blank\">\n\t\t\t\t\t\t\t<img decoding=\"async\" width=\"1140\" height=\"356\" src=\"https:\/\/strokebeyondborders.org\/wp-content\/uploads\/2025\/08\/PT_AVC-Banner.jpg\" class=\"attachment-full size-full wp-image-6586\" alt=\"\" \/>\t\t\t\t\t\t\t\t<\/a>\n\t\t\t\t\t\t\t\t\t\t\t\t\t\t\t<\/div>\n\t\t\t\t<\/div>\n\t\t<div class=\"elementor-element elementor-element-7f0853d e-con-full e-flex e-con e-child\" data-id=\"7f0853d\" data-element_type=\"container\" data-e-type=\"container\">\n\t\t\t\t<div class=\"elementor-element elementor-element-a4cc1d5 elementor-widget elementor-widget-heading\" data-id=\"a4cc1d5\" data-element_type=\"widget\" data-e-type=\"widget\" data-widget_type=\"heading.default\">\n\t\t\t\t<div class=\"elementor-widget-container\">\n\t\t\t\t\t<h2 class=\"elementor-heading-title elementor-size-default\">Juntos para una mejor gesti\u00f3n del tratamiento del ictus.<\/h2>\t\t\t\t<\/div>\n\t\t\t\t<\/div>\n\t\t\t\t<div class=\"elementor-element elementor-element-8df7d33 elementor-widget elementor-widget-text-editor\" data-id=\"8df7d33\" data-element_type=\"widget\" data-e-type=\"widget\" data-widget_type=\"text-editor.default\">\n\t\t\t\t<div class=\"elementor-widget-container\">\n\t\t\t\t\t\t\t\t\t<p>Mediante esta alianza con la Organizaci\u00f3n Mundial del Ictus, en Siemens Healthineers nos comprometemos a contribuir a las actividades de educaci\u00f3n, consultor\u00eda y marketing en diversas \u00e1reas de la atenci\u00f3n del ictus, promoviendo la certificaci\u00f3n de hospitales en Latinoam\u00e9rica para mejorar la experiencia del paciente a trav\u00e9s de una atenci\u00f3n eficiente.<\/p>\t\t\t\t\t\t\t\t<\/div>\n\t\t\t\t<\/div>\n\t\t\t\t<div class=\"elementor-element elementor-element-200e17a elementor-widget elementor-widget-video\" data-id=\"200e17a\" data-element_type=\"widget\" data-e-type=\"widget\" data-settings=\"{&quot;youtube_url&quot;:&quot;https:\\\/\\\/www.youtube.com\\\/watch?v=YLREfM8lySo&quot;,&quot;video_type&quot;:&quot;youtube&quot;,&quot;controls&quot;:&quot;yes&quot;}\" data-widget_type=\"video.default\">\n\t\t\t\t<div class=\"elementor-widget-container\">\n\t\t\t\t\t\t\t<div class=\"elementor-wrapper elementor-open-inline\">\n\t\t\t<div class=\"elementor-video\"><\/div>\t\t<\/div>\n\t\t\t\t\t\t<\/div>\n\t\t\t\t<\/div>\n\t\t\t\t<\/div>\n\t\t\t\t<\/div>\n\t\t\t\t\t<\/div>\n\t\t\t\t<\/div>\n\t\t<div class=\"elementor-element elementor-element-1cba14f e-flex e-con-boxed e-con e-parent\" data-id=\"1cba14f\" data-element_type=\"container\" data-e-type=\"container\">\n\t\t\t\t\t<div class=\"e-con-inner\">\n\t\t<div class=\"elementor-element elementor-element-c2ac79f e-con-full e-flex e-con e-child\" data-id=\"c2ac79f\" data-element_type=\"container\" data-e-type=\"container\">\n\t\t<div class=\"elementor-element elementor-element-6d5f136 e-con-full e-flex e-con e-child\" data-id=\"6d5f136\" data-element_type=\"container\" data-e-type=\"container\">\n\t\t\t\t<div class=\"elementor-element elementor-element-70ea0d0 elementor-widget elementor-widget-image\" data-id=\"70ea0d0\" data-element_type=\"widget\" data-e-type=\"widget\" data-widget_type=\"image.default\">\n\t\t\t\t<div class=\"elementor-widget-container\">\n\t\t\t\t\t\t\t\t\t\t\t\t\t\t\t<img decoding=\"async\" width=\"285\" height=\"181\" src=\"https:\/\/strokebeyondborders.org\/wp-content\/uploads\/2025\/08\/Solution.png\" class=\"attachment-full size-full wp-image-4938\" alt=\"\" \/>\t\t\t\t\t\t\t\t\t\t\t\t\t\t\t<\/div>\n\t\t\t\t<\/div>\n\t\t\t\t<div class=\"elementor-element elementor-element-efae791 elementor-widget elementor-widget-heading\" data-id=\"efae791\" data-element_type=\"widget\" data-e-type=\"widget\" data-widget_type=\"heading.default\">\n\t\t\t\t<div class=\"elementor-widget-container\">\n\t\t\t\t\t<h4 class=\"elementor-heading-title elementor-size-default\">Soluciones para accidentes cerebrovasculares<\/h4>\t\t\t\t<\/div>\n\t\t\t\t<\/div>\n\t\t\t\t<div class=\"elementor-element elementor-element-d717f19 elementor-widget elementor-widget-text-editor\" data-id=\"d717f19\" data-element_type=\"widget\" data-e-type=\"widget\" data-widget_type=\"text-editor.default\">\n\t\t\t\t<div class=\"elementor-widget-container\">\n\t\t\t\t\t\t\t\t\t<p>Conozca la evoluci\u00f3n cl\u00ednica de un paciente que ha sufrido un derrame cerebral.<\/p>\t\t\t\t\t\t\t\t<\/div>\n\t\t\t\t<\/div>\n\t\t\t\t<div class=\"elementor-element elementor-element-a84c5e3 elementor-align-center elementor-widget elementor-widget-button\" data-id=\"a84c5e3\" data-element_type=\"widget\" data-e-type=\"widget\" data-widget_type=\"button.default\">\n\t\t\t\t<div class=\"elementor-widget-container\">\n\t\t\t\t\t\t\t\t\t<div class=\"elementor-button-wrapper\">\n\t\t\t\t\t<a class=\"elementor-button elementor-button-link elementor-size-sm\" href=\"https:\/\/www.siemens-healthineers.com\/br\/clinical-specialities\/neurology\/stroke-care?stc=brhc200343#solutions-stroke\" target=\"_blank\">\n\t\t\t\t\t\t<span class=\"elementor-button-content-wrapper\">\n\t\t\t\t\t\t\t\t\t<span class=\"elementor-button-text\">saber<\/span>\n\t\t\t\t\t<\/span>\n\t\t\t\t\t<\/a>\n\t\t\t\t<\/div>\n\t\t\t\t\t\t\t\t<\/div>\n\t\t\t\t<\/div>\n\t\t\t\t<\/div>\n\t\t<div class=\"elementor-element elementor-element-2bb888f e-con-full e-flex e-con e-child\" data-id=\"2bb888f\" data-element_type=\"container\" data-e-type=\"container\">\n\t\t\t\t<div class=\"elementor-element elementor-element-d207320 elementor-widget elementor-widget-image\" data-id=\"d207320\" data-element_type=\"widget\" data-e-type=\"widget\" data-widget_type=\"image.default\">\n\t\t\t\t<div class=\"elementor-widget-container\">\n\t\t\t\t\t\t\t\t\t\t\t\t\t\t\t<img loading=\"lazy\" decoding=\"async\" width=\"285\" height=\"181\" src=\"https:\/\/strokebeyondborders.org\/wp-content\/uploads\/2025\/08\/Educational.png\" class=\"attachment-full size-full wp-image-6587\" alt=\"\" \/>\t\t\t\t\t\t\t\t\t\t\t\t\t\t\t<\/div>\n\t\t\t\t<\/div>\n\t\t\t\t<div class=\"elementor-element elementor-element-d3e2ca5 elementor-widget elementor-widget-heading\" data-id=\"d3e2ca5\" data-element_type=\"widget\" data-e-type=\"widget\" data-widget_type=\"heading.default\">\n\t\t\t\t<div class=\"elementor-widget-container\">\n\t\t\t\t\t<h4 class=\"elementor-heading-title elementor-size-default\">Contenido educativo<\/h4>\t\t\t\t<\/div>\n\t\t\t\t<\/div>\n\t\t\t\t<div class=\"elementor-element elementor-element-094a921 elementor-widget elementor-widget-text-editor\" data-id=\"094a921\" data-element_type=\"widget\" data-e-type=\"widget\" data-widget_type=\"text-editor.default\">\n\t\t\t\t<div class=\"elementor-widget-container\">\n\t\t\t\t\t\t\t\t\t<p>Encuentre estudios e informes t\u00e9cnicos sobre accidentes cerebrovasculares.<\/p>\t\t\t\t\t\t\t\t<\/div>\n\t\t\t\t<\/div>\n\t\t\t\t<div class=\"elementor-element elementor-element-6494457 elementor-align-center elementor-widget elementor-widget-button\" data-id=\"6494457\" data-element_type=\"widget\" data-e-type=\"widget\" data-widget_type=\"button.default\">\n\t\t\t\t<div class=\"elementor-widget-container\">\n\t\t\t\t\t\t\t\t\t<div class=\"elementor-button-wrapper\">\n\t\t\t\t\t<a class=\"elementor-button elementor-button-link elementor-size-sm\" href=\"https:\/\/www.siemens-healthineers.com\/br\/clinical-specialities\/neurology\/stroke-care?stc=brhc200341#educational-supplements\" target=\"_blank\">\n\t\t\t\t\t\t<span class=\"elementor-button-content-wrapper\">\n\t\t\t\t\t\t\t\t\t<span class=\"elementor-button-text\">Encontrar<\/span>\n\t\t\t\t\t<\/span>\n\t\t\t\t\t<\/a>\n\t\t\t\t<\/div>\n\t\t\t\t\t\t\t\t<\/div>\n\t\t\t\t<\/div>\n\t\t\t\t<\/div>\n\t\t<div class=\"elementor-element elementor-element-6ee8afc e-con-full e-flex e-con e-child\" data-id=\"6ee8afc\" data-element_type=\"container\" data-e-type=\"container\">\n\t\t\t\t<div class=\"elementor-element elementor-element-2351574 elementor-widget elementor-widget-image\" data-id=\"2351574\" data-element_type=\"widget\" data-e-type=\"widget\" data-widget_type=\"image.default\">\n\t\t\t\t<div class=\"elementor-widget-container\">\n\t\t\t\t\t\t\t\t\t\t\t\t\t\t\t<img decoding=\"async\" width=\"285\" height=\"181\" src=\"https:\/\/strokebeyondborders.org\/wp-content\/uploads\/2025\/08\/Solution.png\" class=\"attachment-full size-full wp-image-4938\" alt=\"\" \/>\t\t\t\t\t\t\t\t\t\t\t\t\t\t\t<\/div>\n\t\t\t\t<\/div>\n\t\t\t\t<div class=\"elementor-element elementor-element-f66cb57 elementor-widget elementor-widget-heading\" data-id=\"f66cb57\" data-element_type=\"widget\" data-e-type=\"widget\" data-widget_type=\"heading.default\">\n\t\t\t\t<div class=\"elementor-widget-container\">\n\t\t\t\t\t<h4 class=\"elementor-heading-title elementor-size-default\">Visi\u00f3n del futuro<\/h4>\t\t\t\t<\/div>\n\t\t\t\t<\/div>\n\t\t\t\t<div class=\"elementor-element elementor-element-deac3c1 elementor-widget elementor-widget-text-editor\" data-id=\"deac3c1\" data-element_type=\"widget\" data-e-type=\"widget\" data-widget_type=\"text-editor.default\">\n\t\t\t\t<div class=\"elementor-widget-container\">\n\t\t\t\t\t\t\t\t\t<p>Descubre c\u00f3mo hemos digitalizado la atenci\u00f3n m\u00e9dica<\/p>\t\t\t\t\t\t\t\t<\/div>\n\t\t\t\t<\/div>\n\t\t\t\t<div class=\"elementor-element elementor-element-4d2dc8c elementor-align-center elementor-widget elementor-widget-button\" data-id=\"4d2dc8c\" data-element_type=\"widget\" data-e-type=\"widget\" data-widget_type=\"button.default\">\n\t\t\t\t<div class=\"elementor-widget-container\">\n\t\t\t\t\t\t\t\t\t<div class=\"elementor-button-wrapper\">\n\t\t\t\t\t<a class=\"elementor-button elementor-button-link elementor-size-sm\" href=\"https:\/\/www.siemens-healthineers.com\/br\/clinical-specialities\/neurology\/stroke-care?stc=brhc200339#future-vision\" target=\"_blank\">\n\t\t\t\t\t\t<span class=\"elementor-button-content-wrapper\">\n\t\t\t\t\t\t\t\t\t<span class=\"elementor-button-text\">Descubre c\u00f3mo hemos digitalizado la atenci\u00f3n m\u00e9dica.<\/span>\n\t\t\t\t\t<\/span>\n\t\t\t\t\t<\/a>\n\t\t\t\t<\/div>\n\t\t\t\t\t\t\t\t<\/div>\n\t\t\t\t<\/div>\n\t\t\t\t<\/div>\n\t\t\t\t<\/div>\n\t\t\t\t\t<\/div>\n\t\t\t\t<\/div>\n\t\t\t\t<\/div>\n\t\t","protected":false},"excerpt":{"rendered":"<p>Transformando la prestaci\u00f3n de atenci\u00f3n al accidente cerebrovascular Juntos para una mejor gesti\u00f3n del tratamiento del ictus. Mediante esta alianza con la Organizaci\u00f3n Mundial del Ictus, en Siemens Healthineers nos comprometemos a contribuir a las actividades de educaci\u00f3n, consultor\u00eda y marketing en diversas \u00e1reas de la atenci\u00f3n del ictus, promoviendo la certificaci\u00f3n de hospitales en [&hellip;]<\/p>\n","protected":false},"author":1,"featured_media":0,"parent":6248,"menu_order":0,"comment_status":"closed","ping_status":"closed","template":"","meta":{"_acf_changed":false,"footnotes":""},"class_list":["post-6584","page","type-page","status-publish","hentry"],"acf":[],"_links":{"self":[{"href":"https:\/\/strokebeyondborders.org\/es\/wp-json\/wp\/v2\/pages\/6584","targetHints":{"allow":["GET"]}}],"collection":[{"href":"https:\/\/strokebeyondborders.org\/es\/wp-json\/wp\/v2\/pages"}],"about":[{"href":"https:\/\/strokebeyondborders.org\/es\/wp-json\/wp\/v2\/types\/page"}],"author":[{"embeddable":true,"href":"https:\/\/strokebeyondborders.org\/es\/wp-json\/wp\/v2\/users\/1"}],"replies":[{"embeddable":true,"href":"https:\/\/strokebeyondborders.org\/es\/wp-json\/wp\/v2\/comments?post=6584"}],"version-history":[{"count":1,"href":"https:\/\/strokebeyondborders.org\/es\/wp-json\/wp\/v2\/pages\/6584\/revisions"}],"predecessor-version":[{"id":6588,"href":"https:\/\/strokebeyondborders.org\/es\/wp-json\/wp\/v2\/pages\/6584\/revisions\/6588"}],"up":[{"embeddable":true,"href":"https:\/\/strokebeyondborders.org\/es\/wp-json\/wp\/v2\/pages\/6248"}],"wp:attachment":[{"href":"https:\/\/strokebeyondborders.org\/es\/wp-json\/wp\/v2\/media?parent=6584"}],"curies":[{"name":"wp","href":"https:\/\/api.w.org\/{rel}","templated":true}]}}